{"id":2518,"date":"2020-04-30T15:20:54","date_gmt":"2020-04-30T13:20:54","guid":{"rendered":"https:\/\/www.raizverde.com\/?page_id=2518"},"modified":"2026-02-25T10:39:47","modified_gmt":"2026-02-25T09:39:47","slug":"poda-de-arboles","status":"publish","type":"page","link":"https:\/\/www.raizverde.com\/en\/servicios\/poda-de-arboles\/","title":{"rendered":"PODA DE \u00c1RBOLES"},"content":{"rendered":"<div class=\"wpb-content-wrapper\"><div class=\"vc_row wpb_row vc_row-fluid mg-bottom-60\"><div class=\"wpb_column vc_column_container vc_col-sm-12\"><div class=\"vc_column-inner\"><div class=\"wpb_wrapper\">\n\t<div class=\"wpb_text_column wpb_content_element  center heading color-dark text-center\" >\n\t\t<div class=\"wpb_wrapper\">\n\t\t\t<p>En Ra\u00edz Verde ofrecemos un servicio profesional y fiable de poda de \u00e1rboles en todo el \u00e1mbito nacional. Nuestro equipo de arboricultores altamente cualificados y experimentados le ayudar\u00e1 a mejorar la salud, estructura y belleza de sus \u00e1rboles, asegur\u00e1ndose de que sean podados y mantenidos de forma segura y eficaz.<\/p>\n<p>Utilizamos lo \u00faltimo en tecnolog\u00eda y t\u00e9cnicas de poda de \u00e1rboles para proporcionar un servicio de primera categor\u00eda que dejar\u00e1 sus \u00e1rboles sanos y con un aspecto estupendo. Tanto si necesita ayuda con el mantenimiento de un solo \u00e1rbol como si necesita podar toda una propiedad, podemos ayudarle. P\u00f3ngase en contacto con nosotros hoy mismo para reservar su servicio de poda y deje que nos encarguemos de sus \u00e1rboles.<\/p>\n\n\t\t<\/div>\n\t<\/div>\n<\/div><\/div><\/div><\/div><div class=\"vc_row wpb_row vc_row-fluid vc_custom_1698422857070\"><div class=\"wpb_column vc_column_container vc_col-sm-12\"><div class=\"vc_column-inner\"><div class=\"wpb_wrapper\"><div class=\"vc_separator wpb_content_element vc_separator_align_center vc_sep_width_100 vc_sep_pos_align_center vc_sep_color_green wpb_content_element vc_separator-has-text\" ><span class=\"vc_sep_holder vc_sep_holder_l\"><span class=\"vc_sep_line\"><\/span><\/span><h4>Tree pruning<\/h4><span class=\"vc_sep_holder vc_sep_holder_r\"><span class=\"vc_sep_line\"><\/span><\/span>\n<\/div><\/div><\/div><\/div><\/div><div class=\"vc_row wpb_row vc_row-fluid vc_custom_1587747400692 vc_row-o-equal-height vc_row-o-content-middle vc_row-flex\"><div class=\"text-right wpb_column vc_column_container vc_col-sm-12 vc_col-lg-4 vc_col-md-4\"><div class=\"vc_column-inner\"><div class=\"wpb_wrapper\">\n\t<div class=\"wpb_raw_code wpb_raw_html wpb_content_element float_text_right\" >\n\t\t<div class=\"wpb_wrapper\">\n\t\t\t<span class=\"sub-title\">Estamos especializados en la <i><b>poda<\/b><\/i> de cualquier <i><b>\u00e1rbol<\/b><\/i><\/span> <span class=\"service-desc\">Nos encargamos de la poda de todo tipo de \u00e1rboles, sin importar su altura o dimensiones.<\/span>\n\t\t<\/div>\n\t<\/div>\n\n\t<div class=\"wpb_raw_code wpb_raw_html wpb_content_element float_text_right\" >\n\t\t<div class=\"wpb_wrapper\">\n\t\t\t<span class=\"sub-title\">Personal experto<\/span> <span class=\"service-desc\">\nTenemos a disposici\u00f3n un equipo de profesionales especializados en la poda de \u00e1rboles, con amplia experiencia en el rubro.\n<\/span>\n\t\t<\/div>\n\t<\/div>\n<\/div><\/div><\/div><div class=\"wpb_column vc_column_container vc_col-sm-8 vc_col-lg-offset-0 vc_col-lg-4 vc_col-md-offset-0 vc_col-md-4 vc_col-sm-offset-2\"><div class=\"vc_column-inner vc_custom_1587750434375\"><div class=\"wpb_wrapper\"><div class=\"twentytwenty-container\" data-orientation=\"horizontal\" data-offset=\"0.5\" data-navigation=\"move\"><img loading=\"lazy\" decoding=\"async\" class=\"preload-me\" src=\"https:\/\/www.raizverde.com\/wp-content\/uploads\/2020\/04\/pino-antes.jpg\" width=\"285\" height=\"406\"  title=\"Poda de \u00e1rboles Murcia\" alt=\"Tree pruning\"><img loading=\"lazy\" decoding=\"async\" class=\"preload-me\" src=\"https:\/\/www.raizverde.com\/wp-content\/uploads\/2020\/04\/pino-despues.jpg\" width=\"285\" height=\"406\"  title=\"Poda de \u00e1rboles Alicante\" alt=\"Poda de \u00e1rboles Alicante\"><\/div><\/div><\/div><\/div><div class=\"wpb_column vc_column_container vc_col-sm-12 vc_col-lg-4 vc_col-md-4\"><div class=\"vc_column-inner\"><div class=\"wpb_wrapper\">\n\t<div class=\"wpb_raw_code wpb_raw_html wpb_content_element float_text_right\" >\n\t\t<div class=\"wpb_wrapper\">\n\t\t\t<span class=\"sub-title\">Rapidez en la ejecuci\u00f3n, troceo de troncos y la retirada de los restos<\/span> <span class=\"service-desc\">Llevamos a cabo la poda de \u00e1rboles de la forma m\u00e1s veloz y eficaz. Al finalizar, procedemos a realizar el troceo de los troncos y la recogida de restos.<\/span>\n\t\t<\/div>\n\t<\/div>\n\n\t<div class=\"wpb_raw_code wpb_raw_html wpb_content_element float_text_right\" >\n\t\t<div class=\"wpb_wrapper\">\n\t\t\t<span class=\"sub-title\">Asesoramiento personalizado<\/span> <span class=\"service-desc\">Recomendamos podar los ejemplares cuando se observe un crecimiento desproporcionado o un desequilibrio en el peso de sus ramas. Es conveniente ejecutar esta tarea en la \u00e9poca del a\u00f1o recomendada para cada especie.<\/span>\n\t\t<\/div>\n\t<\/div>\n<\/div><\/div><\/div><\/div><div data-vc-full-width=\"true\" data-vc-full-width-temp=\"true\" data-vc-full-width-init=\"false\" data-vc-parallax=\"1.5\" class=\"vc_row wpb_row vc_row-fluid contact-wrapper vc_custom_1687977805289 vc_row-has-fill vc_general vc_parallax vc_parallax-content-moving\"><div class=\"white text-center wpb_column vc_column_container vc_col-sm-12\"><div class=\"vc_column-inner vc_custom_1594665541929\"><div class=\"wpb_wrapper\">\n\t<div class=\"wpb_text_column wpb_content_element  white\" >\n\t\t<div class=\"wpb_wrapper\">\n\t\t\t<p><span class=\"contact-label\">Estamos disponibles para atender cualquier petici\u00f3n sobre la poda de \u00e1rboles o de otro servicio.<\/span><\/p>\n<p><span class=\"contact-label\">Puede contactar con nosotros para cualquier emergencia, inclusive en fin de semana o en d\u00edas festivos.<\/span><\/p>\n<p>Estamos disponibles para usted a trav\u00e9s de cualquiera de estos medios de contacto:<\/p>\n\n\t\t<\/div>\n\t<\/div>\n<div class=\"vc_row wpb_row vc_inner vc_row-fluid\"><div class=\"wpb_column vc_column_container vc_col-sm-1\/5\"><div class=\"vc_column-inner\"><div class=\"wpb_wrapper\"><\/div><\/div><\/div><div class=\"wpb_column vc_column_container vc_col-sm-1\/5\"><div class=\"vc_column-inner\"><div class=\"wpb_wrapper\">\n\t<div class=\"wpb_text_column wpb_content_element  wpb_animate_when_almost_visible wpb_fadeInLeft fadeInLeft vc_custom_1687978170496 text-center text-md-right\" >\n\t\t<div class=\"wpb_wrapper\">\n\t\t\t<p><a class=\"button\" href=\"https:\/\/www.raizverde.com\/en\/contacto\/\" target=\"_self\" rel=\"noopener\">Enviar correo<\/a><\/p>\n\n\t\t<\/div>\n\t<\/div>\n<\/div><\/div><\/div><div class=\"wpb_column vc_column_container vc_col-sm-1\/5\"><div class=\"vc_column-inner\"><div class=\"wpb_wrapper\">\n\t<div class=\"wpb_text_column wpb_content_element  wpb_animate_when_almost_visible wpb_fadeInUp fadeInUp vc_custom_1687978164696 text-center\" >\n\t\t<div class=\"wpb_wrapper\">\n\t\t\t<p><a class=\"button call-conversion\" href=\"tel:644368939\">Llamar<\/a><\/p>\n\n\t\t<\/div>\n\t<\/div>\n<\/div><\/div><\/div><div class=\"wpb_column vc_column_container vc_col-sm-1\/5\"><div class=\"vc_column-inner\"><div class=\"wpb_wrapper\">\n\t<div class=\"wpb_text_column wpb_content_element  wpb_animate_when_almost_visible wpb_fadeInRight fadeInRight vc_custom_1687978176735 text-center text-md-left\" >\n\t\t<div class=\"wpb_wrapper\">\n\t\t\t<p><a class=\"button whatsapp-conversion\" href=\"\/\/api.whatsapp.com\/send?phone=+34644368939\" target=\"_blank\" rel=\"noopener\">Enviar mensaje (Whatsapp)<\/a><\/p>\n\n\t\t<\/div>\n\t<\/div>\n<\/div><\/div><\/div><div class=\"wpb_column vc_column_container vc_col-sm-1\/5\"><div class=\"vc_column-inner\"><div class=\"wpb_wrapper\"><\/div><\/div><\/div><\/div><\/div><\/div><\/div><\/div><div class=\"vc_row-full-width vc_clearfix\"><\/div><div class=\"vc_row wpb_row vc_row-fluid h3-center-400 vc_custom_1588082841816\"><div class=\"wpb_column vc_column_container vc_col-sm-2\"><div class=\"vc_column-inner vc_custom_1587553355902\"><div class=\"wpb_wrapper\"><\/div><\/div><\/div><div class=\"wpb_column vc_column_container vc_col-sm-8\"><div class=\"vc_column-inner\"><div class=\"wpb_wrapper\">\n\t<div class=\"wpb_text_column wpb_content_element  vc_custom_1708365705948 rv-c_primary line-after text-center\" >\n\t\t<div class=\"wpb_wrapper\">\n\t\t\t<h3>Importancia de la Poda de \u00c1rboles para Mantener el Equilibrio y la Limpieza<\/h3>\n<p>La poda de \u00e1rboles es una tarea fundamental en el mantenimiento de jardines y espacios exteriores, crucial tanto para jardineros profesionales como para propietarios de chalets. Sin embargo, realizar la poda sin contar con el equipo o la experiencia adecuados puede representar un riesgo significativo.<\/p>\n<p>Aunque muchos propietarios han llevado a cabo con \u00e9xito la poda de sus \u00e1rboles en el pasado, es importante solicitar la ayuda de expertos cuando los \u00e1rboles alcanzan dimensiones que complican un manejo seguro. Desde <strong>Green Root<\/strong>, subrayamos la importancia de priorizar la seguridad y el bienestar del \u00e1rbol, recomendando para ello la intervenci\u00f3n de especialistas en poda.<\/p>\n<p>At <strong>Green Root<\/strong>, disponemos de un equipo de expertos en poda de \u00e1rboles, preparados con el equipo necesario para realizar trabajos de cualquier envergadura. Nos comprometemos a asegurar no solo la seguridad de nuestros trabajadores sino tambi\u00e9n a promover la salud y est\u00e9tica de tus \u00e1rboles, aplicando <strong><a href=\"https:\/\/www.raizverde.com\/en\/techniques-in-tree-pruning-at-height\/\" target=\"_new\" rel=\"noopener\">t\u00e9cnicas en la poda de altura<\/a><\/strong> avanzadas que respaldan su desarrollo \u00f3ptimo.<\/p>\n\n\t\t<\/div>\n\t<\/div>\n<\/div><\/div><\/div><div class=\"wpb_column vc_column_container vc_col-sm-2\"><div class=\"vc_column-inner\"><div class=\"wpb_wrapper\"><\/div><\/div><\/div><\/div><div class=\"vc_row wpb_row vc_row-fluid vc_custom_1698422857070\"><div class=\"wpb_column vc_column_container vc_col-sm-12\"><div class=\"vc_column-inner\"><div class=\"wpb_wrapper\"><div class=\"vc_separator wpb_content_element vc_separator_align_center vc_sep_width_100 vc_sep_pos_align_center vc_sep_color_green wpb_content_element vc_separator-has-text\" ><span class=\"vc_sep_holder vc_sep_holder_l\"><span class=\"vc_sep_line\"><\/span><\/span><h4>Tree pruning<\/h4><span class=\"vc_sep_holder vc_sep_holder_r\"><span class=\"vc_sep_line\"><\/span><\/span>\n<\/div><\/div><\/div><\/div><\/div><div class=\"vc_row wpb_row vc_row-fluid vc_row-o-equal-height vc_row-o-content-middle vc_row-flex\"><div class=\"wpb_column vc_column_container vc_col-sm-12\"><div class=\"vc_column-inner\"><div class=\"wpb_wrapper\">\n\t<div class=\"wpb_text_column wpb_content_element  vc_custom_1590762588164 rv-c_primary line-after text-center\" >\n\t\t<div class=\"wpb_wrapper\">\n\t\t\t<h3>Experiencia y profesionalidad en la <em><strong>poda<\/strong><\/em> de los siguientes <em><strong>\u00e1rboles<\/strong><\/em><\/h3>\n\n\t\t<\/div>\n\t<\/div>\n\n\t<div class=\"wpb_text_column wpb_content_element  vc_custom_1639822763132 text-center\" >\n\t\t<div class=\"wpb_wrapper\">\n\t\t\t<p>En la poda de \u00e1rboles, la funci\u00f3n principal es mantener el equilibrio en la estructura del \u00e1rbol. Si sus ramas son muy pesadas, con el paso del tiempo pueden ir desviando la trayectoria de los ejemplares. Nuestro objetivo es crear el equilibrio adecuado, para as\u00ed garantizar un crecimiento \u00f3ptimo y natural seg\u00fan el tipo de \u00e1rbol.<\/p>\n\n\t\t<\/div>\n\t<\/div>\n<\/div><\/div><\/div><div class=\"wpb_column vc_column_container vc_col-sm-4\"><div class=\"vc_column-inner\"><div class=\"wpb_wrapper\">\n\t<div  class=\"wpb_single_image wpb_content_element vc_align_center  wpb_animate_when_almost_visible wpb_flipInX flipInX vc_custom_1639822635794\">\n\t\t\n\t\t<figure class=\"wpb_wrapper vc_figure\">\n\t\t\t<div class=\"vc_single_image-wrapper vc_box_shadow_3d  vc_box_border_grey\"><img loading=\"lazy\" decoding=\"async\" width=\"545\" height=\"539\" src=\"https:\/\/www.raizverde.com\/wp-content\/uploads\/2021\/12\/poda_de_pinos.jpg\" class=\"vc_single_image-img attachment-large\" alt=\"Tree pruning\" title=\"poda_de_pinos\" srcset=\"https:\/\/www.raizverde.com\/wp-content\/uploads\/2021\/12\/poda_de_pinos.jpg 545w, https:\/\/www.raizverde.com\/wp-content\/uploads\/2021\/12\/poda_de_pinos-300x297.jpg 300w\" sizes=\"auto, (max-width: 545px) 100vw, 545px\"  data-dt-location=\"https:\/\/www.raizverde.com\/en\/servicios\/poda-de-arboles\/poda_de_pinos-2\/\" \/><\/div>\n\t\t<\/figure>\n\t<\/div>\n<\/div><\/div><\/div><div class=\"justify-text wpb_column vc_column_container vc_col-sm-8\"><div class=\"vc_column-inner\"><div class=\"wpb_wrapper\">\n\t<div class=\"wpb_text_column wpb_content_element  vc_custom_1639821735929\" >\n\t\t<div class=\"wpb_wrapper\">\n\t\t\t<p><span style=\"font-weight: 400;\">Uno de los ejemplares m\u00e1s solicitados para realizar la poda de \u00e1rboles es el <a href=\"https:\/\/es.wikipedia.org\/wiki\/Pinus\" target=\"_blank\" rel=\"noopener noreferrer\">pino<\/a>. Esta es una de las especies aut\u00f3ctonas de nuestra pen\u00ednsula, y por ello son muchas las fincas y chalets que poseen una gran cantidad de pinos.<\/span><\/p>\n\n\t\t<\/div>\n\t<\/div>\n<\/div><\/div><\/div><\/div><div class=\"vc_row wpb_row vc_row-fluid vc_row-o-equal-height vc_row-o-content-middle vc_row-flex\"><div class=\"justify-text wpb_column vc_column_container vc_col-sm-8\"><div class=\"vc_column-inner\"><div class=\"wpb_wrapper\">\n\t<div class=\"wpb_text_column wpb_content_element  vc_custom_1639822811936\" >\n\t\t<div class=\"wpb_wrapper\">\n\t\t\t<p>Otra de las especies m\u00e1s populares son los <a href=\"https:\/\/es.wikipedia.org\/wiki\/Ficus_benjamina\" target=\"_blank\" rel=\"noopener noreferrer\">ficus<\/a>. Su estructura natural y la forma de sus hojas hacen que su aspecto pueda ser muy variable, siendo la est\u00e9tica otro de los objetivos por la que se realiza su poda. Por esta raz\u00f3n, podemos encontrar ejemplares completamente redondeados y otros con forma asim\u00e9trica. El ficus es un ejemplar que permite personalizar su aspecto dependiendo de nuestros gustos o las caracter\u00edsticas de nuestra finca o jard\u00edn.<\/p>\n<blockquote>\n<h4>En ra\u00edz verde contamos con los medios necesarios para efectuar cualquier tipo de poda, no solo poda de \u00e1rboles, de cualquier caracter\u00edstica en su ficus sin importar sus dimensiones.<\/h4>\n<\/blockquote>\n<p>Respecto a los <a href=\"https:\/\/es.wikipedia.org\/wiki\/Cupressus\" target=\"_blank\" rel=\"noopener noreferrer\">cipreses<\/a>, estos son ejemplares que se limitan naturalmente a dos funciones. Por un lado, son muy utilizados para delimitar el linde de una finca o para separar dos espacios diferentes, formando un muro natural. Para lograr este efecto, es necesario actuar como m\u00ednimo una poda anual con el fin de impedir su crecimiento descontrolado y mantener la forma y dimensiones deseadas del conjunto de \u00e1rboles (una acci\u00f3n tambi\u00e9n llamada \u201cpoda de setos\u201d).<\/p>\n\n\t\t<\/div>\n\t<\/div>\n<\/div><\/div><\/div><div class=\"wpb_column vc_column_container vc_col-sm-4\"><div class=\"vc_column-inner\"><div class=\"wpb_wrapper\">\n\t<div  class=\"wpb_single_image wpb_content_element vc_align_center  wpb_animate_when_almost_visible wpb_flipInY flipInY vc_custom_1588253070851\">\n\t\t\n\t\t<figure class=\"wpb_wrapper vc_figure\">\n\t\t\t<div class=\"vc_single_image-wrapper vc_box_shadow_3d  vc_box_border_grey\"><img loading=\"lazy\" decoding=\"async\" width=\"327\" height=\"468\" src=\"https:\/\/www.raizverde.com\/wp-content\/uploads\/2020\/04\/poda_de_ficus.jpg\" class=\"vc_single_image-img attachment-large\" alt=\"Poda de \u00e1rboles Valencia\" title=\"Poda de \u00e1rboles Valencia\" srcset=\"https:\/\/www.raizverde.com\/wp-content\/uploads\/2020\/04\/poda_de_ficus.jpg 327w, https:\/\/www.raizverde.com\/wp-content\/uploads\/2020\/04\/poda_de_ficus-210x300.jpg 210w\" sizes=\"auto, (max-width: 327px) 100vw, 327px\"  data-dt-location=\"https:\/\/www.raizverde.com\/en\/servicios\/poda-de-arboles\/poda_de_ficus\/\" \/><\/div>\n\t\t<\/figure>\n\t<\/div>\n<\/div><\/div><\/div><\/div><div class=\"vc_row wpb_row vc_row-fluid vc_custom_1588239513488 vc_row-o-equal-height vc_row-o-content-middle vc_row-flex\"><div class=\"justify-text wpb_column vc_column_container vc_col-sm-4\"><div class=\"vc_column-inner\"><div class=\"wpb_wrapper\">\n\t<div  class=\"wpb_single_image wpb_content_element vc_align_center  wpb_animate_when_almost_visible wpb_flipInX flipInX vc_custom_1639822621714\">\n\t\t\n\t\t<figure class=\"wpb_wrapper vc_figure\">\n\t\t\t<div class=\"vc_single_image-wrapper vc_box_shadow_3d  vc_box_border_grey\"><img loading=\"lazy\" decoding=\"async\" width=\"545\" height=\"539\" src=\"https:\/\/www.raizverde.com\/wp-content\/uploads\/2021\/12\/poda_ficus_cesta.jpg\" class=\"vc_single_image-img attachment-large\" alt=\"Tree pruning\" title=\"poda_ficus_cesta\" srcset=\"https:\/\/www.raizverde.com\/wp-content\/uploads\/2021\/12\/poda_ficus_cesta.jpg 545w, https:\/\/www.raizverde.com\/wp-content\/uploads\/2021\/12\/poda_ficus_cesta-300x297.jpg 300w\" sizes=\"auto, (max-width: 545px) 100vw, 545px\"  data-dt-location=\"https:\/\/www.raizverde.com\/en\/servicios\/poda-de-arboles\/poda_ficus_cesta-2\/\" \/><\/div>\n\t\t<\/figure>\n\t<\/div>\n<\/div><\/div><\/div><div class=\"justify-text wpb_column vc_column_container vc_col-sm-8\"><div class=\"vc_column-inner\"><div class=\"wpb_wrapper\">\n\t<div class=\"wpb_text_column wpb_content_element  vc_custom_1639822188528\" >\n\t\t<div class=\"wpb_wrapper\">\n\t\t\t<p>En el caso de los <a href=\"https:\/\/es.wikipedia.org\/wiki\/Eucalyptus\" target=\"_blank\" rel=\"noopener noreferrer\">eucaliptos<\/a>, estos se podan con el objeto de que el \u00e1rbol mantenga su equilibrio, puesto que en algunos casos sus ramas pueden crecer casi en cualquier direcci\u00f3n. Al podarlos se puede controlar parcialmente la direcci\u00f3n de crecimiento de dichas ramas y evitar que generen molestias.<\/p>\n<p>Otro de los \u00e1rboles a mencionar son las <a href=\"https:\/\/es.wikipedia.org\/wiki\/Araucaria\" target=\"_blank\" rel=\"noopener noreferrer\">araucarias<\/a>. En este ejemplar, la poda m\u00e1s demandada es la de sus \u201cfaldones\u201d o ramas grandes bajas. Se puede realizar esta poda sin complicaciones, ya que estas ramas vuelven a crecer y no afectan el desarrollo natural del \u00e1rbol.<\/p>\n\n\t\t<\/div>\n\t<\/div>\n<\/div><\/div><\/div><\/div><div class=\"vc_row wpb_row vc_row-fluid vc_custom_1588100556018\"><div class=\"wpb_column vc_column_container vc_col-sm-6\"><div class=\"vc_column-inner\"><div class=\"wpb_wrapper\">\n\t<div class=\"wpb_raw_code wpb_raw_html wpb_content_element\" >\n\t\t<div class=\"wpb_wrapper\">\n\t\t\t<div class=\"service-title\">\n    <i class=\"service-icon float-right rv_icon icon-motosierra\"><\/i>\n    <h3 class=\"service-feature heading-color\">\u00bfCu\u00e1les son las herramientas necesarias para podar?<\/h3>\n<\/div>\n<span class=\"service-desc\">\n  <ul class=\"service-list\">\n    <li><span class=\"rv_icon icon-palmera heading-color\"><\/span> Serrucho de mano.<\/li>\n    <li><span class=\"rv_icon icon-palmera heading-color\"><\/span> Serrucho de p\u00e9rtiga.<\/li>\n    <li><span class=\"rv_icon icon-palmera heading-color\"><\/span> Motosierras de todas las dimensiones.<\/li>\n  <\/ul>\n<\/span>\n\t\t<\/div>\n\t<\/div>\n<\/div><\/div><\/div><div class=\"wpb_column vc_column_container vc_col-sm-6\"><div class=\"vc_column-inner\"><div class=\"wpb_wrapper\">\n\t<div class=\"wpb_raw_code wpb_raw_html wpb_content_element\" >\n\t\t<div class=\"wpb_wrapper\">\n\t\t\t<div class=\"service-title\">\n  <i class=\"service-icon float-right rv_icon icon-arbol\"><\/i>\n  <h3 class=\"service-feature heading-color\">\u00bfCu\u00e1les son los m\u00e9todos para la poda de \u00e1rboles?<\/h3>\n<\/div>\n<span class=\"service-desc\">\n  <ul class=\"service-list\">\n    <li><span class=\"rv_icon icon-palmera heading-color\"><\/span> Un profesional arbolista con experiencia accede por el tronco hasta las ramas que desea podar.\n<\/li>\n    <li><span class=\"rv_icon icon-palmera heading-color\"><\/span> Con la ayuda de un cami\u00f3n cesta o cualquier tipo de plataforma elevado.<\/li>\n  <\/ul>\n<\/span>\n\t\t<\/div>\n\t<\/div>\n<\/div><\/div><\/div><\/div><div class=\"vc_row wpb_row vc_row-fluid vc_custom_1621347794228\"><div class=\"wpb_column vc_column_container vc_col-sm-2\"><div class=\"vc_column-inner\"><div class=\"wpb_wrapper\"><\/div><\/div><\/div><div class=\"wpb_column vc_column_container vc_col-sm-8\"><div class=\"vc_column-inner\"><div class=\"wpb_wrapper\">\n\t<div class=\"wpb_text_column wpb_content_element  text-center\" >\n\t\t<div class=\"wpb_wrapper\">\n\t\t\t<blockquote>\n<h3>Consejos de jardiner\u00eda:<\/h3>\n<p>Elige plantas nativas: Selecciona plantas nativas de tu regi\u00f3n, ya que est\u00e1n adaptadas al clima y requieren menos mantenimiento y recursos.\n<\/p><\/blockquote>\n\n\t\t<\/div>\n\t<\/div>\n<\/div><\/div><\/div><div class=\"wpb_column vc_column_container vc_col-sm-2\"><div class=\"vc_column-inner\"><div class=\"wpb_wrapper\"><\/div><\/div><\/div><\/div><div class=\"vc_row wpb_row vc_row-fluid vc_custom_1621347794228\"><div class=\"wpb_column vc_column_container vc_col-sm-2\"><div class=\"vc_column-inner\"><div class=\"wpb_wrapper\"><\/div><\/div><\/div><div class=\"wpb_column vc_column_container vc_col-sm-8\"><div class=\"vc_column-inner\"><div class=\"wpb_wrapper\">\n\t<div class=\"wpb_text_column wpb_content_element  text-center\" >\n\t\t<div class=\"wpb_wrapper\">\n\t\t\t<p>\u00bfTiene un \u00e1rbol que necesita un poco de cari\u00f1o? No busque m\u00e1s, \u00a1poda de \u00e1rboles! Estamos especializados en la poda de cualquier \u00e1rbol y nos encargamos de la poda de todo tipo de \u00e1rboles, independientemente de su altura o dimensiones. Tanto si quieres mantener tu \u00e1rbol sano y fuerte como si s\u00f3lo quieres darle un peque\u00f1o lavado de cara, te tenemos cubierto. P\u00f3ngase en contacto con nosotros hoy mismo para concertar su cita.<\/p>\n\n\t\t<\/div>\n\t<\/div>\n<\/div><\/div><\/div><div class=\"wpb_column vc_column_container vc_col-sm-2\"><div class=\"vc_column-inner\"><div class=\"wpb_wrapper\"><\/div><\/div><\/div><\/div>\n<\/div>","protected":false},"excerpt":{"rendered":"<p>En Ra\u00edz Verde ofrecemos un servicio profesional y fiable de poda de \u00e1rboles en todo el \u00e1mbito nacional. Nuestro equipo de arboricultores altamente cualificados y experimentados le ayudar\u00e1 a mejorar la salud, estructura y belleza de sus \u00e1rboles, asegur\u00e1ndose de que sean podados y mantenidos de forma segura y eficaz. Utilizamos lo \u00faltimo en tecnolog\u00eda&hellip;<\/p>","protected":false},"author":1,"featured_media":2649,"parent":1434,"menu_order":0,"comment_status":"closed","ping_status":"closed","template":"","meta":{"give_campaign_id":0,"inline_featured_image":false,"footnotes":""},"class_list":["post-2518","page","type-page","status-publish","has-post-thumbnail","hentry","description-off"],"campaignId":"","_links":{"self":[{"href":"https:\/\/www.raizverde.com\/en\/wp-json\/wp\/v2\/pages\/2518","targetHints":{"allow":["GET"]}}],"collection":[{"href":"https:\/\/www.raizverde.com\/en\/wp-json\/wp\/v2\/pages"}],"about":[{"href":"https:\/\/www.raizverde.com\/en\/wp-json\/wp\/v2\/types\/page"}],"author":[{"embeddable":true,"href":"https:\/\/www.raizverde.com\/en\/wp-json\/wp\/v2\/users\/1"}],"replies":[{"embeddable":true,"href":"https:\/\/www.raizverde.com\/en\/wp-json\/wp\/v2\/comments?post=2518"}],"version-history":[{"count":8,"href":"https:\/\/www.raizverde.com\/en\/wp-json\/wp\/v2\/pages\/2518\/revisions"}],"predecessor-version":[{"id":6842,"href":"https:\/\/www.raizverde.com\/en\/wp-json\/wp\/v2\/pages\/2518\/revisions\/6842"}],"up":[{"embeddable":true,"href":"https:\/\/www.raizverde.com\/en\/wp-json\/wp\/v2\/pages\/1434"}],"wp:featuredmedia":[{"embeddable":true,"href":"https:\/\/www.raizverde.com\/en\/wp-json\/wp\/v2\/media\/2649"}],"wp:attachment":[{"href":"https:\/\/www.raizverde.com\/en\/wp-json\/wp\/v2\/media?parent=2518"}],"curies":[{"name":"wp","href":"https:\/\/api.w.org\/{rel}","templated":true}]}}