{"id":2731,"date":"2020-05-07T15:10:53","date_gmt":"2020-05-07T13:10:53","guid":{"rendered":"https:\/\/www.raizverde.com\/?page_id=2731"},"modified":"2026-02-25T10:45:54","modified_gmt":"2026-02-25T09:45:54","slug":"tala-de-arboles","status":"publish","type":"page","link":"https:\/\/www.raizverde.com\/en\/servicios\/tala-de-arboles\/","title":{"rendered":"TALA DE \u00c1RBOLES"},"content":{"rendered":"<div class=\"wpb-content-wrapper\"><div class=\"vc_row wpb_row vc_row-fluid vc_custom_1588356209427\"><div class=\"wpb_column vc_column_container vc_col-sm-12\"><div class=\"vc_column-inner\"><div class=\"wpb_wrapper\">\n\t<div class=\"wpb_text_column wpb_content_element  center heading color-dark text-center\" >\n\t\t<div class=\"wpb_wrapper\">\n\t\t\t<p>En Ra\u00edz Verde utilizamos las \u00faltimas herramientas y t\u00e9cnicas para asegurar que sus necesidades de tala de \u00e1rboles sean atendidas de forma r\u00e1pida y segura. Nuestro experimentado equipo tiene los conocimientos y habilidades para manejar cualquier proyecto de tala, grande o peque\u00f1o. Con nuestros servicios de tala, puede estar seguro de que su proyecto se completar\u00e1 con precisi\u00f3n y eficacia.<\/p>\n\n\t\t<\/div>\n\t<\/div>\n<\/div><\/div><\/div><\/div><div class=\"vc_row wpb_row vc_row-fluid vc_custom_1588356209427\"><div class=\"wpb_column vc_column_container vc_col-sm-12\"><div class=\"vc_column-inner\"><div class=\"wpb_wrapper\">\n\t<div class=\"wpb_text_column wpb_content_element  vc_custom_1639826089050\" >\n\t\t<div class=\"wpb_wrapper\">\n\t\t\t<p>En Ra\u00edz Verde somos expertos en la tala o corte de cualquier tipo de \u00e1rbol, sin importar sus dimensiones o las dificultades que se presenten. Es muy importante que esta labor sea ejecutada por especialistas, ya que es una actividad riesgosa que puede poner en peligro a los trabajadores y las infraestructuras cercanas. Una vez realizada la tala de \u00e1rboles pertinente, procedemos a la <a href=\"https:\/\/www.raizverde.com\/en\/servicios\/recogida-de-podas\/\">recogida de restos<\/a> para su correcto proceso y siempre cuidando del medioambiente.<\/p>\n\n\t\t<\/div>\n\t<\/div>\n<\/div><\/div><\/div><\/div><div class=\"vc_row wpb_row vc_row-fluid h3-center-400 vc_custom_1588082841816\"><div class=\"wpb_column vc_column_container vc_col-sm-12\"><div class=\"vc_column-inner vc_custom_1587553355902\"><div class=\"wpb_wrapper\">\n\t<div class=\"wpb_text_column wpb_content_element  vc_custom_1588857571844 rv-c_primary text-center line-after\" >\n\t\t<div class=\"wpb_wrapper\">\n\t\t\t<h3>\u00bfCu\u00e1ndo debemos <strong><em>talar nuestro \u00e1rbo<\/em><\/strong>l?<\/h3>\n\n\t\t<\/div>\n\t<\/div>\n\n\t<div class=\"wpb_text_column wpb_content_element\" >\n\t\t<div class=\"wpb_wrapper\">\n\t\t\t<p>Son varios los motivos por los que se decide cortar o talar \u00e1rboles. Cada situaci\u00f3n es particular y por ello desde Ra\u00edz Verde recomendamos que esta decisi\u00f3n sea consultada con un especialista, que recomendar\u00e1 la mejor alternativa seg\u00fan cada caso.<\/p>\n\n\t\t<\/div>\n\t<\/div>\n<div class=\"vc_row wpb_row vc_inner vc_row-fluid vc_custom_1588349802928 vc_row-o-equal-height vc_row-o-content-middle vc_row-flex\"><div class=\"wpb_column vc_column_container vc_col-sm-8\"><div class=\"vc_column-inner\"><div class=\"wpb_wrapper\">\n\t<div class=\"wpb_text_column wpb_content_element  vc_custom_1590770334057 rv-c_primary\" >\n\t\t<div class=\"wpb_wrapper\">\n\t\t\t<h3>Motivos por los que se debe <strong><em>talar un \u00e1rbol<\/em><\/strong><\/h3>\n\n\t\t<\/div>\n\t<\/div>\n<div class=\"uavc-list-icon uavc-list-icon-wrapper ult-adjust-bottom-margin\"><ul class=\"uavc-list\"><li><div class=\"uavc-list-content\" id=\"list-icon-wrap-5590\">\n<div class=\"uavc-list-icon\" data-animation=\"\" data-animation-delay=\"03\" style=\"margin-right:15px;\"><div class=\"ult-just-icon-wrapper\"><div class=\"align-icon\" style=\"text-align:center;\">\n<div class=\"aio-icon square\"  style=\"color:#ffffff;background:#75b325;font-size:30px;display:inline-block;\">\n\t<i class=\"icomoon-the7-font-the7-arrow-07\"><\/i>\n<\/div><\/div><\/div>\n<\/div><span  data-ultimate-target='#list-icon-wrap-5590 .uavc-list-desc'  data-responsive-json-new='{\"font-size\":\"\",\"line-height\":\"\"}'  class=\"uavc-list-desc ult-responsive\" style=\"\"><\/p>\n<h3 class=\"service-reason\">ALTO RIESGO DE CA\u00cdDA<\/h3>\n<p>Una de las consecuencias de no podar correctamente los \u00e1rboles es su desviaci\u00f3n en el crecimiento. Debido al desequilibrio de sus ramas, el \u00e1rbol puede desarrollar una inclinaci\u00f3n demasiado pronunciada que podr\u00eda terminar en una ca\u00edda del ejemplar, amenazando alguna infraestructura cercana o una zona de paso.<\/p>\n<p>Desde Ra\u00edz Verde, recomendamos consultar a uno de nuestros especialistas si se observa una desviaci\u00f3n en uno o varios \u00e1rboles para que determine si hay probabilidad de ca\u00edda. Si el riesgo es alto y no se efect\u00faa la tala a tiempo, el \u00e1rbol podr\u00eda caer inesperadamente como consecuencia de fuertes vientos o tormentas.<\/span><\/div><\/li><li><div class=\"uavc-list-content\" id=\"list-icon-wrap-5793\">\n<div class=\"uavc-list-icon\" data-animation=\"\" data-animation-delay=\"03\" style=\"margin-right:15px;\"><div class=\"ult-just-icon-wrapper\"><div class=\"align-icon\" style=\"text-align:center;\">\n<div class=\"aio-icon square\"  style=\"color:#ffffff;background:#75b325;font-size:30px;display:inline-block;\">\n\t<i class=\"icomoon-the7-font-the7-arrow-07\"><\/i>\n<\/div><\/div><\/div>\n<\/div><span  data-ultimate-target='#list-icon-wrap-5793 .uavc-list-desc'  data-responsive-json-new='{\"font-size\":\"\",\"line-height\":\"\"}'  class=\"uavc-list-desc ult-responsive\" style=\"\"><\/p>\n<h3 class=\"service-reason\">CONSTRUCCIONES O EDIFICACIONES<\/h3>\n<p>En algunas ocasiones, es muy necesaria la tala de \u00e1rboles para dar paso a nuevas construcciones como pueden ser carreteras, l\u00edneas de tren, casas o edificios. Es importante saber que esta acci\u00f3n debe ser aprobada por las autoridades pertinentes, ya que se trata de una modificaci\u00f3n del ecosistema del lugar.<\/p>\n<p>Adem\u00e1s, en el territorio espa\u00f1ol todos los ejemplares que tengan m\u00e1s de 100 a\u00f1os de antig\u00fcedad se encuentran protegidos.<\/span><\/div><\/li><\/ul><\/div><\/div><\/div><\/div><div class=\"wpb_column vc_column_container vc_col-sm-4\"><div class=\"vc_column-inner\"><div class=\"wpb_wrapper\">\n\t<div  class=\"wpb_single_image wpb_content_element vc_align_center  vc_custom_1588857473122\">\n\t\t\n\t\t<figure class=\"wpb_wrapper vc_figure\">\n\t\t\t<div class=\"vc_single_image-wrapper vc_box_shadow_3d  vc_box_border_grey\"><img loading=\"lazy\" decoding=\"async\" width=\"370\" height=\"555\" src=\"https:\/\/www.raizverde.com\/wp-content\/uploads\/2020\/05\/tala-de-arboles.jpg\" class=\"vc_single_image-img attachment-large\" alt=\"Tree felling\" title=\"Tree felling\" srcset=\"https:\/\/www.raizverde.com\/wp-content\/uploads\/2020\/05\/tala-de-arboles.jpg 370w, https:\/\/www.raizverde.com\/wp-content\/uploads\/2020\/05\/tala-de-arboles-200x300.jpg 200w\" sizes=\"auto, (max-width: 370px) 100vw, 370px\"  data-dt-location=\"https:\/\/www.raizverde.com\/en\/servicios\/tala-de-arboles\/tala-de-arboles-3\/\" \/><\/div>\n\t\t<\/figure>\n\t<\/div>\n<\/div><\/div><\/div><\/div><\/div><\/div><\/div><\/div><div data-vc-full-width=\"true\" data-vc-full-width-temp=\"true\" data-vc-full-width-init=\"false\" data-vc-parallax=\"1.5\" class=\"vc_row wpb_row vc_row-fluid contact-wrapper vc_custom_1687977805289 vc_row-has-fill vc_general vc_parallax vc_parallax-content-moving\"><div class=\"white text-center wpb_column vc_column_container vc_col-sm-2\"><div class=\"vc_column-inner vc_custom_1594665541929\"><div class=\"wpb_wrapper\"><\/div><\/div><\/div><div class=\"wpb_column vc_column_container vc_col-sm-8\"><div class=\"vc_column-inner\"><div class=\"wpb_wrapper\"><div class=\"vc_empty_space\"   style=\"height: 32px\"><span class=\"vc_empty_space_inner\"><\/span><\/div>\n\t<div class=\"wpb_text_column wpb_content_element  vc_custom_1728472993660 white gran\" >\n\t\t<div class=\"wpb_wrapper\">\n\t\t\t<p><span class=\"contact-label\">Para realizar trabajos de tala de forma correcta, es necesario contar con el personal y las herramientas adecuadas.<\/span><\/p>\n\n\t\t<\/div>\n\t<\/div>\n<\/div><\/div><\/div><div class=\"wpb_column vc_column_container vc_col-sm-2\"><div class=\"vc_column-inner\"><div class=\"wpb_wrapper\"><\/div><\/div><\/div><\/div><div class=\"vc_row-full-width vc_clearfix\"><\/div><div class=\"vc_row wpb_row vc_row-fluid vc_custom_1688072734813\"><div class=\"wpb_column vc_column_container vc_col-sm-12\"><div class=\"vc_column-inner\"><div class=\"wpb_wrapper\"><div class=\"vc_separator wpb_content_element vc_separator_align_center vc_sep_width_100 vc_sep_pos_align_center vc_sep_color_green wpb_content_element vc_separator-has-text\" ><span class=\"vc_sep_holder vc_sep_holder_l\"><span class=\"vc_sep_line\"><\/span><\/span><h4>Tree felling<\/h4><span class=\"vc_sep_holder vc_sep_holder_r\"><span class=\"vc_sep_line\"><\/span><\/span>\n<\/div><\/div><\/div><\/div><\/div><div class=\"vc_row wpb_row vc_row-fluid h3-center-400 vc_custom_1588082841816\"><div class=\"wpb_column vc_column_container vc_col-sm-12\"><div class=\"vc_column-inner vc_custom_1587553355902\"><div class=\"wpb_wrapper\">\n\t<div class=\"wpb_text_column wpb_content_element  vc_custom_1648573180124 rv-c_primary text-center line-after\" >\n\t\t<div class=\"wpb_wrapper\">\n\t\t\t<h3>M\u00e9todos para llevar a cabo el trabajo de <strong>tala de \u00e1rboles<\/strong><\/h3>\n\n\t\t<\/div>\n\t<\/div>\n<div class=\"vc_row wpb_row vc_inner vc_row-fluid vc_custom_1588349802928 vc_row-o-equal-height vc_row-o-content-middle vc_row-flex\"><div class=\"wpb_column vc_column_container vc_col-sm-4\"><div class=\"vc_column-inner\"><div class=\"wpb_wrapper\">\n\t<div  class=\"wpb_single_image wpb_content_element vc_align_center  vc_custom_1588587207390\">\n\t\t\n\t\t<figure class=\"wpb_wrapper vc_figure\">\n\t\t\t<div class=\"vc_single_image-wrapper vc_box_shadow_3d  vc_box_border_grey\"><img loading=\"lazy\" decoding=\"async\" width=\"370\" height=\"278\" src=\"https:\/\/www.raizverde.com\/wp-content\/uploads\/2020\/05\/tala-de-arboles-alicante.jpg\" class=\"vc_single_image-img attachment-large\" alt=\"Tala de \u00e1rboles Alicante\" title=\"Tala de \u00e1rboles Alicante\" srcset=\"https:\/\/www.raizverde.com\/wp-content\/uploads\/2020\/05\/tala-de-arboles-alicante.jpg 370w, https:\/\/www.raizverde.com\/wp-content\/uploads\/2020\/05\/tala-de-arboles-alicante-300x225.jpg 300w\" sizes=\"auto, (max-width: 370px) 100vw, 370px\"  data-dt-location=\"https:\/\/www.raizverde.com\/en\/servicios\/tala-de-arboles\/tala-de-arboles-alicante\/\" \/><\/div>\n\t\t<\/figure>\n\t<\/div>\n<\/div><\/div><\/div><div class=\"wpb_column vc_column_container vc_col-sm-8\"><div class=\"vc_column-inner\"><div class=\"wpb_wrapper\"><div class=\"uavc-list-icon uavc-list-icon-wrapper ult-adjust-bottom-margin\"><ul class=\"uavc-list\"><li><div class=\"uavc-list-content\" id=\"list-icon-wrap-1414\">\n<div class=\"uavc-list-icon\" data-animation=\"\" data-animation-delay=\"03\" style=\"margin-right:15px;\"><div class=\"ult-just-icon-wrapper\"><div class=\"align-icon\" style=\"text-align:center;\">\n<div class=\"aio-icon square\"  style=\"color:#ffffff;background:#75b325;font-size:30px;display:inline-block;\">\n\t<i class=\"icomoon-the7-font-the7-arrow-07\"><\/i>\n<\/div><\/div><\/div>\n<\/div><span  data-ultimate-target='#list-icon-wrap-1414 .uavc-list-desc'  data-responsive-json-new='{\"font-size\":\"\",\"line-height\":\"\"}'  class=\"uavc-list-desc ult-responsive\" style=\"\"><\/p>\n<h3 class=\"service-reason\">T\u00c9CNICA DE APEO<\/h3>\n<p>En esta t\u00e9cnica el especialista va subiendo desde la base del ejemplar hasta la copa, quitando progresivamente las ramas del \u00e1rbol. Al llegar a la copa, comienza a cortar el tronco en trozos f\u00e1ciles de manejar de arriba hacia abajo, hasta finalizar la tala por completo.<\/span><\/div><\/li><li><div class=\"uavc-list-content\" id=\"list-icon-wrap-8662\">\n<div class=\"uavc-list-icon\" data-animation=\"\" data-animation-delay=\"03\" style=\"margin-right:15px;\"><div class=\"ult-just-icon-wrapper\"><div class=\"align-icon\" style=\"text-align:center;\">\n<div class=\"aio-icon square\"  style=\"color:#ffffff;background:#75b325;font-size:30px;display:inline-block;\">\n\t<i class=\"icomoon-the7-font-the7-arrow-07\"><\/i>\n<\/div><\/div><\/div>\n<\/div><span  data-ultimate-target='#list-icon-wrap-8662 .uavc-list-desc'  data-responsive-json-new='{\"font-size\":\"\",\"line-height\":\"\"}'  class=\"uavc-list-desc ult-responsive\" style=\"\"><\/p>\n<h3 class=\"service-reason\">T\u00c9CNICA DE EMBRAGUE CON GR\u00daAS<\/h3>\n<p>En estos casos, se realiza la tarea en conjunto con una gr\u00faa cuyas caracter\u00edsticas son acordes a las dimensiones y peso del \u00e1rbol a talar. La elecci\u00f3n de la gr\u00faa es responsabilidad del arborista encargado del trabajo.<\/p>\n<p>Mediante este m\u00e9todo, se aseguran los trozos y ramas del \u00e1rbol con la gr\u00faa y el arborista ejecuta el corte por debajo de los agarres, permitiendo as\u00ed retirar los trozos poco a poco y desmontar el \u00e1rbol completamente.<\/span><\/div><\/li><\/ul><\/div><\/div><\/div><\/div><\/div><div class=\"vc_row wpb_row vc_inner vc_row-fluid vc_custom_1588356028289 vc_row-o-equal-height vc_row-o-content-middle vc_row-flex\"><div class=\"wpb_column vc_column_container vc_col-sm-8\"><div class=\"vc_column-inner\"><div class=\"wpb_wrapper\"><div class=\"uavc-list-icon uavc-list-icon-wrapper ult-adjust-bottom-margin\"><ul class=\"uavc-list\"><li><div class=\"uavc-list-content\" id=\"list-icon-wrap-1061\">\n<div class=\"uavc-list-icon\" data-animation=\"\" data-animation-delay=\"03\" style=\"margin-right:15px;\"><div class=\"ult-just-icon-wrapper\"><div class=\"align-icon\" style=\"text-align:center;\">\n<div class=\"aio-icon square\"  style=\"color:#ffffff;background:#75b325;font-size:30px;display:inline-block;\">\n\t<i class=\"icomoon-the7-font-the7-arrow-07\"><\/i>\n<\/div><\/div><\/div>\n<\/div><span  data-ultimate-target='#list-icon-wrap-1061 .uavc-list-desc'  data-responsive-json-new='{\"font-size\":\"\",\"line-height\":\"\"}'  class=\"uavc-list-desc ult-responsive\" style=\"\"><\/p>\n<h3 class=\"service-reason\">ABATIMIENTO COMPLETO<\/h3>\n<p>Existen situaciones en las que el \u00e1rbol que se debe talar se encuentra en un lugar con el suficiente espacio para permitir su abatimiento completo. En algunos casos tambi\u00e9n se utiliza una gr\u00faa, para dirigir el ejemplar y que no tenga una ca\u00edda tan brusca. Esta pr\u00e1ctica se realiza sujetando el ejemplar con la gr\u00faa mientras el arbolista efect\u00faa un corte en la base.<\/p>\n<p>Al terminar con el corte, la gr\u00faa se encargar\u00e1 de llevar el ejemplar al suelo lentamente. De esta manera, se evitan posibles da\u00f1os materiales en las infraestructuras cercanas al \u00e1rbol. En los casos en los que no se puede utilizar una gr\u00faa, los arbolistas pueden emplear una tr\u00f3cola, que sirve para asegurar la direcci\u00f3n de la ca\u00edda del \u00e1rbol mediante tensores.<\/span><\/div><\/li><li><div class=\"uavc-list-content\" id=\"list-icon-wrap-6469\">\n<div class=\"uavc-list-icon\" data-animation=\"\" data-animation-delay=\"03\" style=\"margin-right:15px;\"><div class=\"ult-just-icon-wrapper\"><div class=\"align-icon\" style=\"text-align:center;\">\n<div class=\"aio-icon square\"  style=\"color:#ffffff;background:#75b325;font-size:30px;display:inline-block;\">\n\t<i class=\"icomoon-the7-font-the7-arrow-07\"><\/i>\n<\/div><\/div><\/div>\n<\/div><span  data-ultimate-target='#list-icon-wrap-6469 .uavc-list-desc'  data-responsive-json-new='{\"font-size\":\"\",\"line-height\":\"\"}'  class=\"uavc-list-desc ult-responsive\" style=\"\"><\/p>\n<h3 class=\"service-reason\">TALA CON CAMI\u00d3N CESTA O PLATAFORMA ELEVADORA<\/h3>\n<p>Dicha plataforma es utilizada para acceder desde la parte baja del \u00e1rbol hasta su punto m\u00e1s alto, cuando el ejemplar es de grandes dimensiones. La operaci\u00f3n se lleva a cabo igual que en la primera opci\u00f3n, el operario va cortando ramas seg\u00fan va ascendiendo y una vez arriba, va troceando el ejemplar hasta desmontarlo por completo.<\/p>\n<p>Es importante tener en cuenta las dimensiones de la plataforma elevadora, que deben ser las adecuadas para realizar el trabajo correctamente. De no ser as\u00ed, el arbolista puede verse obligado a realizar un corte demasiado grande y que no pueda dirigir, pudiendo ocasionar alg\u00fan tipo de da\u00f1o en el entorno.<\/p>\n<p>En Ra\u00edz Verde contamos con plataformas de distintas caracter\u00edsticas y seleccionamos la m\u00e1s adecuada seg\u00fan cada caso en particular.<\/span><\/div><\/li><\/ul><\/div><\/div><\/div><\/div><div class=\"wpb_column vc_column_container vc_col-sm-4\"><div class=\"vc_column-inner\"><div class=\"wpb_wrapper\">\n\t<div  class=\"wpb_single_image wpb_content_element vc_align_center  vc_custom_1588587238111\">\n\t\t\n\t\t<figure class=\"wpb_wrapper vc_figure\">\n\t\t\t<div class=\"vc_single_image-wrapper vc_box_shadow_3d  vc_box_border_grey\"><img loading=\"lazy\" decoding=\"async\" width=\"370\" height=\"278\" src=\"https:\/\/www.raizverde.com\/wp-content\/uploads\/2020\/05\/tala-de-palmeras-valencia.jpg\" class=\"vc_single_image-img attachment-large\" alt=\"Tala de \u00e1rboles Valencia\" title=\"Tala de \u00e1rboles Valencia\" srcset=\"https:\/\/www.raizverde.com\/wp-content\/uploads\/2020\/05\/tala-de-palmeras-valencia.jpg 370w, https:\/\/www.raizverde.com\/wp-content\/uploads\/2020\/05\/tala-de-palmeras-valencia-300x225.jpg 300w\" sizes=\"auto, (max-width: 370px) 100vw, 370px\"  data-dt-location=\"https:\/\/www.raizverde.com\/en\/servicios\/tala-de-arboles\/tala-de-palmeras-valencia\/\" \/><\/div>\n\t\t<\/figure>\n\t<\/div>\n<\/div><\/div><\/div><\/div><div class=\"vc_row wpb_row vc_inner vc_row-fluid\"><div class=\"wpb_column vc_column_container vc_col-sm-12\"><div class=\"vc_column-inner\"><div class=\"wpb_wrapper\">\n\t<div class=\"wpb_text_column wpb_content_element\" >\n\t\t<div class=\"wpb_wrapper\">\n\t\t\t<blockquote><p>\nDesde la empresa recomendamos que posteriormente a la <strong><em>tala de un \u00e1rbol<\/em><\/strong> se proceda a la plantaci\u00f3n de otro ejemplar mas peque\u00f1o en un lugar estrat\u00e9gico del entorno\n<\/p><\/blockquote>\n\n\t\t<\/div>\n\t<\/div>\n<\/div><\/div><\/div><\/div><\/div><\/div><\/div><\/div><div data-vc-full-width=\"true\" data-vc-full-width-temp=\"true\" data-vc-full-width-init=\"false\" data-vc-parallax=\"1.5\" class=\"vc_row wpb_row vc_row-fluid contact-wrapper vc_custom_1687977805289 vc_row-has-fill vc_general vc_parallax vc_parallax-content-moving\"><div class=\"white text-center wpb_column vc_column_container vc_col-sm-12\"><div class=\"vc_column-inner vc_custom_1594665541929\"><div class=\"wpb_wrapper\">\n\t<div class=\"wpb_text_column wpb_content_element  vc_custom_1728473226773 white\" >\n\t\t<div class=\"wpb_wrapper\">\n\t\t\t<p><span class=\"contact-label\">Si surge alguna pregunta o necesita asesoramiento, no dude en comunicarse con nosotros. Ser\u00e1 un placer atenderle.<\/span><\/p>\n<p>En Ra\u00edz verde estamos siempre disponibles para atender cualquier consulta o emergencia en cualquier momento, incluso en fin de semana o festivos.<\/p>\n\n\t\t<\/div>\n\t<\/div>\n<div class=\"vc_row wpb_row vc_inner vc_row-fluid\"><div class=\"wpb_column vc_column_container vc_col-sm-1\/5\"><div class=\"vc_column-inner\"><div class=\"wpb_wrapper\"><\/div><\/div><\/div><div class=\"wpb_column vc_column_container vc_col-sm-1\/5\"><div class=\"vc_column-inner\"><div class=\"wpb_wrapper\">\n\t<div class=\"wpb_text_column wpb_content_element  wpb_animate_when_almost_visible wpb_fadeInLeft fadeInLeft vc_custom_1687978170496 text-center text-md-right\" >\n\t\t<div class=\"wpb_wrapper\">\n\t\t\t<p><a class=\"button\" href=\"https:\/\/www.raizverde.com\/en\/contacto\/\" target=\"_self\" rel=\"noopener\">Enviar correo<\/a><\/p>\n\n\t\t<\/div>\n\t<\/div>\n<\/div><\/div><\/div><div class=\"wpb_column vc_column_container vc_col-sm-1\/5\"><div class=\"vc_column-inner\"><div class=\"wpb_wrapper\">\n\t<div class=\"wpb_text_column wpb_content_element  wpb_animate_when_almost_visible wpb_fadeInUp fadeInUp vc_custom_1687978164696 text-center\" >\n\t\t<div class=\"wpb_wrapper\">\n\t\t\t<p><a class=\"button call-conversion\" href=\"tel:644368939\">Llamar<\/a><\/p>\n\n\t\t<\/div>\n\t<\/div>\n<\/div><\/div><\/div><div class=\"wpb_column vc_column_container vc_col-sm-1\/5\"><div class=\"vc_column-inner\"><div class=\"wpb_wrapper\">\n\t<div class=\"wpb_text_column wpb_content_element  wpb_animate_when_almost_visible wpb_fadeInRight fadeInRight vc_custom_1687978176735 text-center text-md-left\" >\n\t\t<div class=\"wpb_wrapper\">\n\t\t\t<p><a class=\"button whatsapp-conversion\" href=\"\/\/api.whatsapp.com\/send?phone=+34644368939\" target=\"_blank\" rel=\"noopener\">Enviar mensaje (Whatsapp)<\/a><\/p>\n\n\t\t<\/div>\n\t<\/div>\n<\/div><\/div><\/div><div class=\"wpb_column vc_column_container vc_col-sm-1\/5\"><div class=\"vc_column-inner\"><div class=\"wpb_wrapper\"><\/div><\/div><\/div><\/div><\/div><\/div><\/div><\/div><div class=\"vc_row-full-width vc_clearfix\"><\/div><div class=\"vc_row wpb_row vc_row-fluid vc_custom_1621347794228\"><div class=\"wpb_column vc_column_container vc_col-sm-3\"><div class=\"vc_column-inner\"><div class=\"wpb_wrapper\"><\/div><\/div><\/div><div class=\"wpb_column vc_column_container vc_col-sm-6\"><div class=\"vc_column-inner\"><div class=\"wpb_wrapper\">\n\t<div class=\"wpb_text_column wpb_content_element  text-center\" >\n\t\t<div class=\"wpb_wrapper\">\n\t\t\t<blockquote>\n<h3>Consejos de jardiner\u00eda:<\/h3>\n<p>Utiliza abono org\u00e1nico: Aplique fertilizantes org\u00e1nicos para nutrir tus plantas de forma natural y sostenible.\n<\/p><\/blockquote>\n\n\t\t<\/div>\n\t<\/div>\n<\/div><\/div><\/div><div class=\"wpb_column vc_column_container vc_col-sm-3\"><div class=\"vc_column-inner\"><div class=\"wpb_wrapper\"><\/div><\/div><\/div><\/div>\n<\/div>","protected":false},"excerpt":{"rendered":"<p>En Ra\u00edz Verde utilizamos las \u00faltimas herramientas y t\u00e9cnicas para asegurar que sus necesidades de tala de \u00e1rboles sean atendidas de forma r\u00e1pida y segura. Nuestro experimentado equipo tiene los conocimientos y habilidades para manejar cualquier proyecto de tala, grande o peque\u00f1o. Con nuestros servicios de tala, puede estar seguro de que su proyecto se&hellip;<\/p>","protected":false},"author":1,"featured_media":2745,"parent":1434,"menu_order":0,"comment_status":"closed","ping_status":"closed","template":"","meta":{"give_campaign_id":0,"inline_featured_image":false,"footnotes":""},"class_list":["post-2731","page","type-page","status-publish","has-post-thumbnail","hentry","description-off"],"campaignId":"","_links":{"self":[{"href":"https:\/\/www.raizverde.com\/en\/wp-json\/wp\/v2\/pages\/2731","targetHints":{"allow":["GET"]}}],"collection":[{"href":"https:\/\/www.raizverde.com\/en\/wp-json\/wp\/v2\/pages"}],"about":[{"href":"https:\/\/www.raizverde.com\/en\/wp-json\/wp\/v2\/types\/page"}],"author":[{"embeddable":true,"href":"https:\/\/www.raizverde.com\/en\/wp-json\/wp\/v2\/users\/1"}],"replies":[{"embeddable":true,"href":"https:\/\/www.raizverde.com\/en\/wp-json\/wp\/v2\/comments?post=2731"}],"version-history":[{"count":9,"href":"https:\/\/www.raizverde.com\/en\/wp-json\/wp\/v2\/pages\/2731\/revisions"}],"predecessor-version":[{"id":6846,"href":"https:\/\/www.raizverde.com\/en\/wp-json\/wp\/v2\/pages\/2731\/revisions\/6846"}],"up":[{"embeddable":true,"href":"https:\/\/www.raizverde.com\/en\/wp-json\/wp\/v2\/pages\/1434"}],"wp:featuredmedia":[{"embeddable":true,"href":"https:\/\/www.raizverde.com\/en\/wp-json\/wp\/v2\/media\/2745"}],"wp:attachment":[{"href":"https:\/\/www.raizverde.com\/en\/wp-json\/wp\/v2\/media?parent=2731"}],"curies":[{"name":"wp","href":"https:\/\/api.w.org\/{rel}","templated":true}]}}