{"id":395,"date":"2016-01-23T09:27:41","date_gmt":"2016-01-23T09:27:41","guid":{"rendered":"http:\/\/raizverde.com\/?page_id=395"},"modified":"2023-08-28T12:56:25","modified_gmt":"2023-08-28T10:56:25","slug":"sobre-nosotros","status":"publish","type":"page","link":"https:\/\/www.raizverde.com\/en\/sobre-nosotros\/","title":{"rendered":"About us"},"content":{"rendered":"<div class=\"wpb-content-wrapper\"><div class=\"vc_row wpb_row vc_row-fluid vc_row-o-equal-height vc_row-o-content-middle vc_row-flex\"><div class=\"wpb_column vc_column_container vc_col-sm-7\"><div class=\"vc_column-inner\"><div class=\"wpb_wrapper\">\n\t<div class=\"wpb_text_column wpb_content_element  vc_custom_1688072092182\" >\n\t\t<div class=\"wpb_wrapper\">\n\t\t\t<h2 class=\"pr-c\">CON\u00d3CENOS<\/h2>\n\n\t\t<\/div>\n\t<\/div>\n<div class=\"vc_separator wpb_content_element vc_separator_align_center vc_sep_width_100 vc_sep_pos_align_left vc_separator_no_text vc_sep_color_grey wpb_content_element  wpb_content_element pr-bg wpb_animate_when_almost_visible wpb_flipInY flipInY wpb_animate_when_almost_visible wpb_flipInY flipInY\" ><span class=\"vc_sep_holder vc_sep_holder_l\"><span class=\"vc_sep_line\"><\/span><\/span><span class=\"vc_sep_holder vc_sep_holder_r\"><span class=\"vc_sep_line\"><\/span><\/span>\n<\/div><style type=\"text\/css\" data-type=\"the7_shortcodes-inline-css\">.icon-with-text-shortcode.icon-text-id-e0037e5d65f073e458acba05e96ca27a .text-icon {\n  width: 80px;\n  height: 80px;\n  line-height: 80px;\n  font-size: 35px;\n  border-radius: 200px;\n  margin: 0px 15px 0px 0px;\n}\n.icon-with-text-shortcode.icon-text-id-e0037e5d65f073e458acba05e96ca27a .text-icon .icon-inner {\n  min-width: 80px;\n  min-height: 80px;\n  border-radius: 200px;\n}\n@media all and (-ms-high-contrast: none) {\n  .icon-with-text-shortcode.icon-text-id-e0037e5d65f073e458acba05e96ca27a .text-icon .icon-inner {\n    height: 80px;\n  }\n}\n.icon-with-text-shortcode.icon-text-id-e0037e5d65f073e458acba05e96ca27a .text-icon .dt-hover-icon {\n  line-height: 80px;\n}\n.icon-with-text-shortcode.icon-text-id-e0037e5d65f073e458acba05e96ca27a .text-icon:before,\n.icon-with-text-shortcode.icon-text-id-e0037e5d65f073e458acba05e96ca27a .text-icon:after,\n.icon-with-text-shortcode.icon-text-id-e0037e5d65f073e458acba05e96ca27a .text-icon .icon-inner:before,\n.icon-with-text-shortcode.icon-text-id-e0037e5d65f073e458acba05e96ca27a .text-icon .icon-inner:after {\n  min-width: 100%;\n  min-height: 100%;\n  padding: inherit;\n  border-radius: inherit;\n}\n.icon-with-text-shortcode.icon-text-id-e0037e5d65f073e458acba05e96ca27a .text-icon.dt-icon-border-on:before {\n  border-width: 2px;\n  border-style: solid;\n}\n.dt-icon-border-dashed.icon-with-text-shortcode.icon-text-id-e0037e5d65f073e458acba05e96ca27a .text-icon.dt-icon-border-on:before {\n  border-style: dashed;\n}\n.dt-icon-border-dotted.icon-with-text-shortcode.icon-text-id-e0037e5d65f073e458acba05e96ca27a .text-icon.dt-icon-border-on:before {\n  border-style: dotted;\n}\n.dt-icon-border-double.icon-with-text-shortcode.icon-text-id-e0037e5d65f073e458acba05e96ca27a .text-icon.dt-icon-border-on:before {\n  border-style: double;\n}\n.icon-with-text-shortcode.icon-text-id-e0037e5d65f073e458acba05e96ca27a .text-icon.dt-icon-border-dashed.dt-icon-border-on:before {\n  border-style: dashed;\n}\n.icon-with-text-shortcode.icon-text-id-e0037e5d65f073e458acba05e96ca27a .text-icon.dt-icon-border-dotted.dt-icon-border-on:before {\n  border-style: dotted;\n}\n.icon-with-text-shortcode.icon-text-id-e0037e5d65f073e458acba05e96ca27a .text-icon.dt-icon-border-double.dt-icon-border-on:before {\n  border-style: double;\n}\n.icon-with-text-shortcode.icon-text-id-e0037e5d65f073e458acba05e96ca27a .text-icon.dt-icon-hover-border-on:after {\n  border-width: 2px;\n  border-style: solid;\n}\n.icon-with-text-shortcode.icon-text-id-e0037e5d65f073e458acba05e96ca27a .text-icon.dt-icon-border-dashed.dt-icon-hover-border-on:after {\n  border-style: dashed;\n}\n.icon-with-text-shortcode.icon-text-id-e0037e5d65f073e458acba05e96ca27a .text-icon.dt-icon-border-dotted.dt-icon-hover-border-on:after {\n  border-style: dotted;\n}\n.icon-with-text-shortcode.icon-text-id-e0037e5d65f073e458acba05e96ca27a .text-icon.dt-icon-border-double.dt-icon-hover-border-on:after {\n  border-style: double;\n}\n.icon-with-text-shortcode.icon-text-id-e0037e5d65f073e458acba05e96ca27a .text-icon.dt-icon-hover-on:hover {\n  font-size: 35px;\n}\n#page .icon-with-text-shortcode.icon-text-id-e0037e5d65f073e458acba05e96ca27a .text-icon.dt-icon-hover-on:hover .soc-font-icon,\n#phantom .icon-with-text-shortcode.icon-text-id-e0037e5d65f073e458acba05e96ca27a .text-icon.dt-icon-hover-on:hover .soc-font-icon,\n#page .icon-with-text-shortcode.icon-text-id-e0037e5d65f073e458acba05e96ca27a .text-icon.dt-icon-hover-on:hover .soc-icon,\n#phantom .icon-with-text-shortcode.icon-text-id-e0037e5d65f073e458acba05e96ca27a .text-icon.dt-icon-hover-on:hover .soc-icon {\n  color: #fff;\n  background: none;\n}\n#page .icon-with-text-shortcode.icon-text-id-e0037e5d65f073e458acba05e96ca27a .text-icon.dt-icon-hover-on:not(:hover) .soc-font-icon,\n#phantom .icon-with-text-shortcode.icon-text-id-e0037e5d65f073e458acba05e96ca27a .text-icon.dt-icon-hover-on:not(:hover) .soc-font-icon,\n#page .icon-with-text-shortcode.icon-text-id-e0037e5d65f073e458acba05e96ca27a .text-icon.dt-icon-hover-on:not(:hover) .soc-icon,\n#phantom .icon-with-text-shortcode.icon-text-id-e0037e5d65f073e458acba05e96ca27a .text-icon.dt-icon-hover-on:not(:hover) .soc-icon,\n#page .icon-with-text-shortcode.icon-text-id-e0037e5d65f073e458acba05e96ca27a .text-icon.dt-icon-hover-off .soc-font-icon,\n#phantom .icon-with-text-shortcode.icon-text-id-e0037e5d65f073e458acba05e96ca27a .text-icon.dt-icon-hover-off .soc-font-icon,\n#page .icon-with-text-shortcode.icon-text-id-e0037e5d65f073e458acba05e96ca27a .text-icon.dt-icon-hover-off .soc-icon,\n#phantom .icon-with-text-shortcode.icon-text-id-e0037e5d65f073e458acba05e96ca27a .text-icon.dt-icon-hover-off .soc-icon {\n  color: #ffffff;\n  background: none;\n}\n.icon-with-text-shortcode.icon-text-id-e0037e5d65f073e458acba05e96ca27a.layout-1 {\n  grid-template-columns: 80px minmax(0,1fr);\n  grid-column-gap: 15px;\n}\n.icon-with-text-shortcode.icon-text-id-e0037e5d65f073e458acba05e96ca27a.layout-2 {\n  grid-template-columns: minmax(0,1fr) 80px;\n  grid-column-gap: 0px;\n}\n.icon-with-text-shortcode.icon-text-id-e0037e5d65f073e458acba05e96ca27a.layout-2 .text-icon {\n  margin-left: 0;\n}\n.icon-with-text-shortcode.icon-text-id-e0037e5d65f073e458acba05e96ca27a.layout-3 {\n  grid-template-columns: 80px minmax(0,1fr);\n}\n.icon-with-text-shortcode.icon-text-id-e0037e5d65f073e458acba05e96ca27a.layout-3 .dt-text-title {\n  margin-left: 15px;\n}\n.icon-with-text-shortcode.icon-text-id-e0037e5d65f073e458acba05e96ca27a .dt-text-title,\n.icon-with-text-shortcode.icon-text-id-e0037e5d65f073e458acba05e96ca27a .dt-text-title a {\n  color: #5ab237;\n  background: none;\n  text-transform: uppercase;\n}\n.icon-with-text-shortcode.icon-text-id-e0037e5d65f073e458acba05e96ca27a .dt-text-title {\n  margin-bottom: 10px;\n}\n.icon-with-text-shortcode.icon-text-id-e0037e5d65f073e458acba05e96ca27a .dt-text-desc {\n  margin-bottom: 0px;\n}<\/style><div class=\"icon-with-text-shortcode  icon-text-id-e0037e5d65f073e458acba05e96ca27a layout-1  vc_custom_1688083359032\" ><span   class=\"text-icon dt-icon-bg-on dt-icon-hover-off\" ><span class=\"icon-inner\"><i class=\"dt-regular-icon soc-icon dt-icon-the7-menu-004\"><\/i><i class=\"dt-hover-icon soc-icon dt-icon-the7-menu-004\"><\/i><\/span><\/span><h3 class=\"dt-text-title\"  >Nuestra experiencia<\/h3><div class=\"dt-text-desc\">Parte de la familia Serrano Valero, en Ra\u00edz Verde contamos con 5 generaciones dedicadas a esta industria. Somos expertos, tenemos muchos a\u00f1os de experiencia y nos adaptamos a cada situaci\u00f3n en particular.<br \/>\nNecesidad que requiera de nuestro servicio y la experiencia es nuestra mayor aliada.<\/div><\/div><style type=\"text\/css\" data-type=\"the7_shortcodes-inline-css\">.icon-with-text-shortcode.icon-text-id-30e08329d45ca7431714349d37b9a955 .text-icon {\n  width: 80px;\n  height: 80px;\n  line-height: 80px;\n  font-size: 35px;\n  border-radius: 200px;\n  margin: 0px 15px 0px 0px;\n}\n.icon-with-text-shortcode.icon-text-id-30e08329d45ca7431714349d37b9a955 .text-icon .icon-inner {\n  min-width: 80px;\n  min-height: 80px;\n  border-radius: 200px;\n}\n@media all and (-ms-high-contrast: none) {\n  .icon-with-text-shortcode.icon-text-id-30e08329d45ca7431714349d37b9a955 .text-icon .icon-inner {\n    height: 80px;\n  }\n}\n.icon-with-text-shortcode.icon-text-id-30e08329d45ca7431714349d37b9a955 .text-icon .dt-hover-icon {\n  line-height: 80px;\n}\n.icon-with-text-shortcode.icon-text-id-30e08329d45ca7431714349d37b9a955 .text-icon:before,\n.icon-with-text-shortcode.icon-text-id-30e08329d45ca7431714349d37b9a955 .text-icon:after,\n.icon-with-text-shortcode.icon-text-id-30e08329d45ca7431714349d37b9a955 .text-icon .icon-inner:before,\n.icon-with-text-shortcode.icon-text-id-30e08329d45ca7431714349d37b9a955 .text-icon .icon-inner:after {\n  min-width: 100%;\n  min-height: 100%;\n  padding: inherit;\n  border-radius: inherit;\n}\n.icon-with-text-shortcode.icon-text-id-30e08329d45ca7431714349d37b9a955 .text-icon.dt-icon-border-on:before {\n  border-width: 2px;\n  border-style: solid;\n}\n.dt-icon-border-dashed.icon-with-text-shortcode.icon-text-id-30e08329d45ca7431714349d37b9a955 .text-icon.dt-icon-border-on:before {\n  border-style: dashed;\n}\n.dt-icon-border-dotted.icon-with-text-shortcode.icon-text-id-30e08329d45ca7431714349d37b9a955 .text-icon.dt-icon-border-on:before {\n  border-style: dotted;\n}\n.dt-icon-border-double.icon-with-text-shortcode.icon-text-id-30e08329d45ca7431714349d37b9a955 .text-icon.dt-icon-border-on:before {\n  border-style: double;\n}\n.icon-with-text-shortcode.icon-text-id-30e08329d45ca7431714349d37b9a955 .text-icon.dt-icon-border-dashed.dt-icon-border-on:before {\n  border-style: dashed;\n}\n.icon-with-text-shortcode.icon-text-id-30e08329d45ca7431714349d37b9a955 .text-icon.dt-icon-border-dotted.dt-icon-border-on:before {\n  border-style: dotted;\n}\n.icon-with-text-shortcode.icon-text-id-30e08329d45ca7431714349d37b9a955 .text-icon.dt-icon-border-double.dt-icon-border-on:before {\n  border-style: double;\n}\n.icon-with-text-shortcode.icon-text-id-30e08329d45ca7431714349d37b9a955 .text-icon.dt-icon-hover-border-on:after {\n  border-width: 2px;\n  border-style: solid;\n}\n.icon-with-text-shortcode.icon-text-id-30e08329d45ca7431714349d37b9a955 .text-icon.dt-icon-border-dashed.dt-icon-hover-border-on:after {\n  border-style: dashed;\n}\n.icon-with-text-shortcode.icon-text-id-30e08329d45ca7431714349d37b9a955 .text-icon.dt-icon-border-dotted.dt-icon-hover-border-on:after {\n  border-style: dotted;\n}\n.icon-with-text-shortcode.icon-text-id-30e08329d45ca7431714349d37b9a955 .text-icon.dt-icon-border-double.dt-icon-hover-border-on:after {\n  border-style: double;\n}\n.icon-with-text-shortcode.icon-text-id-30e08329d45ca7431714349d37b9a955 .text-icon.dt-icon-hover-on:hover {\n  font-size: 35px;\n}\n#page .icon-with-text-shortcode.icon-text-id-30e08329d45ca7431714349d37b9a955 .text-icon.dt-icon-hover-on:hover .soc-font-icon,\n#phantom .icon-with-text-shortcode.icon-text-id-30e08329d45ca7431714349d37b9a955 .text-icon.dt-icon-hover-on:hover .soc-font-icon,\n#page .icon-with-text-shortcode.icon-text-id-30e08329d45ca7431714349d37b9a955 .text-icon.dt-icon-hover-on:hover .soc-icon,\n#phantom .icon-with-text-shortcode.icon-text-id-30e08329d45ca7431714349d37b9a955 .text-icon.dt-icon-hover-on:hover .soc-icon {\n  color: #fff;\n  background: none;\n}\n#page .icon-with-text-shortcode.icon-text-id-30e08329d45ca7431714349d37b9a955 .text-icon.dt-icon-hover-on:not(:hover) .soc-font-icon,\n#phantom .icon-with-text-shortcode.icon-text-id-30e08329d45ca7431714349d37b9a955 .text-icon.dt-icon-hover-on:not(:hover) .soc-font-icon,\n#page .icon-with-text-shortcode.icon-text-id-30e08329d45ca7431714349d37b9a955 .text-icon.dt-icon-hover-on:not(:hover) .soc-icon,\n#phantom .icon-with-text-shortcode.icon-text-id-30e08329d45ca7431714349d37b9a955 .text-icon.dt-icon-hover-on:not(:hover) .soc-icon,\n#page .icon-with-text-shortcode.icon-text-id-30e08329d45ca7431714349d37b9a955 .text-icon.dt-icon-hover-off .soc-font-icon,\n#phantom .icon-with-text-shortcode.icon-text-id-30e08329d45ca7431714349d37b9a955 .text-icon.dt-icon-hover-off .soc-font-icon,\n#page .icon-with-text-shortcode.icon-text-id-30e08329d45ca7431714349d37b9a955 .text-icon.dt-icon-hover-off .soc-icon,\n#phantom .icon-with-text-shortcode.icon-text-id-30e08329d45ca7431714349d37b9a955 .text-icon.dt-icon-hover-off .soc-icon {\n  color: #ffffff;\n  background: none;\n}\n.icon-with-text-shortcode.icon-text-id-30e08329d45ca7431714349d37b9a955.layout-1 {\n  grid-template-columns: 80px minmax(0,1fr);\n  grid-column-gap: 15px;\n}\n.icon-with-text-shortcode.icon-text-id-30e08329d45ca7431714349d37b9a955.layout-2 {\n  grid-template-columns: minmax(0,1fr) 80px;\n  grid-column-gap: 0px;\n}\n.icon-with-text-shortcode.icon-text-id-30e08329d45ca7431714349d37b9a955.layout-2 .text-icon {\n  margin-left: 0;\n}\n.icon-with-text-shortcode.icon-text-id-30e08329d45ca7431714349d37b9a955.layout-3 {\n  grid-template-columns: 80px minmax(0,1fr);\n}\n.icon-with-text-shortcode.icon-text-id-30e08329d45ca7431714349d37b9a955.layout-3 .dt-text-title {\n  margin-left: 15px;\n}\n.icon-with-text-shortcode.icon-text-id-30e08329d45ca7431714349d37b9a955 .dt-text-title,\n.icon-with-text-shortcode.icon-text-id-30e08329d45ca7431714349d37b9a955 .dt-text-title a {\n  color: #5ab237;\n  background: none;\n  text-transform: uppercase;\n}\n.icon-with-text-shortcode.icon-text-id-30e08329d45ca7431714349d37b9a955 .dt-text-title {\n  margin-bottom: 10px;\n}\n.icon-with-text-shortcode.icon-text-id-30e08329d45ca7431714349d37b9a955 .dt-text-desc {\n  margin-bottom: 0px;\n}<\/style><div class=\"icon-with-text-shortcode  icon-text-id-30e08329d45ca7431714349d37b9a955 layout-1  vc_custom_1688083372121\" ><span   class=\"text-icon dt-icon-bg-on dt-icon-hover-off\" ><span class=\"icon-inner\"><i class=\"dt-regular-icon soc-icon icomoon-the7-font-the7-heart-filled\"><\/i><i class=\"dt-hover-icon soc-icon icomoon-the7-font-the7-heart-filled\"><\/i><\/span><\/span><h3 class=\"dt-text-title\"  >Especialistas cualificados<\/h3><div class=\"dt-text-desc\">Somos especialistas en la poda y el mantenimiento de todo tipo de \u00e1rboles y palmeras. Nuestro equipo est\u00e1 totalmente cualificado para desempe\u00f1ar cualquier funci\u00f3n dentro de este rubro. Adem\u00e1s, contamos con los elementos necesarios para desarrollar nuestro trabajo con eficacia y seguridad.<\/div><\/div><style type=\"text\/css\" data-type=\"the7_shortcodes-inline-css\">.icon-with-text-shortcode.icon-text-id-1bbefc812508629de3c8993ac0506bd4 .text-icon {\n  width: 80px;\n  height: 80px;\n  line-height: 80px;\n  font-size: 35px;\n  border-radius: 200px;\n  margin: 0px 15px 0px 0px;\n}\n.icon-with-text-shortcode.icon-text-id-1bbefc812508629de3c8993ac0506bd4 .text-icon .icon-inner {\n  min-width: 80px;\n  min-height: 80px;\n  border-radius: 200px;\n}\n@media all and (-ms-high-contrast: none) {\n  .icon-with-text-shortcode.icon-text-id-1bbefc812508629de3c8993ac0506bd4 .text-icon .icon-inner {\n    height: 80px;\n  }\n}\n.icon-with-text-shortcode.icon-text-id-1bbefc812508629de3c8993ac0506bd4 .text-icon .dt-hover-icon {\n  line-height: 80px;\n}\n.icon-with-text-shortcode.icon-text-id-1bbefc812508629de3c8993ac0506bd4 .text-icon:before,\n.icon-with-text-shortcode.icon-text-id-1bbefc812508629de3c8993ac0506bd4 .text-icon:after,\n.icon-with-text-shortcode.icon-text-id-1bbefc812508629de3c8993ac0506bd4 .text-icon .icon-inner:before,\n.icon-with-text-shortcode.icon-text-id-1bbefc812508629de3c8993ac0506bd4 .text-icon .icon-inner:after {\n  min-width: 100%;\n  min-height: 100%;\n  padding: inherit;\n  border-radius: inherit;\n}\n.icon-with-text-shortcode.icon-text-id-1bbefc812508629de3c8993ac0506bd4 .text-icon.dt-icon-border-on:before {\n  border-width: 2px;\n  border-style: solid;\n}\n.dt-icon-border-dashed.icon-with-text-shortcode.icon-text-id-1bbefc812508629de3c8993ac0506bd4 .text-icon.dt-icon-border-on:before {\n  border-style: dashed;\n}\n.dt-icon-border-dotted.icon-with-text-shortcode.icon-text-id-1bbefc812508629de3c8993ac0506bd4 .text-icon.dt-icon-border-on:before {\n  border-style: dotted;\n}\n.dt-icon-border-double.icon-with-text-shortcode.icon-text-id-1bbefc812508629de3c8993ac0506bd4 .text-icon.dt-icon-border-on:before {\n  border-style: double;\n}\n.icon-with-text-shortcode.icon-text-id-1bbefc812508629de3c8993ac0506bd4 .text-icon.dt-icon-border-dashed.dt-icon-border-on:before {\n  border-style: dashed;\n}\n.icon-with-text-shortcode.icon-text-id-1bbefc812508629de3c8993ac0506bd4 .text-icon.dt-icon-border-dotted.dt-icon-border-on:before {\n  border-style: dotted;\n}\n.icon-with-text-shortcode.icon-text-id-1bbefc812508629de3c8993ac0506bd4 .text-icon.dt-icon-border-double.dt-icon-border-on:before {\n  border-style: double;\n}\n.icon-with-text-shortcode.icon-text-id-1bbefc812508629de3c8993ac0506bd4 .text-icon.dt-icon-hover-border-on:after {\n  border-width: 2px;\n  border-style: solid;\n}\n.icon-with-text-shortcode.icon-text-id-1bbefc812508629de3c8993ac0506bd4 .text-icon.dt-icon-border-dashed.dt-icon-hover-border-on:after {\n  border-style: dashed;\n}\n.icon-with-text-shortcode.icon-text-id-1bbefc812508629de3c8993ac0506bd4 .text-icon.dt-icon-border-dotted.dt-icon-hover-border-on:after {\n  border-style: dotted;\n}\n.icon-with-text-shortcode.icon-text-id-1bbefc812508629de3c8993ac0506bd4 .text-icon.dt-icon-border-double.dt-icon-hover-border-on:after {\n  border-style: double;\n}\n.icon-with-text-shortcode.icon-text-id-1bbefc812508629de3c8993ac0506bd4 .text-icon.dt-icon-hover-on:hover {\n  font-size: 35px;\n}\n#page .icon-with-text-shortcode.icon-text-id-1bbefc812508629de3c8993ac0506bd4 .text-icon.dt-icon-hover-on:hover .soc-font-icon,\n#phantom .icon-with-text-shortcode.icon-text-id-1bbefc812508629de3c8993ac0506bd4 .text-icon.dt-icon-hover-on:hover .soc-font-icon,\n#page .icon-with-text-shortcode.icon-text-id-1bbefc812508629de3c8993ac0506bd4 .text-icon.dt-icon-hover-on:hover .soc-icon,\n#phantom .icon-with-text-shortcode.icon-text-id-1bbefc812508629de3c8993ac0506bd4 .text-icon.dt-icon-hover-on:hover .soc-icon {\n  color: #fff;\n  background: none;\n}\n#page .icon-with-text-shortcode.icon-text-id-1bbefc812508629de3c8993ac0506bd4 .text-icon.dt-icon-hover-on:not(:hover) .soc-font-icon,\n#phantom .icon-with-text-shortcode.icon-text-id-1bbefc812508629de3c8993ac0506bd4 .text-icon.dt-icon-hover-on:not(:hover) .soc-font-icon,\n#page .icon-with-text-shortcode.icon-text-id-1bbefc812508629de3c8993ac0506bd4 .text-icon.dt-icon-hover-on:not(:hover) .soc-icon,\n#phantom .icon-with-text-shortcode.icon-text-id-1bbefc812508629de3c8993ac0506bd4 .text-icon.dt-icon-hover-on:not(:hover) .soc-icon,\n#page .icon-with-text-shortcode.icon-text-id-1bbefc812508629de3c8993ac0506bd4 .text-icon.dt-icon-hover-off .soc-font-icon,\n#phantom .icon-with-text-shortcode.icon-text-id-1bbefc812508629de3c8993ac0506bd4 .text-icon.dt-icon-hover-off .soc-font-icon,\n#page .icon-with-text-shortcode.icon-text-id-1bbefc812508629de3c8993ac0506bd4 .text-icon.dt-icon-hover-off .soc-icon,\n#phantom .icon-with-text-shortcode.icon-text-id-1bbefc812508629de3c8993ac0506bd4 .text-icon.dt-icon-hover-off .soc-icon {\n  color: #ffffff;\n  background: none;\n}\n.icon-with-text-shortcode.icon-text-id-1bbefc812508629de3c8993ac0506bd4.layout-1 {\n  grid-template-columns: 80px minmax(0,1fr);\n  grid-column-gap: 15px;\n}\n.icon-with-text-shortcode.icon-text-id-1bbefc812508629de3c8993ac0506bd4.layout-2 {\n  grid-template-columns: minmax(0,1fr) 80px;\n  grid-column-gap: 0px;\n}\n.icon-with-text-shortcode.icon-text-id-1bbefc812508629de3c8993ac0506bd4.layout-2 .text-icon {\n  margin-left: 0;\n}\n.icon-with-text-shortcode.icon-text-id-1bbefc812508629de3c8993ac0506bd4.layout-3 {\n  grid-template-columns: 80px minmax(0,1fr);\n}\n.icon-with-text-shortcode.icon-text-id-1bbefc812508629de3c8993ac0506bd4.layout-3 .dt-text-title {\n  margin-left: 15px;\n}\n.icon-with-text-shortcode.icon-text-id-1bbefc812508629de3c8993ac0506bd4 .dt-text-title,\n.icon-with-text-shortcode.icon-text-id-1bbefc812508629de3c8993ac0506bd4 .dt-text-title a {\n  color: #5ab237;\n  background: none;\n  text-transform: uppercase;\n}\n.icon-with-text-shortcode.icon-text-id-1bbefc812508629de3c8993ac0506bd4 .dt-text-title {\n  margin-bottom: 10px;\n}\n.icon-with-text-shortcode.icon-text-id-1bbefc812508629de3c8993ac0506bd4 .dt-text-desc {\n  margin-bottom: 0px;\n}<\/style><div class=\"icon-with-text-shortcode  icon-text-id-1bbefc812508629de3c8993ac0506bd4 layout-1\" ><span   class=\"text-icon dt-icon-bg-on dt-icon-hover-off\" ><span class=\"icon-inner\"><i class=\"dt-regular-icon soc-icon icomoon-the7-font-the7-login-02\"><\/i><i class=\"dt-hover-icon soc-icon icomoon-the7-font-the7-login-02\"><\/i><\/span><\/span><h3 class=\"dt-text-title\"  >Nuestros clientes son lo primero<\/h3><div class=\"dt-text-desc\">Cumplir con los requisitos de nuestros clientes de forma segura y responsable es nuestro principal objetivo. Para lograrlo contamos con trabajadores especializados y todas las herramientas y veh\u00edculos necesarios. Adaptamos nuestro trabajo seg\u00fan las \u00e9pocas m\u00e1s id\u00f3neas del a\u00f1o para brindar un servicio eficiente y nos comprometemos a cumplir los plazos que m\u00e1s favorezcan a nuestros clientes.<\/div><\/div><\/div><\/div><\/div><div class=\"wpb_column vc_column_container vc_col-sm-5\"><div class=\"vc_column-inner\"><div class=\"wpb_wrapper\">\n\t<div  class=\"wpb_single_image wpb_content_element vc_align_center  wpb_animate_when_almost_visible wpb_flipInY flipInY vc_custom_1688071917230\">\n\t\t\n\t\t<figure class=\"wpb_wrapper vc_figure\">\n\t\t\t<div class=\"vc_single_image-wrapper vc_box_shadow_3d  vc_box_border_grey\"><img decoding=\"async\" class=\"vc_single_image-img\" src=\"https:\/\/www.raizverde.com\/wp-content\/uploads\/2018\/08\/palmeras-470x649.jpg\" width=\"470\" height=\"649\" alt=\"Green Root\" title=\"Green Root\" loading=\"lazy\"  data-dt-location=\"https:\/\/www.raizverde.com\/en\/sobre-nosotros\/palmeras-2\/\" \/><\/div>\n\t\t<\/figure>\n\t<\/div>\n<\/div><\/div><\/div><\/div><div data-vc-full-width=\"true\" data-vc-full-width-temp=\"true\" data-vc-full-width-init=\"false\" data-vc-parallax=\"1.5\" class=\"vc_row wpb_row vc_row-fluid contact-wrapper vc_custom_1687977805289 vc_row-has-fill vc_general vc_parallax vc_parallax-content-moving\"><div class=\"white text-center wpb_column vc_column_container vc_col-sm-12\"><div class=\"vc_column-inner vc_custom_1594665541929\"><div class=\"wpb_wrapper\">\n\t<div class=\"wpb_text_column wpb_content_element  white\" >\n\t\t<div class=\"wpb_wrapper\">\n\t\t\t<p><span class=\"contact-label\">Si tiene cualquier duda o consulta no dude en ponerse en contacto con nosotros, estaremos encantados de atenderles.<\/span><br \/>\nEn Ra\u00edz verde estamos siempre disponibles para atender cualquier consulta o emergencia en cualquier momento, incluso en fin de semana o festivos.<\/p>\n\n\t\t<\/div>\n\t<\/div>\n<div class=\"vc_row wpb_row vc_inner vc_row-fluid\"><div class=\"wpb_column vc_column_container vc_col-sm-1\/5\"><div class=\"vc_column-inner\"><div class=\"wpb_wrapper\"><\/div><\/div><\/div><div class=\"wpb_column vc_column_container vc_col-sm-1\/5\"><div class=\"vc_column-inner\"><div class=\"wpb_wrapper\">\n\t<div class=\"wpb_text_column wpb_content_element  wpb_animate_when_almost_visible wpb_fadeInLeft fadeInLeft vc_custom_1687978170496 text-center text-md-right\" >\n\t\t<div class=\"wpb_wrapper\">\n\t\t\t<p><a class=\"button\" href=\"https:\/\/www.raizverde.com\/en\/contacto\/\" target=\"_self\" rel=\"noopener\">Enviar correo<\/a><\/p>\n\n\t\t<\/div>\n\t<\/div>\n<\/div><\/div><\/div><div class=\"wpb_column vc_column_container vc_col-sm-1\/5\"><div class=\"vc_column-inner\"><div class=\"wpb_wrapper\">\n\t<div class=\"wpb_text_column wpb_content_element  wpb_animate_when_almost_visible wpb_fadeInUp fadeInUp vc_custom_1687978164696 text-center\" >\n\t\t<div class=\"wpb_wrapper\">\n\t\t\t<p><a class=\"button call-conversion\" href=\"tel:644368939\">Llamar<\/a><\/p>\n\n\t\t<\/div>\n\t<\/div>\n<\/div><\/div><\/div><div class=\"wpb_column vc_column_container vc_col-sm-1\/5\"><div class=\"vc_column-inner\"><div class=\"wpb_wrapper\">\n\t<div class=\"wpb_text_column wpb_content_element  wpb_animate_when_almost_visible wpb_fadeInRight fadeInRight vc_custom_1687978176735 text-center text-md-left\" >\n\t\t<div class=\"wpb_wrapper\">\n\t\t\t<p><a class=\"button whatsapp-conversion\" href=\"\/\/api.whatsapp.com\/send?phone=+34644368939\" target=\"_blank\" rel=\"noopener\">Enviar mensaje (Whatsapp)<\/a><\/p>\n\n\t\t<\/div>\n\t<\/div>\n<\/div><\/div><\/div><div class=\"wpb_column vc_column_container vc_col-sm-1\/5\"><div class=\"vc_column-inner\"><div class=\"wpb_wrapper\"><\/div><\/div><\/div><\/div><\/div><\/div><\/div><\/div><div class=\"vc_row-full-width vc_clearfix\"><\/div>\n<\/div>","protected":false},"excerpt":{"rendered":"<p>CON\u00d3CENOS Nuestra experienciaParte de la familia Serrano Valero, en Ra\u00edz Verde contamos con 5 generaciones dedicadas a esta industria. Somos expertos, tenemos muchos a\u00f1os de experiencia y nos adaptamos a cada situaci\u00f3n en particular. Necesidad que requiera de nuestro servicio y la experiencia es nuestra mayor aliada.Especialistas cualificadosSomos especialistas en la poda y el mantenimiento&hellip;<\/p>","protected":false},"author":1,"featured_media":0,"parent":0,"menu_order":0,"comment_status":"closed","ping_status":"closed","template":"","meta":{"give_campaign_id":0,"inline_featured_image":false,"footnotes":""},"class_list":["post-395","page","type-page","status-publish","hentry","description-off"],"campaignId":"","_links":{"self":[{"href":"https:\/\/www.raizverde.com\/en\/wp-json\/wp\/v2\/pages\/395","targetHints":{"allow":["GET"]}}],"collection":[{"href":"https:\/\/www.raizverde.com\/en\/wp-json\/wp\/v2\/pages"}],"about":[{"href":"https:\/\/www.raizverde.com\/en\/wp-json\/wp\/v2\/types\/page"}],"author":[{"embeddable":true,"href":"https:\/\/www.raizverde.com\/en\/wp-json\/wp\/v2\/users\/1"}],"replies":[{"embeddable":true,"href":"https:\/\/www.raizverde.com\/en\/wp-json\/wp\/v2\/comments?post=395"}],"version-history":[{"count":1,"href":"https:\/\/www.raizverde.com\/en\/wp-json\/wp\/v2\/pages\/395\/revisions"}],"predecessor-version":[{"id":5565,"href":"https:\/\/www.raizverde.com\/en\/wp-json\/wp\/v2\/pages\/395\/revisions\/5565"}],"wp:attachment":[{"href":"https:\/\/www.raizverde.com\/en\/wp-json\/wp\/v2\/media?parent=395"}],"curies":[{"name":"wp","href":"https:\/\/api.w.org\/{rel}","templated":true}]}}