{"id":5236,"date":"2023-07-06T23:18:26","date_gmt":"2023-07-06T23:18:26","guid":{"rendered":"https:\/\/staging.raizverde.com\/?post_type=product&#038;p=5236"},"modified":"2026-03-24T18:01:59","modified_gmt":"2026-03-24T17:01:59","slug":"washingtonia-gran-porte","status":"publish","type":"product","link":"https:\/\/www.raizverde.com\/en\/product-2\/washingtonia-gran-porte\/","title":{"rendered":"WASHINGTONIA GRAN PORTE"},"content":{"rendered":"<p>La <strong>Washingtonia Robusta<\/strong>, tambi\u00e9n conocida como Palma de California, es una planta impresionante que puede mejorar la belleza y el valor de cualquier propiedad. Si est\u00e1s buscando una planta resistente y f\u00e1cil de cuidar que agregue un toque de elegancia y sofisticaci\u00f3n a tu hogar o jard\u00edn, la Washingtonia Robusta es una excelente opci\u00f3n.<\/p>\n<p>Una de las principales razones para comprar una <strong>Washingtonia Robusta<\/strong> es su capacidad para adaptarse a una amplia variedad de condiciones clim\u00e1ticas. Esta palma puede tolerar temperaturas extremadamente altas y bajas, as\u00ed como sequ\u00edas y vientos fuertes. Adem\u00e1s, es resistente a la mayor\u00eda de las plagas y enfermedades comunes de las plantas, lo que significa que requiere poco mantenimiento.<\/p>\n<p>Otra ventaja de la <strong>Washingtonia Robusta<\/strong> es su r\u00e1pido crecimiento. En solo unos pocos a\u00f1os, esta planta puede alcanzar una altura impresionante, convirti\u00e9ndose en una pieza central impresionante en cualquier paisaje. Adem\u00e1s, sus hojas verdes y esbeltas agregan un toque de elegancia a cualquier ambiente.<\/p>\n<p>La <strong>Washingtonia Robusta<\/strong> tambi\u00e9n es una excelente opci\u00f3n para aquellos que desean agregar privacidad y sombra a su propiedad. Al plantar varias palmeras juntas, se puede crear un oasis de sombra y frescura, perfecto para relajarse y disfrutar de un d\u00eda caluroso de verano.<\/p>\n<p>Por \u00faltimo, la <strong>Washingtonia Robusta<\/strong> es una inversi\u00f3n inteligente para cualquier propietario de vivienda. Debido a su larga vida \u00fatil y su capacidad para mejorar la apariencia de cualquier propiedad, una Washingtonia Robusta puede aumentar el valor de tu hogar o negocio.<\/p>\n<p>En resumen, la <strong>Washingtonia Robusta<\/strong> es una planta resistente, de r\u00e1pido crecimiento y f\u00e1cil de cuidar que puede mejorar la belleza y el valor de cualquier propiedad. Si est\u00e1s buscando una inversi\u00f3n a largo plazo que mejore la apariencia de tu hogar o jard\u00edn, <em>\u00a1la Washingtonia Robusta es la elecci\u00f3n perfecta para ti!<\/em><\/p>","protected":false},"excerpt":{"rendered":"<p>\ud83d\udfe2 Disponemos de todas las medidas<br \/>\n\ud83d\udfe2 Enmacetadas o en cepell\u00f3n<br \/>\n\ud83d\udfe2 Posibilidad de entrega en domicilio<\/p>\n<p>Para m\u00e1s informaci\u00f3n, escr\u00edbanos a WhatsApp (+34) 644368939<\/p>","protected":false},"featured_media":6164,"comment_status":"open","ping_status":"closed","template":"","meta":{"give_campaign_id":0,"inline_featured_image":false},"product_brand":[],"product_cat":[73],"product_tag":[40],"class_list":{"0":"post-5236","1":"product","2":"type-product","3":"status-publish","4":"has-post-thumbnail","6":"product_cat-palmeras-washingtonias","7":"product_tag-palmera-washingtonia","8":"description-off","10":"first","11":"onbackorder","12":"taxable","13":"shipping-taxable","14":"purchasable","15":"product-type-simple"},"_links":{"self":[{"href":"https:\/\/www.raizverde.com\/en\/wp-json\/wp\/v2\/product\/5236","targetHints":{"allow":["GET"]}}],"collection":[{"href":"https:\/\/www.raizverde.com\/en\/wp-json\/wp\/v2\/product"}],"about":[{"href":"https:\/\/www.raizverde.com\/en\/wp-json\/wp\/v2\/types\/product"}],"replies":[{"embeddable":true,"href":"https:\/\/www.raizverde.com\/en\/wp-json\/wp\/v2\/comments?post=5236"}],"wp:featuredmedia":[{"embeddable":true,"href":"https:\/\/www.raizverde.com\/en\/wp-json\/wp\/v2\/media\/6164"}],"wp:attachment":[{"href":"https:\/\/www.raizverde.com\/en\/wp-json\/wp\/v2\/media?parent=5236"}],"wp:term":[{"taxonomy":"product_brand","embeddable":true,"href":"https:\/\/www.raizverde.com\/en\/wp-json\/wp\/v2\/product_brand?post=5236"},{"taxonomy":"product_cat","embeddable":true,"href":"https:\/\/www.raizverde.com\/en\/wp-json\/wp\/v2\/product_cat?post=5236"},{"taxonomy":"product_tag","embeddable":true,"href":"https:\/\/www.raizverde.com\/en\/wp-json\/wp\/v2\/product_tag?post=5236"}],"curies":[{"name":"wp","href":"https:\/\/api.w.org\/{rel}","templated":true}]}}