{"id":5286,"date":"2023-07-07T00:37:36","date_gmt":"2023-07-07T00:37:36","guid":{"rendered":"https:\/\/staging.raizverde.com\/?post_type=product&#038;p=5286"},"modified":"2026-03-24T18:06:07","modified_gmt":"2026-03-24T17:06:07","slug":"robellinis-gran-porte","status":"publish","type":"product","link":"https:\/\/www.raizverde.com\/en\/product-2\/robellinis-gran-porte\/","title":{"rendered":"ROBELLINIS GRAN PORTE"},"content":{"rendered":"<ul>\n<li><strong>Apariencia<\/strong>: La <strong>palmera Robellini<\/strong>, tambi\u00e9n conocida como la palmera de fecha china, es una planta ornamental popular debido a su aspecto ex\u00f3tico y elegante.<br \/>\nTiene un tronco delgado y una corona de hojas verdes brillantes en forma de abanico, que pueden alcanzar una longitud de hasta 1,8 metros. Esta palmera puede crecer hasta una altura de 3 a 6 metros, lo que la hace ideal para el paisajismo.<\/li>\n<li><strong>Bajo mantenimiento<\/strong>: La <strong>palmera Robellini<\/strong> es una de las palmeras m\u00e1s f\u00e1ciles de cuidar. No requiere poda regular y puede sobrevivir con poca agua. Adem\u00e1s, es resistente a muchas plagas y enfermedades comunes de las palmeras. Es importante asegurarse de que la palmera reciba suficiente luz solar y est\u00e9 plantada en un suelo bien drenado.<\/li>\n<li><strong>Adaptabilidad<\/strong>: La <strong>palmera Robellini<\/strong> es una planta muy adaptable. Puede tolerar una amplia variedad de climas, desde temperaturas c\u00e1lidas y tropicales hasta climas m\u00e1s fr\u00edos. Esta palmera es capaz de tolerar temperaturas de hasta -6\u00b0C, lo que la hace ideal para jardines en regiones m\u00e1s fr\u00edas. Tambi\u00e9n puede crecer en una amplia variedad de tipos de suelo, siempre que el suelo est\u00e9 bien drenado.<\/li>\n<li><strong>Valor est\u00e9tico<\/strong>: La presencia de una palmera en el paisaje puede agregar valor est\u00e9tico a una propiedad. La <strong>palmera Robellini<\/strong> puede ser una excelente opci\u00f3n para a\u00f1adir un toque tropical y ex\u00f3tico a un espacio exterior. Esta palmera es especialmente popular para su uso en jardines, patios y piscinas, donde puede crear un ambiente de vacaciones en casa.<\/li>\n<\/ul>\n<p>En resumen, la <strong>palmera Robellini<\/strong> es una planta ornamental popular debido a su aspecto ex\u00f3tico y elegante, su bajo mantenimiento y su capacidad para adaptarse a una amplia variedad de climas y tipos de suelo. Si est\u00e1s buscando agregar un toque tropical a tu espacio exterior, considera comprar una palmera Robellini.<\/p>","protected":false},"excerpt":{"rendered":"<p>\ud83d\udfe2 Disponemos de todas las medidas<br \/>\n\ud83d\udfe2 En maceta<br \/>\n\ud83d\udfe2 Posibilidad de entrega en domicilio<\/p>\n<p>Para m\u00e1s informaci\u00f3n, escr\u00edbanos a WhatsApp (+34) 644368939<\/p>","protected":false},"featured_media":6190,"comment_status":"open","ping_status":"closed","template":"","meta":{"give_campaign_id":0,"inline_featured_image":false},"product_brand":[],"product_cat":[75],"product_tag":[],"class_list":{"0":"post-5286","1":"product","2":"type-product","3":"status-publish","4":"has-post-thumbnail","6":"product_cat-palmeras-robellinis","7":"description-off","9":"first","10":"onbackorder","11":"taxable","12":"shipping-taxable","13":"purchasable","14":"product-type-simple"},"_links":{"self":[{"href":"https:\/\/www.raizverde.com\/en\/wp-json\/wp\/v2\/product\/5286","targetHints":{"allow":["GET"]}}],"collection":[{"href":"https:\/\/www.raizverde.com\/en\/wp-json\/wp\/v2\/product"}],"about":[{"href":"https:\/\/www.raizverde.com\/en\/wp-json\/wp\/v2\/types\/product"}],"replies":[{"embeddable":true,"href":"https:\/\/www.raizverde.com\/en\/wp-json\/wp\/v2\/comments?post=5286"}],"wp:featuredmedia":[{"embeddable":true,"href":"https:\/\/www.raizverde.com\/en\/wp-json\/wp\/v2\/media\/6190"}],"wp:attachment":[{"href":"https:\/\/www.raizverde.com\/en\/wp-json\/wp\/v2\/media?parent=5286"}],"wp:term":[{"taxonomy":"product_brand","embeddable":true,"href":"https:\/\/www.raizverde.com\/en\/wp-json\/wp\/v2\/product_brand?post=5286"},{"taxonomy":"product_cat","embeddable":true,"href":"https:\/\/www.raizverde.com\/en\/wp-json\/wp\/v2\/product_cat?post=5286"},{"taxonomy":"product_tag","embeddable":true,"href":"https:\/\/www.raizverde.com\/en\/wp-json\/wp\/v2\/product_tag?post=5286"}],"curies":[{"name":"wp","href":"https:\/\/api.w.org\/{rel}","templated":true}]}}