{"id":6313,"date":"2025-05-03T13:47:44","date_gmt":"2025-05-03T11:47:44","guid":{"rendered":"https:\/\/www.raizverde.com\/?post_type=product&#038;p=6313"},"modified":"2026-03-24T17:50:37","modified_gmt":"2026-03-24T16:50:37","slug":"cyca-revoluta-mediana","status":"publish","type":"product","link":"https:\/\/www.raizverde.com\/en\/product-2\/cyca-revoluta-mediana\/","title":{"rendered":"CYCA REVOLUTA MEDIANA"},"content":{"rendered":"<ul>\n<li><strong>Clasificaci\u00f3n<\/strong>: Es una especie de cic\u00e1cea, que pertenece al grupo de las plantas conocidas como gimnospermas.<\/li>\n<li><strong>Hojas<\/strong>: Tiene hojas pinnadas, que son largas y pueden alcanzar hasta 2 metros de longitud. Son de un color verde brillante y tienen una textura r\u00edgida.<\/li>\n<li><strong>Tama\u00f1o<\/strong>: Generalmente, la Cyca revoluta puede crecer entre 1 y 2 metros de altura, aunque en condiciones \u00f3ptimas puede llegar a ser m\u00e1s alta.<\/li>\n<li><strong>Reproducci\u00f3n<\/strong>: Es una planta dioica, lo que significa que hay plantas masculinas y femeninas. Las plantas masculinas producen conos que liberan polen, mientras que las femeninas producen conos grandes donde se desarrollan las semillas.<\/li>\n<li><strong>Semillas<\/strong>: Las semillas son grandes y de forma ovalada, y tienen un color naranja brillante cuando est\u00e1n maduras.<\/li>\n<li><strong>Cuidado<\/strong>: Es bastante resistente y puede tolerar condiciones de sequ\u00eda, aunque prefiere suelos bien drenados y luz brillante.<\/li>\n<li><strong>Usos<\/strong>: Adem\u00e1s de su valor ornamental, algunas partes de la planta se han utilizado en la medicina tradicional, aunque es importante tener cuidado, ya que algunas partes son t\u00f3xicas si se ingieren.<\/li>\n<\/ul>","protected":false},"excerpt":{"rendered":"<p>\ud83d\udfe2 Formato mediano<br \/>\n\ud83d\udfe2 Enmacetadas<br \/>\n\ud83d\udfe2 Posibilidad de entrega en domicilio<\/p>\n<p>Para m\u00e1s informaci\u00f3n, escr\u00edbanos a WhatsApp (+34) 644368939<\/p>","protected":false},"featured_media":6317,"comment_status":"open","ping_status":"closed","template":"","meta":{"give_campaign_id":0,"inline_featured_image":false},"product_brand":[],"product_cat":[84],"product_tag":[],"class_list":{"0":"post-6313","1":"product","2":"type-product","3":"status-publish","4":"has-post-thumbnail","6":"product_cat-cyca-revoluta","7":"description-off","9":"first","10":"instock","11":"taxable","12":"shipping-taxable","13":"purchasable","14":"product-type-simple"},"_links":{"self":[{"href":"https:\/\/www.raizverde.com\/en\/wp-json\/wp\/v2\/product\/6313","targetHints":{"allow":["GET"]}}],"collection":[{"href":"https:\/\/www.raizverde.com\/en\/wp-json\/wp\/v2\/product"}],"about":[{"href":"https:\/\/www.raizverde.com\/en\/wp-json\/wp\/v2\/types\/product"}],"replies":[{"embeddable":true,"href":"https:\/\/www.raizverde.com\/en\/wp-json\/wp\/v2\/comments?post=6313"}],"wp:featuredmedia":[{"embeddable":true,"href":"https:\/\/www.raizverde.com\/en\/wp-json\/wp\/v2\/media\/6317"}],"wp:attachment":[{"href":"https:\/\/www.raizverde.com\/en\/wp-json\/wp\/v2\/media?parent=6313"}],"wp:term":[{"taxonomy":"product_brand","embeddable":true,"href":"https:\/\/www.raizverde.com\/en\/wp-json\/wp\/v2\/product_brand?post=6313"},{"taxonomy":"product_cat","embeddable":true,"href":"https:\/\/www.raizverde.com\/en\/wp-json\/wp\/v2\/product_cat?post=6313"},{"taxonomy":"product_tag","embeddable":true,"href":"https:\/\/www.raizverde.com\/en\/wp-json\/wp\/v2\/product_tag?post=6313"}],"curies":[{"name":"wp","href":"https:\/\/api.w.org\/{rel}","templated":true}]}}