{"id":6346,"date":"2025-06-23T11:58:00","date_gmt":"2025-06-23T09:58:00","guid":{"rendered":"https:\/\/www.raizverde.com\/?post_type=product&#038;p=6346"},"modified":"2026-01-09T17:16:54","modified_gmt":"2026-01-09T16:16:54","slug":"dypsis","status":"publish","type":"product","link":"https:\/\/www.raizverde.com\/en\/product-2\/dypsis\/","title":{"rendered":"DYPSIS"},"content":{"rendered":"<p>La palmera Dypsis decaryi, com\u00fanmente conocida como palma triangular o palma del tri\u00e1ngulo, es una especie de palmera que es nativa de Madagascar. Aqu\u00ed tienes algunas de las caracter\u00edsticas principales de la Dypsis decaryi:<\/p>\n<ul>\n<li>\u2028\u2028Hoja en forma de cu\u00f1a: La caracter\u00edstica m\u00e1s distintiva de esta palmera es la forma de sus hojas, que son en forma de cu\u00f1a o tri\u00e1ngulo. Cada hoja tiene un aspecto arqueado y se divide en segmentos que se extienden desde el punto de uni\u00f3n con el pec\u00edolo hasta los extremos, formando una especie de abanico triangular.<\/li>\n<li>Color verde intenso: Las hojas de la Dypsis decaryi son de un verde intenso y brillante, lo que le confiere un aspecto exuberante.<\/li>\n<li>Tallo espinoso: El tronco de la palmera triangular es delgado y est\u00e1 cubierto con espinas en forma de tri\u00e1ngulo a lo largo de los m\u00e1rgenes de las bases de las hojas.<\/li>\n<li>Altura moderada: La Dypsis decaryi es de tama\u00f1o moderado en comparaci\u00f3n con algunas otras palmas, alcanzando una altura t\u00edpica de 6 a 10 metros.<\/li>\n<li>Crecimiento relativamente lento: Aunque no es tan r\u00e1pido como algunas otras especies de palmas, la Dypsis decaryi tiene un crecimiento moderado.<\/li>\n<li>Inflorescencias colgantes: Produce inflorescencias colgantes que contienen peque\u00f1as flores de color blanco o crema.<\/li>\n<li>Frutos peque\u00f1os: Los frutos de esta palma son peque\u00f1os y de color rojo a negro cuando est\u00e1n maduros.<\/li>\n<li>Adaptabilidad: La Dypsis decaryi es resistente y adaptable a diversas condiciones clim\u00e1ticas y tipos de suelo, lo que la hace popular en regiones tropicales y subtropicales.<\/li>\n<li>Uso ornamental: Debido a su atractivo aspecto, la palma triangular se utiliza com\u00fanmente en jardiner\u00eda ornamental, tanto en jardines p\u00fablicos como privados.<\/li>\n<\/ul>","protected":false},"excerpt":{"rendered":"<p>\ud83d\udfe2 2,5m altura total<br \/>\n\ud83d\udfe2 Enmacetadas<br \/>\n\ud83d\udfe2 Posibilidad de entrega en domicilio<\/p>\n<p>Para m\u00e1s informaci\u00f3n, escr\u00edbanos a WhatsApp (+34) 644368939<\/p>","protected":false},"featured_media":6557,"comment_status":"open","ping_status":"closed","template":"","meta":{"give_campaign_id":0,"inline_featured_image":false},"product_brand":[],"product_cat":[63],"product_tag":[],"class_list":{"0":"post-6346","1":"product","2":"type-product","3":"status-publish","4":"has-post-thumbnail","6":"product_cat-palmeras-exoticas","7":"description-off","9":"first","10":"instock","11":"taxable","12":"shipping-taxable","13":"purchasable","14":"product-type-simple"},"_links":{"self":[{"href":"https:\/\/www.raizverde.com\/en\/wp-json\/wp\/v2\/product\/6346","targetHints":{"allow":["GET"]}}],"collection":[{"href":"https:\/\/www.raizverde.com\/en\/wp-json\/wp\/v2\/product"}],"about":[{"href":"https:\/\/www.raizverde.com\/en\/wp-json\/wp\/v2\/types\/product"}],"replies":[{"embeddable":true,"href":"https:\/\/www.raizverde.com\/en\/wp-json\/wp\/v2\/comments?post=6346"}],"wp:featuredmedia":[{"embeddable":true,"href":"https:\/\/www.raizverde.com\/en\/wp-json\/wp\/v2\/media\/6557"}],"wp:attachment":[{"href":"https:\/\/www.raizverde.com\/en\/wp-json\/wp\/v2\/media?parent=6346"}],"wp:term":[{"taxonomy":"product_brand","embeddable":true,"href":"https:\/\/www.raizverde.com\/en\/wp-json\/wp\/v2\/product_brand?post=6346"},{"taxonomy":"product_cat","embeddable":true,"href":"https:\/\/www.raizverde.com\/en\/wp-json\/wp\/v2\/product_cat?post=6346"},{"taxonomy":"product_tag","embeddable":true,"href":"https:\/\/www.raizverde.com\/en\/wp-json\/wp\/v2\/product_tag?post=6346"}],"curies":[{"name":"wp","href":"https:\/\/api.w.org\/{rel}","templated":true}]}}