{"id":6373,"date":"2025-06-23T12:11:14","date_gmt":"2025-06-23T10:11:14","guid":{"rendered":"https:\/\/www.raizverde.com\/?post_type=product&#038;p=6373"},"modified":"2026-01-08T17:21:30","modified_gmt":"2026-01-08T16:21:30","slug":"real-cubana","status":"publish","type":"product","link":"https:\/\/www.raizverde.com\/en\/product-2\/real-cubana\/","title":{"rendered":"REAL CUBANA"},"content":{"rendered":"<p>La palmera real cubana, cient\u00edficamente conocida como Roystonea regia, es una especie de palma que es nativa de Cuba y se encuentra tambi\u00e9n en otras regiones tropicales y subtropicales. Aqu\u00ed tienes algunas de las caracter\u00edsticas principales de la palmera real cubana:<\/p>\n<ul>\n<li>Altura impresionante: La palmera real cubana es conocida por su impresionante altura. Puede crecer hasta alcanzar alturas de 20 a 30 metros, o incluso m\u00e1s en condiciones ideales.<\/li>\n<li>\u2028\u2028Tronco recto y delgado: El tronco de la palmera real es recto y delgado, generalmente m\u00e1s ancho en la base y adelgaz\u00e1ndose hacia la parte superior. A menudo presenta anillos de cicatrices foliares, dejando un patr\u00f3n interesante en el tronco.<\/li>\n<li>Hojas pinnadas: Las hojas son grandes, pinnadas y con un aspecto de abanico. Cada hoja tiene varios segmentos o fol\u00edolos dispuestos en forma de abanico.<\/li>\n<li>Color verde intenso: Las hojas de la palmera real cubana son de un verde intenso y brillante, lo que le da a la planta un aspecto exuberante.<\/li>\n<li>\u2028\u2028Flores y frutos: Produce peque\u00f1as flores blancas o amarillentas que est\u00e1n agrupadas en inflorescencias. Los frutos son peque\u00f1as drupas de color rojo a negro.<\/li>\n<li>Adaptabilidad: La palmera real cubana es resistente y adaptable a una variedad de condiciones de suelo y clim\u00e1ticas, lo que la hace popular en paisajismo en regiones tropicales y subtropicales.<\/li>\n<li>Uso ornamental: Es ampliamente utilizada como planta ornamental en jardines y avenidas. Su elegante apariencia y su capacidad para crecer en diferentes tipos de suelo la convierten en una opci\u00f3n popular en proyectos de paisajismo.<\/li>\n<li>\u2028\u2028Crecimiento r\u00e1pido: Es conocida por su r\u00e1pido crecimiento en las etapas iniciales de su vida.<\/li>\n<li>Resistencia a huracanes: Aunque puede sufrir da\u00f1os durante fuertes tormentas y huracanes, la palma real cubana es relativamente resistente y puede recuperarse despu\u00e9s de eventos clim\u00e1ticos adversos.<\/li>\n<li>Estas caracter\u00edsticas hacen que la palmera real cubana sea una planta distintiva y apreciada en entornos tropicales y subtropicales.<\/li>\n<\/ul>","protected":false},"excerpt":{"rendered":"<p>\u00bfQuieres palmeras Real Cubana?<\/p>\n<p>\ud83d\udfe2 4,5m altura total<br \/>\n\ud83d\udfe2 Enmacetadas<br \/>\n\ud83d\udfe2 Posibilidad de entrega en domicilio<\/p>\n<p>Para m\u00e1s informaci\u00f3n, escr\u00edbanos a WhatsApp (+34) 644368939<\/p>","protected":false},"featured_media":6559,"comment_status":"open","ping_status":"closed","template":"","meta":{"give_campaign_id":0,"inline_featured_image":false},"product_brand":[],"product_cat":[63],"product_tag":[],"class_list":{"0":"post-6373","1":"product","2":"type-product","3":"status-publish","4":"has-post-thumbnail","6":"product_cat-palmeras-exoticas","7":"description-off","9":"first","10":"instock","11":"taxable","12":"shipping-taxable","13":"purchasable","14":"product-type-simple"},"_links":{"self":[{"href":"https:\/\/www.raizverde.com\/en\/wp-json\/wp\/v2\/product\/6373","targetHints":{"allow":["GET"]}}],"collection":[{"href":"https:\/\/www.raizverde.com\/en\/wp-json\/wp\/v2\/product"}],"about":[{"href":"https:\/\/www.raizverde.com\/en\/wp-json\/wp\/v2\/types\/product"}],"replies":[{"embeddable":true,"href":"https:\/\/www.raizverde.com\/en\/wp-json\/wp\/v2\/comments?post=6373"}],"wp:featuredmedia":[{"embeddable":true,"href":"https:\/\/www.raizverde.com\/en\/wp-json\/wp\/v2\/media\/6559"}],"wp:attachment":[{"href":"https:\/\/www.raizverde.com\/en\/wp-json\/wp\/v2\/media?parent=6373"}],"wp:term":[{"taxonomy":"product_brand","embeddable":true,"href":"https:\/\/www.raizverde.com\/en\/wp-json\/wp\/v2\/product_brand?post=6373"},{"taxonomy":"product_cat","embeddable":true,"href":"https:\/\/www.raizverde.com\/en\/wp-json\/wp\/v2\/product_cat?post=6373"},{"taxonomy":"product_tag","embeddable":true,"href":"https:\/\/www.raizverde.com\/en\/wp-json\/wp\/v2\/product_tag?post=6373"}],"curies":[{"name":"wp","href":"https:\/\/api.w.org\/{rel}","templated":true}]}}