{"id":6394,"date":"2025-06-23T12:31:44","date_gmt":"2025-06-23T10:31:44","guid":{"rendered":"https:\/\/www.raizverde.com\/?post_type=product&#038;p=6394"},"modified":"2026-01-09T16:56:50","modified_gmt":"2026-01-09T15:56:50","slug":"naranjos","status":"publish","type":"product","link":"https:\/\/www.raizverde.com\/en\/product-2\/naranjos\/","title":{"rendered":"NARANJOS"},"content":{"rendered":"<p>El naranjo (Citrus sinensis) es un \u00e1rbol frutal conocido por producir naranjas, una de las frutas c\u00edtricas m\u00e1s populares y consumidas en todo el mundo. Aqu\u00ed tienes algunas caracter\u00edsticas del naranjo:<\/p>\n<ul>\n<li>Tipo de planta: El naranjo es un \u00e1rbol perenne de hoja perenne que pertenece al g\u00e9nero Citrus y a la familia Rutaceae.<\/li>\n<li>Altura: Los naranjos pueden variar en altura, generalmente oscilan entre 3 y 6 metros, aunque en condiciones ideales pueden llegar a ser m\u00e1s altos.<\/li>\n<li>Follaje: Las hojas del naranjo son de color verde brillante, lanceoladas y arom\u00e1ticas. Son alternas, cori\u00e1ceas y tienen un borde dentado.<\/li>\n<li>Flores: Las flores son blancas, fragantes y se producen en racimos. Suelen ser hermafroditas, conteniendo \u00f3rganos reproductores masculinos y femeninos en la misma flor.<\/li>\n<li>Frutas: Las naranjas son el fruto caracter\u00edstico del naranjo. Tienen una c\u00e1scara gruesa y rugosa, y su pulpa es jugosa y dulce. Las naranjas son ricas en vitamina C y \u00e1cido c\u00edtrico.<\/li>\n<li>Clima: Al igual que otros c\u00edtricos, los naranjos prefieren climas c\u00e1lidos y subtropicales. Son sensibles a las heladas y se cultivan en regiones con inviernos suaves.<\/li>\n<li>Suelo: Prefieren suelos bien drenados y ligeramente \u00e1cidos. El encharcamiento del suelo debe evitarse para prevenir enfermedades de la ra\u00edz.<\/li>\n<li>Riego: Los naranjos requieren un riego regular, especialmente durante per\u00edodos secos. Sin embargo, es importante evitar el encharcamiento, ya que el exceso de agua puede ser perjudicial.<\/li>\n<li>Exposici\u00f3n al sol: Prefieren la exposici\u00f3n a pleno sol para un crecimiento \u00f3ptimo y para producir frutas de alta calidad.<\/li>\n<li>Cuidados y poda: Los naranjos pueden beneficiarse de podas ligeras para dar forma y mejorar la circulaci\u00f3n del aire. Tambi\u00e9n es importante fertilizarlos regularmente para mantener un buen crecimiento y producci\u00f3n de frutas.<\/li>\n<\/ul>","protected":false},"excerpt":{"rendered":"<p>\ud83d\udfe2 1,8m altura total<br \/>\n\ud83d\udfe2 Enmacetadas<br \/>\n\ud83d\udfe2 Posibilidad de entrega en domicilio<\/p>\n<p>Para m\u00e1s informaci\u00f3n, escr\u00edbanos a WhatsApp (+34) 644368939<\/p>","protected":false},"featured_media":6398,"comment_status":"open","ping_status":"closed","template":"","meta":{"give_campaign_id":0,"inline_featured_image":false},"product_brand":[],"product_cat":[64],"product_tag":[],"class_list":{"0":"post-6394","1":"product","2":"type-product","3":"status-publish","4":"has-post-thumbnail","6":"product_cat-frutales","7":"description-off","9":"first","10":"instock","11":"taxable","12":"shipping-taxable","13":"purchasable","14":"product-type-simple"},"_links":{"self":[{"href":"https:\/\/www.raizverde.com\/en\/wp-json\/wp\/v2\/product\/6394","targetHints":{"allow":["GET"]}}],"collection":[{"href":"https:\/\/www.raizverde.com\/en\/wp-json\/wp\/v2\/product"}],"about":[{"href":"https:\/\/www.raizverde.com\/en\/wp-json\/wp\/v2\/types\/product"}],"replies":[{"embeddable":true,"href":"https:\/\/www.raizverde.com\/en\/wp-json\/wp\/v2\/comments?post=6394"}],"wp:featuredmedia":[{"embeddable":true,"href":"https:\/\/www.raizverde.com\/en\/wp-json\/wp\/v2\/media\/6398"}],"wp:attachment":[{"href":"https:\/\/www.raizverde.com\/en\/wp-json\/wp\/v2\/media?parent=6394"}],"wp:term":[{"taxonomy":"product_brand","embeddable":true,"href":"https:\/\/www.raizverde.com\/en\/wp-json\/wp\/v2\/product_brand?post=6394"},{"taxonomy":"product_cat","embeddable":true,"href":"https:\/\/www.raizverde.com\/en\/wp-json\/wp\/v2\/product_cat?post=6394"},{"taxonomy":"product_tag","embeddable":true,"href":"https:\/\/www.raizverde.com\/en\/wp-json\/wp\/v2\/product_tag?post=6394"}],"curies":[{"name":"wp","href":"https:\/\/api.w.org\/{rel}","templated":true}]}}