{"id":6516,"date":"2025-07-09T11:49:28","date_gmt":"2025-07-09T09:49:28","guid":{"rendered":"https:\/\/www.raizverde.com\/?post_type=product&#038;p=6516"},"modified":"2026-01-09T13:47:27","modified_gmt":"2026-01-09T12:47:27","slug":"aguacate","status":"publish","type":"product","link":"https:\/\/www.raizverde.com\/en\/product-2\/aguacate\/","title":{"rendered":"AGUACATE"},"content":{"rendered":"<p>La planta de aguacate (Persea americana) es un \u00e1rbol de hoja perenne que pertenece a la familia Lauraceae. A continuaci\u00f3n, se describen algunas de sus caracter\u00edsticas principales:<\/p>\n<ul>\n<li>Tama\u00f1o y Forma:<br \/>\nEl \u00e1rbol de aguacate puede alcanzar entre 9 y 20 metros de altura, aunque en cultivo suele mantenerse m\u00e1s peque\u00f1o, alrededor de 4 a 6 metros, para facilitar la cosecha. Su forma es generalmente redondeada y sus ramas son extensas.<\/li>\n<li>Hojas:<br \/>\nSon grandes, de color verde brillante, de forma el\u00edptica o lanceolada, con un borde entero. Su tama\u00f1o puede variar entre 12 y 25 cm de largo.<\/li>\n<li>Flores:<br \/>\nLas flores del aguacate son peque\u00f1as, de color verde amarillento, y se agrupan en racimos. Cada flor tiene una estructura compleja, con una parte masculina y femenina, lo que permite la polinizaci\u00f3n cruzada, aunque no todas las variedades requieren un polinizador externo.<\/li>\n<li>Fruto:<br \/>\nEl aguacate es una fruta grande y carnosa, generalmente de forma ovalada o esf\u00e9rica. La piel puede ser rugosa (en variedades como el Hass) o lisa (como en la variedad Fuerte). Su pulpa es cremosa y de sabor suave, con un solo hueso grande en su interior.<\/li>\n<li>Ra\u00edz:<br \/>\nTiene un sistema radicular profundo que le permite acceder a fuentes de agua subterr\u00e1nea, aunque tambi\u00e9n puede desarrollar ra\u00edces superficiales.<\/li>\n<li>Clima:<br \/>\nEl aguacate es originario de zonas tropicales y subtropicales. Prefiere climas c\u00e1lidos con temperaturas que oscilan entre los 15 y 30 grados Celsius, y es sensible a las heladas.<\/li>\n<li>Requerimientos de suelo:<br \/>\nSe adapta a una amplia variedad de suelos, aunque prefiere suelos bien drenados, ricos en materia org\u00e1nica y con un pH ligeramente \u00e1cido (6\u20136.5).<\/li>\n<li>Crecimiento y Producci\u00f3n:<br \/>\nEs una planta de crecimiento lento al principio, pero puede empezar a producir frutos entre los 3 y 4 a\u00f1os si se cultiva desde un injerto. El rendimiento puede mejorar con la polinizaci\u00f3n cruzada de diferentes variedades.<\/li>\n<li>Usos:<br \/>\nAdem\u00e1s de su consumo directo como fruta, el aguacate es utilizado en la industria cosm\u00e9tica por sus propiedades hidratantes, y sus hojas, semillas y c\u00e1saras tienen aplicaciones en medicina tradicional.<\/li>\n<\/ul>\n<p>El aguacate es una planta vers\u00e1til y resistente, pero requiere cuidados espec\u00edficos, especialmente en cuanto a riego y protecci\u00f3n contra el viento, para lograr una cosecha de alta calidad.<\/p>","protected":false},"excerpt":{"rendered":"<p>\ud83d\udfe2 1,5m altura total<br \/>\n\ud83d\udfe2 Enmacetadas<br \/>\n\ud83d\udfe2 Posibilidad de entrega en domicilio<\/p>\n<p>Para m\u00e1s informaci\u00f3n, escr\u00edbanos a WhatsApp (+34) 644368939<\/p>","protected":false},"featured_media":6572,"comment_status":"open","ping_status":"closed","template":"","meta":{"give_campaign_id":0,"inline_featured_image":false},"product_brand":[],"product_cat":[64],"product_tag":[],"class_list":{"0":"post-6516","1":"product","2":"type-product","3":"status-publish","4":"has-post-thumbnail","6":"product_cat-frutales","7":"description-off","9":"first","10":"instock","11":"taxable","12":"shipping-taxable","13":"purchasable","14":"product-type-simple"},"_links":{"self":[{"href":"https:\/\/www.raizverde.com\/en\/wp-json\/wp\/v2\/product\/6516","targetHints":{"allow":["GET"]}}],"collection":[{"href":"https:\/\/www.raizverde.com\/en\/wp-json\/wp\/v2\/product"}],"about":[{"href":"https:\/\/www.raizverde.com\/en\/wp-json\/wp\/v2\/types\/product"}],"replies":[{"embeddable":true,"href":"https:\/\/www.raizverde.com\/en\/wp-json\/wp\/v2\/comments?post=6516"}],"wp:featuredmedia":[{"embeddable":true,"href":"https:\/\/www.raizverde.com\/en\/wp-json\/wp\/v2\/media\/6572"}],"wp:attachment":[{"href":"https:\/\/www.raizverde.com\/en\/wp-json\/wp\/v2\/media?parent=6516"}],"wp:term":[{"taxonomy":"product_brand","embeddable":true,"href":"https:\/\/www.raizverde.com\/en\/wp-json\/wp\/v2\/product_brand?post=6516"},{"taxonomy":"product_cat","embeddable":true,"href":"https:\/\/www.raizverde.com\/en\/wp-json\/wp\/v2\/product_cat?post=6516"},{"taxonomy":"product_tag","embeddable":true,"href":"https:\/\/www.raizverde.com\/en\/wp-json\/wp\/v2\/product_tag?post=6516"}],"curies":[{"name":"wp","href":"https:\/\/api.w.org\/{rel}","templated":true}]}}