{"id":6521,"date":"2024-12-13T06:39:50","date_gmt":"2024-12-13T05:39:50","guid":{"rendered":"https:\/\/www.raizverde.com\/?post_type=product&#038;p=6124"},"modified":"2026-03-24T18:00:10","modified_gmt":"2026-03-24T17:00:10","slug":"washingtonia-25-3-metros","status":"publish","type":"product","link":"https:\/\/www.raizverde.com\/en\/product-2\/washingtonia-25-3-metros\/","title":{"rendered":"WASHINGTONIA 2,5m \/ 3m"},"content":{"rendered":"<p class=\"p1\">La <b>Washingtonia Robusta<\/b>, conocida popularmente como <b>Palma de California<\/b>, es una planta ornamental que puede transformar y embellecer cualquier espacio, aportando valor y distinci\u00f3n a tu propiedad. Si deseas una planta resistente y de f\u00e1cil mantenimiento que a\u00f1ada estilo y sofisticaci\u00f3n a tu hogar o jard\u00edn, la Washingtonia Robusta es una excelente alternativa.<\/p>\n<p class=\"p1\">Una de las razones principales para elegir la <b>Washingtonia Robusta<\/b> es su notable capacidad de adaptaci\u00f3n a distintos climas. Esta palmera soporta tanto el calor extremo como el fr\u00edo intenso, adem\u00e1s de resistir sequ\u00edas prolongadas y vientos fuertes. Asimismo, presenta una gran resistencia frente a plagas y enfermedades, lo que reduce considerablemente la necesidad de cuidados.<\/p>\n<p class=\"p1\">Otro aspecto destacado de la <b>Washingtonia Robusta<\/b> es su r\u00e1pido crecimiento. En pocos a\u00f1os, puede alcanzar una altura impresionante, convirti\u00e9ndose en un elemento central y llamativo dentro de cualquier jard\u00edn o paisaje. Sus hojas elegantes y estilizadas a\u00f1aden un toque natural y sofisticado al entorno.<\/p>\n<p class=\"p1\">Adem\u00e1s, la <b>Washingtonia Robusta<\/b> es ideal para proporcionar sombra y privacidad. Plantando varias juntas, es posible crear un espacio fresco y protegido, perfecto para disfrutar al aire libre durante los d\u00edas calurosos del verano.<\/p>\n<p class=\"p1\">Por otro lado, invertir en una <b>Washingtonia Robusta<\/b> es una decisi\u00f3n acertada, ya que su longevidad y belleza contribuyen a aumentar el valor de cualquier propiedad, ya sea un hogar o un negocio.<\/p>\n<p class=\"p1\">En resumen, la <b>Washingtonia Robusta<\/b> es una palmera resistente, de crecimiento r\u00e1pido y sencillo cuidado que aporta elegancia y valor a cualquier espacio. Si buscas una planta duradera que eleve la apariencia de tu hogar o jard\u00edn, \u00a1la Washingtonia Robusta es la opci\u00f3n ideal!<\/p>","protected":false},"excerpt":{"rendered":"<p>\ud83d\udfe2 2,5m\/3m altura total<br \/>\n\ud83d\udfe2 Enmacetadas<br \/>\n\ud83d\udfe2 Posibilidad de entrega en domicilio<\/p>\n<p>Para m\u00e1s informaci\u00f3n, escr\u00edbanos a WhatsApp (+34) 644368939<\/p>","protected":false},"featured_media":6160,"comment_status":"open","ping_status":"closed","template":"","meta":{"give_campaign_id":0,"inline_featured_image":false},"product_brand":[],"product_cat":[73],"product_tag":[40],"class_list":{"0":"post-6521","1":"product","2":"type-product","3":"status-publish","4":"has-post-thumbnail","6":"product_cat-palmeras-washingtonias","7":"product_tag-palmera-washingtonia","8":"description-off","10":"first","11":"instock","12":"taxable","13":"shipping-taxable","14":"purchasable","15":"product-type-simple"},"_links":{"self":[{"href":"https:\/\/www.raizverde.com\/en\/wp-json\/wp\/v2\/product\/6521","targetHints":{"allow":["GET"]}}],"collection":[{"href":"https:\/\/www.raizverde.com\/en\/wp-json\/wp\/v2\/product"}],"about":[{"href":"https:\/\/www.raizverde.com\/en\/wp-json\/wp\/v2\/types\/product"}],"replies":[{"embeddable":true,"href":"https:\/\/www.raizverde.com\/en\/wp-json\/wp\/v2\/comments?post=6521"}],"wp:featuredmedia":[{"embeddable":true,"href":"https:\/\/www.raizverde.com\/en\/wp-json\/wp\/v2\/media\/6160"}],"wp:attachment":[{"href":"https:\/\/www.raizverde.com\/en\/wp-json\/wp\/v2\/media?parent=6521"}],"wp:term":[{"taxonomy":"product_brand","embeddable":true,"href":"https:\/\/www.raizverde.com\/en\/wp-json\/wp\/v2\/product_brand?post=6521"},{"taxonomy":"product_cat","embeddable":true,"href":"https:\/\/www.raizverde.com\/en\/wp-json\/wp\/v2\/product_cat?post=6521"},{"taxonomy":"product_tag","embeddable":true,"href":"https:\/\/www.raizverde.com\/en\/wp-json\/wp\/v2\/product_tag?post=6521"}],"curies":[{"name":"wp","href":"https:\/\/api.w.org\/{rel}","templated":true}]}}