{"id":6527,"date":"2025-05-03T13:29:58","date_gmt":"2025-05-03T11:29:58","guid":{"rendered":"https:\/\/www.raizverde.com\/?post_type=product&#038;p=6279"},"modified":"2026-02-11T19:58:24","modified_gmt":"2026-02-11T18:58:24","slug":"yucca-elephantipes-yucca-elephantipes-grande-copy","status":"publish","type":"product","link":"https:\/\/www.raizverde.com\/en\/product-2\/yucca-elephantipes-yucca-elephantipes-grande-copy\/","title":{"rendered":"YUCCA ELEPHANTIPES GRANDE"},"content":{"rendered":"<p>La <strong>Yuca elephantipes<\/strong> (tambi\u00e9n conocida como Yucca guatemalensis o Yucca gigantea) es una planta perenne que pertenece a la familia Asparagaceae. Es originaria de Am\u00e9rica Central y tiene las siguientes caracter\u00edsticas:<\/p>\n<ul>\n<li><strong>Tama\u00f1o y forma:<\/strong><br \/>\nAltura: Puede alcanzar entre 4 y 9 metros de altura en exteriores, aunque en interiores suele mantenerse m\u00e1s peque\u00f1a.<br \/>\nTronco: Su tronco es le\u00f1oso, grueso y puede asemejarse a la pata de un elefante, de ah\u00ed su nombre. Con la madurez, el tronco puede ramificarse, creando una apariencia arborescente.<\/li>\n<li><strong>Hojas:\u2028\u2028<\/strong><br \/>\nForma: Las hojas son largas y puntiagudas, de tipo lanceolado, con bordes lisos.<br \/>\nColor: Son de un verde intenso, aunque algunas variedades pueden tener hojas con bordes m\u00e1s claros o con tonos azulados.<br \/>\nTama\u00f1o: Pueden medir entre 30 y 100 cm de largo y 5 a 8 cm de ancho.<\/li>\n<li><strong>Flores:<\/strong><br \/>\nForma y tama\u00f1o: Produce inflorescencias en forma de racimo con flores blancas o blanco-cremosas en forma de campana.<br \/>\n\u00c9poca de floraci\u00f3n: Generalmente florece en verano, aunque puede no florecer todos los a\u00f1os en cultivo dom\u00e9stico.<\/li>\n<li><strong>Crecimiento:\u2028\u2028<\/strong> Es de crecimiento lento, pero es muy resistente y puede vivir muchos a\u00f1os.\u2028 Prefiere suelos bien drenados y arenosos, y aunque puede tolerar una amplia variedad de condiciones, prospera mejor en zonas soleadas o con luz brillante indirecta.<\/li>\n<li><strong>Resistenci<\/strong>a:<br \/>\nClima: Es una planta muy resistente a la sequ\u00eda y puede tolerar temperaturas de hasta -3\u00b0C, aunque prefiere climas c\u00e1lidos.<br \/>\nPlagas: Es bastante resistente a plagas, aunque puede ser susceptible a ataques de cochinillas o \u00e1caros si las condiciones son muy secas.<\/li>\n<li><strong>Uso ornamental:<\/strong>\u2028\u2028 Muy popular como planta ornamental tanto en interiores como en exteriores debido a su apariencia escultural.\u2028 Es ideal para jardines secos o xeriscapes debido a su baja necesidad de agua.<\/li>\n<li><strong>Cuidado:\u2028\u2028<\/strong> Requiere riego moderado, permitiendo que el suelo se seque entre riegos. \u2028No necesita mucha fertilizaci\u00f3n; una aplicaci\u00f3n de fertilizante balanceado una o dos veces al a\u00f1o es suficiente.\u2028 Puede tolerar la poda para controlar su tama\u00f1o y dar forma, especialmente cuando se cultiva en interiores.<\/li>\n<\/ul>\n<p>En resumen, la Yuca elephantipes es una planta robusta, de bajo mantenimiento y muy adaptable, que aporta un toque tropical y arquitect\u00f3nico a cualquier espacio donde se coloque.<\/p>","protected":false},"excerpt":{"rendered":"<p>\ud83d\udfe2 Enmacetadas<br \/>\n\ud83d\udfe2 Posibilidad de entrega en domicilio<\/p>\n<p>Para m\u00e1s informaci\u00f3n, escr\u00edbanos a WhatsApp (+34) 644368939<\/p>","protected":false},"featured_media":6281,"comment_status":"open","ping_status":"closed","template":"","meta":{"give_campaign_id":0,"inline_featured_image":false},"product_brand":[],"product_cat":[81],"product_tag":[],"class_list":{"0":"post-6527","1":"product","2":"type-product","3":"status-publish","4":"has-post-thumbnail","6":"product_cat-yucca-elephantipes","7":"description-off","9":"first","10":"instock","11":"taxable","12":"shipping-taxable","13":"purchasable","14":"product-type-simple"},"_links":{"self":[{"href":"https:\/\/www.raizverde.com\/en\/wp-json\/wp\/v2\/product\/6527","targetHints":{"allow":["GET"]}}],"collection":[{"href":"https:\/\/www.raizverde.com\/en\/wp-json\/wp\/v2\/product"}],"about":[{"href":"https:\/\/www.raizverde.com\/en\/wp-json\/wp\/v2\/types\/product"}],"replies":[{"embeddable":true,"href":"https:\/\/www.raizverde.com\/en\/wp-json\/wp\/v2\/comments?post=6527"}],"wp:featuredmedia":[{"embeddable":true,"href":"https:\/\/www.raizverde.com\/en\/wp-json\/wp\/v2\/media\/6281"}],"wp:attachment":[{"href":"https:\/\/www.raizverde.com\/en\/wp-json\/wp\/v2\/media?parent=6527"}],"wp:term":[{"taxonomy":"product_brand","embeddable":true,"href":"https:\/\/www.raizverde.com\/en\/wp-json\/wp\/v2\/product_brand?post=6527"},{"taxonomy":"product_cat","embeddable":true,"href":"https:\/\/www.raizverde.com\/en\/wp-json\/wp\/v2\/product_cat?post=6527"},{"taxonomy":"product_tag","embeddable":true,"href":"https:\/\/www.raizverde.com\/en\/wp-json\/wp\/v2\/product_tag?post=6527"}],"curies":[{"name":"wp","href":"https:\/\/api.w.org\/{rel}","templated":true}]}}