{"id":6532,"date":"2025-06-23T12:25:11","date_gmt":"2025-06-23T10:25:11","guid":{"rendered":"https:\/\/www.raizverde.com\/?post_type=product&#038;p=6380"},"modified":"2026-01-09T17:12:38","modified_gmt":"2026-01-09T16:12:38","slug":"mandarinos","status":"publish","type":"product","link":"https:\/\/www.raizverde.com\/en\/product-2\/mandarinos\/","title":{"rendered":"MANDARINOS"},"content":{"rendered":"<p>El mandarino (Citrus reticulata) es otro \u00e1rbol frutal perteneciente al g\u00e9nero Citrus, conocido por producir mandarinas, una variedad de c\u00edtricos con sabor dulce y f\u00e1cil de pelar. Aqu\u00ed tienes algunas caracter\u00edsticas del mandarino:<\/p>\n<ul>\n<li>Tipo de planta: El mandarino es un \u00e1rbol perenne de hoja perenne que pertenece al g\u00e9nero Citrus y a la familia Rutaceae, al igual que otros c\u00edtricos como el naranjo y el limonero.<\/li>\n<li>Altura: La altura del mandarino puede variar, generalmente oscila entre 3 y 6 metros, aunque la poda y las condiciones de cultivo pueden influir en su tama\u00f1o.<\/li>\n<li>\u2028\u2028Follaje: Las hojas son de color verde oscuro y m\u00e1s peque\u00f1as en comparaci\u00f3n con las de otros c\u00edtricos como el naranjo. Son lanceoladas, alternas y liberan un aroma c\u00edtrico caracter\u00edstico cuando se machacan.<\/li>\n<li>\u2028\u2028Flores: Las flores son blancas, fragantes y se producen en racimos. Al igual que en otros c\u00edtricos, las flores del mandarino suelen ser hermafroditas, conteniendo \u00f3rganos reproductores masculinos y femeninos en la misma flor.<\/li>\n<li>Frutas: Las mandarinas son el fruto t\u00edpico del mandarino. Tienen una c\u00e1scara fina, f\u00e1cil de pelar, y su pulpa es jugosa, dulce y arom\u00e1tica. Existen diversas variedades de mandarinas, como Clementinas, Satsumas y Tangerinas.<\/li>\n<li>Clima: Al igual que otros c\u00edtricos, los mandarinos prefieren climas c\u00e1lidos y subtropicales. Son sensibles a las heladas y se cultivan en regiones con inviernos suaves.<\/li>\n<li>Suelo: Prefieren suelos bien drenados y ligeramente \u00e1cidos. Es esencial evitar el encharcamiento del suelo para prevenir enfermedades de la ra\u00edz.<\/li>\n<li>Riego: Los mandarinos requieren un riego regular, especialmente durante per\u00edodos secos. Sin embargo, el exceso de agua debe evitarse para prevenir problemas relacionados con el encharcamiento.<\/li>\n<li>\u2028\u2028Exposici\u00f3n al sol: Prefieren la exposici\u00f3n a pleno sol para un crecimiento \u00f3ptimo y para producir frutas de alta calidad.<\/li>\n<li>\u2028\u2028Cuidados y poda: Los mandarinos pueden beneficiarse de podas ligeras para dar forma y mejorar la circulaci\u00f3n del aire. Tambi\u00e9n es importante fertilizarlos regularmente para mantener un buen crecimiento y producci\u00f3n de frutas.<\/li>\n<\/ul>","protected":false},"excerpt":{"rendered":"<p>\ud83d\udfe2 1,8m altura total<br \/>\n\ud83d\udfe2 Enmacetadas<br \/>\n\ud83d\udfe2 Posibilidad de entrega en domicilio<\/p>\n<p>Para m\u00e1s informaci\u00f3n, escr\u00edbanos a WhatsApp (+34) 644368939<\/p>","protected":false},"featured_media":6560,"comment_status":"open","ping_status":"closed","template":"","meta":{"give_campaign_id":0,"inline_featured_image":false},"product_brand":[],"product_cat":[64],"product_tag":[],"class_list":{"0":"post-6532","1":"product","2":"type-product","3":"status-publish","4":"has-post-thumbnail","6":"product_cat-frutales","7":"description-off","9":"first","10":"instock","11":"taxable","12":"shipping-taxable","13":"purchasable","14":"product-type-simple"},"_links":{"self":[{"href":"https:\/\/www.raizverde.com\/en\/wp-json\/wp\/v2\/product\/6532","targetHints":{"allow":["GET"]}}],"collection":[{"href":"https:\/\/www.raizverde.com\/en\/wp-json\/wp\/v2\/product"}],"about":[{"href":"https:\/\/www.raizverde.com\/en\/wp-json\/wp\/v2\/types\/product"}],"replies":[{"embeddable":true,"href":"https:\/\/www.raizverde.com\/en\/wp-json\/wp\/v2\/comments?post=6532"}],"wp:featuredmedia":[{"embeddable":true,"href":"https:\/\/www.raizverde.com\/en\/wp-json\/wp\/v2\/media\/6560"}],"wp:attachment":[{"href":"https:\/\/www.raizverde.com\/en\/wp-json\/wp\/v2\/media?parent=6532"}],"wp:term":[{"taxonomy":"product_brand","embeddable":true,"href":"https:\/\/www.raizverde.com\/en\/wp-json\/wp\/v2\/product_brand?post=6532"},{"taxonomy":"product_cat","embeddable":true,"href":"https:\/\/www.raizverde.com\/en\/wp-json\/wp\/v2\/product_cat?post=6532"},{"taxonomy":"product_tag","embeddable":true,"href":"https:\/\/www.raizverde.com\/en\/wp-json\/wp\/v2\/product_tag?post=6532"}],"curies":[{"name":"wp","href":"https:\/\/api.w.org\/{rel}","templated":true}]}}