{"id":6535,"date":"2025-06-23T12:44:19","date_gmt":"2025-06-23T10:44:19","guid":{"rendered":"https:\/\/www.raizverde.com\/?post_type=product&#038;p=6415"},"modified":"2026-01-09T16:50:44","modified_gmt":"2026-01-09T15:50:44","slug":"moreras-35m","status":"publish","type":"product","link":"https:\/\/www.raizverde.com\/en\/product-2\/moreras-35m\/","title":{"rendered":"MORERAS 3,5M"},"content":{"rendered":"<ul>\n<li>Hojas alternas y lobuladas: Las hojas de las moreras suelen ser grandes, de forma ovalada o cordada, con m\u00e1rgenes dentados o lobulados. La disposici\u00f3n alterna de las hojas significa que una hoja emerge en un lado del tallo y luego en el lado opuesto en un patr\u00f3n alterno a medida que se mueve hacia arriba.<\/li>\n<li>Crecimiento r\u00e1pido: La capacidad de las moreras para crecer r\u00e1pidamente las hace \u00fatiles en la reforestaci\u00f3n, en proyectos de paisajismo y como pantalla visual. Su r\u00e1pido crecimiento tambi\u00e9n puede ser beneficioso para proporcionar sombra en jardines y \u00e1reas de descanso.<\/li>\n<li>Adaptabilidad: Las moreras son conocidas por su adaptabilidad a diferentes climas y suelos. Pueden prosperar en una variedad de condiciones, desde climas templados hasta subtropicales, siempre que cuenten con un buen drenaje del suelo.<\/li>\n<li>Corteza lisa y gris\u00e1cea: En las moreras j\u00f3venes, la corteza tiende a ser suave y de color gris\u00e1ceo. Con el tiempo, a medida que el \u00e1rbol envejece, la corteza puede volverse m\u00e1s rugosa y desarrollar grietas.<\/li>\n<li>H\u00e1bito de crecimiento: Algunas moreras tienen un crecimiento m\u00e1s erguido y columnar, mientras que otras pueden tener un h\u00e1bito de crecimiento m\u00e1s extendido y ramificado. Esta variabilidad puede depender de la especie y las condiciones ambientales.<\/li>\n<li>\u2028\u2028Follaje caducifolio: La caducidad del follaje significa que las moreras pierden sus hojas en oto\u00f1o, generalmente antes de la temporada de invierno. Este proceso es parte del ciclo de vida de la planta y contribuye a su capacidad para conservar recursos durante los meses m\u00e1s fr\u00edos.<\/li>\n<li>\u2028\u2028Estas caracter\u00edsticas hacen de las moreras no solo una opci\u00f3n interesante desde el punto de vista ornamental sino tambi\u00e9n un recurso vers\u00e1til en diferentes entornos.<\/li>\n<\/ul>","protected":false},"excerpt":{"rendered":"<p>\ud83d\udfe2 Sin fruto<br \/>\n\ud83d\udfe2 3,5m altura total<br \/>\n\ud83d\udfe2 Enmacetadas<br \/>\n\ud83d\udfe2 Posibilidad de entrega en domicilio<\/p>\n<p>Para m\u00e1s informaci\u00f3n, escr\u00edbanos a WhatsApp (+34) 644368939<\/p>","protected":false},"featured_media":6565,"comment_status":"open","ping_status":"closed","template":"","meta":{"give_campaign_id":0,"inline_featured_image":false},"product_brand":[],"product_cat":[65],"product_tag":[],"class_list":{"0":"post-6535","1":"product","2":"type-product","3":"status-publish","4":"has-post-thumbnail","6":"product_cat-arboles","7":"description-off","9":"first","10":"instock","11":"taxable","12":"shipping-taxable","13":"purchasable","14":"product-type-simple"},"_links":{"self":[{"href":"https:\/\/www.raizverde.com\/en\/wp-json\/wp\/v2\/product\/6535","targetHints":{"allow":["GET"]}}],"collection":[{"href":"https:\/\/www.raizverde.com\/en\/wp-json\/wp\/v2\/product"}],"about":[{"href":"https:\/\/www.raizverde.com\/en\/wp-json\/wp\/v2\/types\/product"}],"replies":[{"embeddable":true,"href":"https:\/\/www.raizverde.com\/en\/wp-json\/wp\/v2\/comments?post=6535"}],"wp:featuredmedia":[{"embeddable":true,"href":"https:\/\/www.raizverde.com\/en\/wp-json\/wp\/v2\/media\/6565"}],"wp:attachment":[{"href":"https:\/\/www.raizverde.com\/en\/wp-json\/wp\/v2\/media?parent=6535"}],"wp:term":[{"taxonomy":"product_brand","embeddable":true,"href":"https:\/\/www.raizverde.com\/en\/wp-json\/wp\/v2\/product_brand?post=6535"},{"taxonomy":"product_cat","embeddable":true,"href":"https:\/\/www.raizverde.com\/en\/wp-json\/wp\/v2\/product_cat?post=6535"},{"taxonomy":"product_tag","embeddable":true,"href":"https:\/\/www.raizverde.com\/en\/wp-json\/wp\/v2\/product_tag?post=6535"}],"curies":[{"name":"wp","href":"https:\/\/api.w.org\/{rel}","templated":true}]}}