{"id":6619,"date":"2026-01-12T13:12:11","date_gmt":"2026-01-12T12:12:11","guid":{"rendered":"https:\/\/staging.raizverde.com\/?post_type=product&#038;p=6619"},"modified":"2026-01-12T13:12:11","modified_gmt":"2026-01-12T12:12:11","slug":"granados","status":"publish","type":"product","link":"https:\/\/www.raizverde.com\/en\/product-2\/granados\/","title":{"rendered":"GRANADOS"},"content":{"rendered":"<p data-start=\"0\" data-end=\"195\">El <strong data-start=\"3\" data-end=\"32\">granado (Punica granatum)<\/strong> es un \u00e1rbol frutal de hoja caduca o semicaduca que pertenece a la familia <strong data-start=\"107\" data-end=\"121\">Lythraceae<\/strong>. A continuaci\u00f3n, se describen algunas de sus caracter\u00edsticas principales:<\/p>\n<p data-start=\"197\" data-end=\"471\"><strong data-start=\"197\" data-end=\"216\">Tama\u00f1o y forma:<\/strong><br data-start=\"216\" data-end=\"219\" \/>El granado es un \u00e1rbol o arbusto de porte medio que puede alcanzar entre <strong data-start=\"292\" data-end=\"318\">3 y 6 metros de altura<\/strong>. Presenta un tronco corto, a menudo ramificado desde la base, con una copa redondeada, abierta y algo irregular, lo que le da un aspecto muy decorativo.<\/p>\n<p data-start=\"473\" data-end=\"636\"><strong data-start=\"473\" data-end=\"483\">Hojas:<\/strong><br data-start=\"483\" data-end=\"486\" \/>Sus hojas son <strong data-start=\"500\" data-end=\"533\">simples, opuestas y alargadas<\/strong>, de color verde brillante. Son de tama\u00f1o peque\u00f1o a medio y, en climas fr\u00edos, caen durante el invierno.<\/p>\n<p data-start=\"638\" data-end=\"874\"><strong data-start=\"638\" data-end=\"649\">Flores:<\/strong><br data-start=\"649\" data-end=\"652\" \/>Las flores del granado son <strong data-start=\"679\" data-end=\"737\">grandes, vistosas y de color rojo intenso o anaranjado<\/strong>, con forma de campana. Aparecen de manera solitaria o en peque\u00f1os grupos y tienen un alto valor ornamental, adem\u00e1s de ser hermafroditas.<\/p>\n<p data-start=\"876\" data-end=\"1194\"><strong data-start=\"876\" data-end=\"886\">Fruto:<\/strong><br data-start=\"886\" data-end=\"889\" \/>El fruto es la <strong data-start=\"904\" data-end=\"915\">granada<\/strong>, de forma redondeada y piel gruesa y cori\u00e1cea, de color rojo, rosado o amarillento seg\u00fan la variedad. En su interior contiene numerosos arilos jugosos y dulces o ligeramente \u00e1cidos, que rodean las semillas. Es un fruto comestible muy apreciado por sus propiedades nutricionales.<\/p>\n<p data-start=\"1196\" data-end=\"1348\"><strong data-start=\"1196\" data-end=\"1205\">Ra\u00edz:<\/strong><br data-start=\"1205\" data-end=\"1208\" \/>Posee un sistema radicular <strong data-start=\"1235\" data-end=\"1256\">fuerte y profundo<\/strong>, bien adaptado a suelos secos. Tolera bien la sequ\u00eda, pero no el encharcamiento prolongado.<\/p>\n<p data-start=\"1350\" data-end=\"1560\"><strong data-start=\"1350\" data-end=\"1360\">Clima:<\/strong><br data-start=\"1360\" data-end=\"1363\" \/>El granado es originario de regiones de <strong data-start=\"1403\" data-end=\"1440\">Asia occidental y el Mediterr\u00e1neo<\/strong>. Prefiere climas c\u00e1lidos y secos, con veranos calurosos e inviernos suaves. Tolera heladas ligeras una vez establecido.<\/p>\n<p data-start=\"1562\" data-end=\"1737\"><strong data-start=\"1562\" data-end=\"1590\">Requerimientos de suelo:<\/strong><br data-start=\"1590\" data-end=\"1593\" \/>Se adapta a una amplia variedad de suelos, incluso pobres, siempre que est\u00e9n <strong data-start=\"1670\" data-end=\"1687\">bien drenados<\/strong>. Prefiere suelos ligeramente alcalinos o neutros.<\/p>\n<p data-start=\"1739\" data-end=\"1939\"><strong data-start=\"1739\" data-end=\"1755\">Crecimiento:<\/strong><br data-start=\"1755\" data-end=\"1758\" \/>Es un \u00e1rbol de <strong data-start=\"1773\" data-end=\"1794\">crecimiento medio<\/strong>, que comienza a producir frutos entre los <strong data-start=\"1837\" data-end=\"1851\">3 y 5 a\u00f1os<\/strong> despu\u00e9s de la plantaci\u00f3n. Es longevo y puede mantenerse productivo durante muchos a\u00f1os.<\/p>\n<p data-start=\"1941\" data-end=\"2170\"><strong data-start=\"1941\" data-end=\"1950\">Usos:<\/strong><br data-start=\"1950\" data-end=\"1953\" \/>El granado se cultiva principalmente por su <strong data-start=\"1997\" data-end=\"2006\">fruto<\/strong>, destinado al consumo fresco, zumos y usos culinarios. Tambi\u00e9n se emplea como planta ornamental en jardines y alineaciones por la belleza de su floraci\u00f3n y frutos.<\/p>\n<p data-start=\"2172\" data-end=\"2377\" data-is-last-node=\"\" data-is-only-node=\"\">El granado es un \u00e1rbol frutal muy valorado por su resistencia, su atractivo ornamental y la calidad de sus frutos, siendo ideal para climas mediterr\u00e1neos y zonas con veranos secos y buena exposici\u00f3n solar.<\/p>","protected":false},"excerpt":{"rendered":"<p>\ud83d\udfe2 2m altura total<br \/>\n\ud83d\udfe2 Posibilidad de entrega en domicilio<\/p>\n<p>Para m\u00e1s informaci\u00f3n, escr\u00edbanos a WhatsApp (+34) 644368939<\/p>","protected":false},"featured_media":6620,"comment_status":"open","ping_status":"closed","template":"","meta":{"give_campaign_id":0,"inline_featured_image":false},"product_brand":[],"product_cat":[64],"product_tag":[],"class_list":{"0":"post-6619","1":"product","2":"type-product","3":"status-publish","4":"has-post-thumbnail","6":"product_cat-frutales","7":"description-off","9":"first","10":"instock","11":"taxable","12":"shipping-taxable","13":"purchasable","14":"product-type-simple"},"_links":{"self":[{"href":"https:\/\/www.raizverde.com\/en\/wp-json\/wp\/v2\/product\/6619","targetHints":{"allow":["GET"]}}],"collection":[{"href":"https:\/\/www.raizverde.com\/en\/wp-json\/wp\/v2\/product"}],"about":[{"href":"https:\/\/www.raizverde.com\/en\/wp-json\/wp\/v2\/types\/product"}],"replies":[{"embeddable":true,"href":"https:\/\/www.raizverde.com\/en\/wp-json\/wp\/v2\/comments?post=6619"}],"wp:featuredmedia":[{"embeddable":true,"href":"https:\/\/www.raizverde.com\/en\/wp-json\/wp\/v2\/media\/6620"}],"wp:attachment":[{"href":"https:\/\/www.raizverde.com\/en\/wp-json\/wp\/v2\/media?parent=6619"}],"wp:term":[{"taxonomy":"product_brand","embeddable":true,"href":"https:\/\/www.raizverde.com\/en\/wp-json\/wp\/v2\/product_brand?post=6619"},{"taxonomy":"product_cat","embeddable":true,"href":"https:\/\/www.raizverde.com\/en\/wp-json\/wp\/v2\/product_cat?post=6619"},{"taxonomy":"product_tag","embeddable":true,"href":"https:\/\/www.raizverde.com\/en\/wp-json\/wp\/v2\/product_tag?post=6619"}],"curies":[{"name":"wp","href":"https:\/\/api.w.org\/{rel}","templated":true}]}}