{"id":6621,"date":"2026-01-12T13:14:39","date_gmt":"2026-01-12T12:14:39","guid":{"rendered":"https:\/\/staging.raizverde.com\/?post_type=product&#038;p=6621"},"modified":"2026-01-12T13:14:39","modified_gmt":"2026-01-12T12:14:39","slug":"cumkuat","status":"publish","type":"product","link":"https:\/\/www.raizverde.com\/en\/product-2\/cumkuat\/","title":{"rendered":"CUMKUAT"},"content":{"rendered":"<p data-start=\"0\" data-end=\"191\">El <strong data-start=\"3\" data-end=\"42\">kumquat o cumquat (Citrus japonica)<\/strong> es un \u00e1rbol frutal de hoja perenne que pertenece a la familia <strong data-start=\"105\" data-end=\"117\">Rutaceae<\/strong>. A continuaci\u00f3n, se describen algunas de sus caracter\u00edsticas principales:<\/p>\n<p data-start=\"193\" data-end=\"465\"><strong data-start=\"193\" data-end=\"212\">Tama\u00f1o y forma:<\/strong><br data-start=\"212\" data-end=\"215\" \/>El kumquat es un \u00e1rbol o arbusto de peque\u00f1o porte que suele alcanzar entre <strong data-start=\"290\" data-end=\"316\">2 y 4 metros de altura<\/strong>. Presenta un tronco delgado y bien ramificado, con una copa compacta, redondeada y muy decorativa, ideal para jardines peque\u00f1os y cultivo en maceta.<\/p>\n<p data-start=\"467\" data-end=\"648\"><strong data-start=\"467\" data-end=\"477\">Hojas:<\/strong><br data-start=\"477\" data-end=\"480\" \/>Sus hojas son <strong data-start=\"494\" data-end=\"530\">simples, lanceoladas y cori\u00e1ceas<\/strong>, de color verde oscuro brillante. Son perennes y de tama\u00f1o peque\u00f1o a medio, manteni\u00e9ndose verdes durante todo el a\u00f1o.<\/p>\n<p data-start=\"650\" data-end=\"862\"><strong data-start=\"650\" data-end=\"661\">Flores:<\/strong><br data-start=\"661\" data-end=\"664\" \/>Las flores del kumquat son <strong data-start=\"691\" data-end=\"729\">blancas, peque\u00f1as y muy arom\u00e1ticas<\/strong>, similares a las de otros c\u00edtricos. Aparecen solitarias o en peque\u00f1os grupos y son hermafroditas, lo que facilita la fructificaci\u00f3n.<\/p>\n<p data-start=\"864\" data-end=\"1133\"><strong data-start=\"864\" data-end=\"874\">Fruto:<\/strong><br data-start=\"874\" data-end=\"877\" \/>El fruto es peque\u00f1o, <strong data-start=\"898\" data-end=\"922\">ovalado o redondeado<\/strong>, de piel fina y color naranja intenso al madurar. La pulpa es ligeramente \u00e1cida, mientras que la piel es dulce, por lo que el fruto se consume entero. Es muy apreciado tanto fresco como en confituras y licores.<\/p>\n<p data-start=\"1135\" data-end=\"1294\"><strong data-start=\"1135\" data-end=\"1144\">Ra\u00edz:<\/strong><br data-start=\"1144\" data-end=\"1147\" \/>Posee un sistema radicular <strong data-start=\"1174\" data-end=\"1202\">compacto y poco profundo<\/strong>, adecuado para el cultivo en maceta. Es sensible al encharcamiento y requiere buen drenaje.<\/p>\n<p data-start=\"1296\" data-end=\"1525\"><strong data-start=\"1296\" data-end=\"1306\">Clima:<\/strong><br data-start=\"1306\" data-end=\"1309\" \/>El kumquat es originario de <strong data-start=\"1337\" data-end=\"1354\">Asia oriental<\/strong>. Prefiere climas templados y c\u00e1lidos, aunque es uno de los c\u00edtricos m\u00e1s resistentes al fr\u00edo. Tolera temperaturas bajas moderadas, evitando heladas intensas y prolongadas.<\/p>\n<p data-start=\"1527\" data-end=\"1690\"><strong data-start=\"1527\" data-end=\"1555\">Requerimientos de suelo:<\/strong><br data-start=\"1555\" data-end=\"1558\" \/>Se adapta bien a suelos <strong data-start=\"1582\" data-end=\"1619\">ligeros, f\u00e9rtiles y bien drenados<\/strong>, ricos en materia org\u00e1nica. Prefiere un pH ligeramente \u00e1cido a neutro.<\/p>\n<p data-start=\"1692\" data-end=\"1850\"><strong data-start=\"1692\" data-end=\"1708\">Crecimiento:<\/strong><br data-start=\"1708\" data-end=\"1711\" \/>Es un \u00e1rbol de <strong data-start=\"1726\" data-end=\"1755\">crecimiento lento a medio<\/strong>, que puede comenzar a producir frutos a partir del <strong data-start=\"1807\" data-end=\"1830\">tercer o cuarto a\u00f1o<\/strong> tras la plantaci\u00f3n.<\/p>\n<p data-start=\"1852\" data-end=\"2034\"><strong data-start=\"1852\" data-end=\"1861\">Usos:<\/strong><br data-start=\"1861\" data-end=\"1864\" \/>El kumquat se cultiva principalmente por su <strong data-start=\"1908\" data-end=\"1917\">fruto<\/strong>, pero tambi\u00e9n tiene un alto valor ornamental por su follaje perenne, floraci\u00f3n arom\u00e1tica y abundante fructificaci\u00f3n.<\/p>\n<p data-start=\"2036\" data-end=\"2237\" data-is-last-node=\"\" data-is-only-node=\"\">El kumquat es un frutal muy apreciado por su rusticidad, tama\u00f1o compacto y atractivo est\u00e9tico, siendo ideal para jardines, terrazas y patios, siempre que reciba buena exposici\u00f3n solar y riego moderado.<\/p>","protected":false},"excerpt":{"rendered":"<p>\ud83d\udfe2 1.8m altura total<br \/>\n\ud83d\udfe2 Posibilidad de entrega en domicilio<\/p>\n<p>Para m\u00e1s informaci\u00f3n, escr\u00edbanos a WhatsApp (+34) 644368939<\/p>","protected":false},"featured_media":6622,"comment_status":"open","ping_status":"closed","template":"","meta":{"give_campaign_id":0,"inline_featured_image":false},"product_brand":[],"product_cat":[64],"product_tag":[],"class_list":{"0":"post-6621","1":"product","2":"type-product","3":"status-publish","4":"has-post-thumbnail","6":"product_cat-frutales","7":"description-off","9":"first","10":"instock","11":"taxable","12":"shipping-taxable","13":"purchasable","14":"product-type-simple"},"_links":{"self":[{"href":"https:\/\/www.raizverde.com\/en\/wp-json\/wp\/v2\/product\/6621","targetHints":{"allow":["GET"]}}],"collection":[{"href":"https:\/\/www.raizverde.com\/en\/wp-json\/wp\/v2\/product"}],"about":[{"href":"https:\/\/www.raizverde.com\/en\/wp-json\/wp\/v2\/types\/product"}],"replies":[{"embeddable":true,"href":"https:\/\/www.raizverde.com\/en\/wp-json\/wp\/v2\/comments?post=6621"}],"wp:featuredmedia":[{"embeddable":true,"href":"https:\/\/www.raizverde.com\/en\/wp-json\/wp\/v2\/media\/6622"}],"wp:attachment":[{"href":"https:\/\/www.raizverde.com\/en\/wp-json\/wp\/v2\/media?parent=6621"}],"wp:term":[{"taxonomy":"product_brand","embeddable":true,"href":"https:\/\/www.raizverde.com\/en\/wp-json\/wp\/v2\/product_brand?post=6621"},{"taxonomy":"product_cat","embeddable":true,"href":"https:\/\/www.raizverde.com\/en\/wp-json\/wp\/v2\/product_cat?post=6621"},{"taxonomy":"product_tag","embeddable":true,"href":"https:\/\/www.raizverde.com\/en\/wp-json\/wp\/v2\/product_tag?post=6621"}],"curies":[{"name":"wp","href":"https:\/\/api.w.org\/{rel}","templated":true}]}}