{"id":6632,"date":"2026-01-12T16:48:21","date_gmt":"2026-01-12T15:48:21","guid":{"rendered":"https:\/\/staging.raizverde.com\/?post_type=product&#038;p=6632"},"modified":"2026-01-13T16:36:29","modified_gmt":"2026-01-13T15:36:29","slug":"limequat","status":"publish","type":"product","link":"https:\/\/www.raizverde.com\/en\/product-2\/limequat\/","title":{"rendered":"LIMEQUAT"},"content":{"rendered":"<h3 data-start=\"131\" data-end=\"198\">Limequat (Citrus \u00d7 floridana) \u2013 C\u00edtrico arom\u00e1tico y refrescante<\/h3>\n<p data-start=\"200\" data-end=\"435\">El <strong data-start=\"203\" data-end=\"215\">Limequat<\/strong> es un c\u00edtrico h\u00edbrido muy valorado tanto por su <strong data-start=\"264\" data-end=\"297\">fruto arom\u00e1tico y refrescante<\/strong> como por su <strong data-start=\"310\" data-end=\"332\">belleza ornamental<\/strong>. Es ideal para jardines, huertos urbanos, terrazas y macetas, aportando un toque ex\u00f3tico y fragante.<\/p>\n<p data-start=\"437\" data-end=\"593\">Sus hojas verdes y brillantes, junto a sus peque\u00f1os frutos redondos o el\u00edpticos, hacen del Limequat una planta <strong data-start=\"548\" data-end=\"592\">vers\u00e1til, decorativa y \u00fatil en la cocina<\/strong>.<\/p>\n<h4 data-start=\"595\" data-end=\"628\">Caracter\u00edsticas principales:<\/h4>\n<ul data-start=\"629\" data-end=\"949\">\n<li data-start=\"629\" data-end=\"681\">\n<p data-start=\"631\" data-end=\"681\">Crecimiento moderado, controlable mediante poda.<\/p>\n<\/li>\n<li data-start=\"682\" data-end=\"745\">\n<p data-start=\"684\" data-end=\"745\">Altura de 2 a 3 metros en exterior; m\u00e1s compacta en maceta.<\/p>\n<\/li>\n<li data-start=\"746\" data-end=\"788\">\n<p data-start=\"748\" data-end=\"788\">Hojas verdes, brillantes y arom\u00e1ticas.<\/p>\n<\/li>\n<li data-start=\"789\" data-end=\"873\">\n<p data-start=\"791\" data-end=\"873\">Frutos peque\u00f1os, verdes o amarillos, muy apreciados en gastronom\u00eda y cocteler\u00eda.<\/p>\n<\/li>\n<li data-start=\"874\" data-end=\"949\">\n<p data-start=\"876\" data-end=\"949\">Prefiere climas c\u00e1lidos, exposici\u00f3n solar plena y suelos bien drenados.<\/p>\n<\/li>\n<\/ul>\n<h4 data-start=\"951\" data-end=\"974\">Usos recomendados:<\/h4>\n<ul data-start=\"975\" data-end=\"1138\">\n<li data-start=\"975\" data-end=\"1016\">\n<p data-start=\"977\" data-end=\"1016\">Huertos urbanos y jardines dom\u00e9sticos<\/p>\n<\/li>\n<li data-start=\"1017\" data-end=\"1048\">\n<p data-start=\"1019\" data-end=\"1048\">Terrazas y patios en maceta<\/p>\n<\/li>\n<li data-start=\"1049\" data-end=\"1086\">\n<p data-start=\"1051\" data-end=\"1086\">Cultivo ornamental y gastron\u00f3mico<\/p>\n<\/li>\n<li data-start=\"1087\" data-end=\"1138\">\n<p data-start=\"1089\" data-end=\"1138\">Proyectos de jardiner\u00eda mediterr\u00e1nea y tropical<\/p>\n<\/li>\n<\/ul>\n<p data-start=\"1140\" data-end=\"1300\">El <strong data-start=\"1143\" data-end=\"1155\">Limequat<\/strong> es perfecto para quienes buscan un c\u00edtrico <strong data-start=\"1199\" data-end=\"1236\">decorativo, fragante y productivo<\/strong>, ideal para combinar belleza natural y utilidad en la cocina.<\/p>\n<p data-start=\"1302\" data-end=\"1342\">\ud83c\udf4b <em data-start=\"1305\" data-end=\"1340\">Disponible en diferentes tama\u00f1os.<\/em><\/p>","protected":false},"excerpt":{"rendered":"<p>\ud83d\udfe2 1.8m altura total<br \/>\n\ud83d\udfe2 Posibilidad de entrega en domicilio<\/p>\n<p>Para m\u00e1s informaci\u00f3n, escr\u00edbanos a WhatsApp (+34) 644368939<\/p>","protected":false},"featured_media":6633,"comment_status":"open","ping_status":"closed","template":"","meta":{"give_campaign_id":0,"inline_featured_image":false},"product_brand":[],"product_cat":[64],"product_tag":[],"class_list":{"0":"post-6632","1":"product","2":"type-product","3":"status-publish","4":"has-post-thumbnail","6":"product_cat-frutales","7":"description-off","9":"first","10":"instock","11":"taxable","12":"shipping-taxable","13":"purchasable","14":"product-type-simple"},"_links":{"self":[{"href":"https:\/\/www.raizverde.com\/en\/wp-json\/wp\/v2\/product\/6632","targetHints":{"allow":["GET"]}}],"collection":[{"href":"https:\/\/www.raizverde.com\/en\/wp-json\/wp\/v2\/product"}],"about":[{"href":"https:\/\/www.raizverde.com\/en\/wp-json\/wp\/v2\/types\/product"}],"replies":[{"embeddable":true,"href":"https:\/\/www.raizverde.com\/en\/wp-json\/wp\/v2\/comments?post=6632"}],"wp:featuredmedia":[{"embeddable":true,"href":"https:\/\/www.raizverde.com\/en\/wp-json\/wp\/v2\/media\/6633"}],"wp:attachment":[{"href":"https:\/\/www.raizverde.com\/en\/wp-json\/wp\/v2\/media?parent=6632"}],"wp:term":[{"taxonomy":"product_brand","embeddable":true,"href":"https:\/\/www.raizverde.com\/en\/wp-json\/wp\/v2\/product_brand?post=6632"},{"taxonomy":"product_cat","embeddable":true,"href":"https:\/\/www.raizverde.com\/en\/wp-json\/wp\/v2\/product_cat?post=6632"},{"taxonomy":"product_tag","embeddable":true,"href":"https:\/\/www.raizverde.com\/en\/wp-json\/wp\/v2\/product_tag?post=6632"}],"curies":[{"name":"wp","href":"https:\/\/api.w.org\/{rel}","templated":true}]}}