{"id":6637,"date":"2026-01-12T17:15:25","date_gmt":"2026-01-12T16:15:25","guid":{"rendered":"https:\/\/staging.raizverde.com\/?post_type=product&#038;p=6637"},"modified":"2026-01-13T16:28:45","modified_gmt":"2026-01-13T15:28:45","slug":"plataneras","status":"publish","type":"product","link":"https:\/\/www.raizverde.com\/en\/product-2\/plataneras\/","title":{"rendered":"PLATANERAS"},"content":{"rendered":"<h3 data-start=\"157\" data-end=\"231\">Platanera (Musa spp.) \u2013 Planta tropical de gran porte y efecto ex\u00f3tico<\/h3>\n<p data-start=\"233\" data-end=\"520\">La <strong data-start=\"236\" data-end=\"249\">Platanera<\/strong> (<em data-start=\"251\" data-end=\"262\">Musa spp.<\/em>) es una planta tropical muy apreciada en jardiner\u00eda por su <strong data-start=\"322\" data-end=\"377\">gran tama\u00f1o, hojas espectaculares y aspecto ex\u00f3tico<\/strong>. Es ideal para crear <strong data-start=\"399\" data-end=\"423\">ambientes tropicales<\/strong> en jardines, terrazas amplias y zonas de piscina, aportando frescura y un fuerte impacto visual.<\/p>\n<p data-start=\"522\" data-end=\"631\">Adem\u00e1s de su valor ornamental, algunas variedades producen <strong data-start=\"581\" data-end=\"605\">pl\u00e1tanos comestibles<\/strong> en condiciones adecuadas.<\/p>\n<h4 data-start=\"633\" data-end=\"666\">Caracter\u00edsticas principales:<\/h4>\n<ul data-start=\"667\" data-end=\"1009\">\n<li data-start=\"667\" data-end=\"727\">\n<p data-start=\"669\" data-end=\"727\"><strong data-start=\"669\" data-end=\"691\">Crecimiento r\u00e1pido<\/strong>, especialmente en climas c\u00e1lidos.<\/p>\n<\/li>\n<li data-start=\"728\" data-end=\"799\">\n<p data-start=\"730\" data-end=\"799\">Puede alcanzar entre <strong data-start=\"751\" data-end=\"777\">3 y 7 metros de altura<\/strong>, seg\u00fan la variedad.<\/p>\n<\/li>\n<li data-start=\"800\" data-end=\"875\">\n<p data-start=\"802\" data-end=\"875\"><strong data-start=\"802\" data-end=\"855\">Hojas grandes, alargadas y de color verde intenso<\/strong>, muy decorativas.<\/p>\n<\/li>\n<li data-start=\"876\" data-end=\"935\">\n<p data-start=\"878\" data-end=\"935\">Planta <strong data-start=\"885\" data-end=\"913\">perenne en climas suaves<\/strong> y de f\u00e1cil rebrote.<\/p>\n<\/li>\n<li data-start=\"936\" data-end=\"1009\">\n<p data-start=\"938\" data-end=\"1009\">Prefiere <strong data-start=\"947\" data-end=\"960\">pleno sol<\/strong>, riego frecuente y suelos ricos y bien drenados.<\/p>\n<\/li>\n<\/ul>\n<h4 data-start=\"1011\" data-end=\"1034\">Usos recomendados:<\/h4>\n<ul data-start=\"1035\" data-end=\"1163\">\n<li data-start=\"1035\" data-end=\"1073\">\n<p data-start=\"1037\" data-end=\"1073\">Jardines tropicales y ornamentales<\/p>\n<\/li>\n<li data-start=\"1074\" data-end=\"1094\">\n<p data-start=\"1076\" data-end=\"1094\">Zonas de piscina<\/p>\n<\/li>\n<li data-start=\"1095\" data-end=\"1127\">\n<p data-start=\"1097\" data-end=\"1127\">Grandes macetas y jardineras<\/p>\n<\/li>\n<li data-start=\"1128\" data-end=\"1163\">\n<p data-start=\"1130\" data-end=\"1163\">Proyectos de paisajismo ex\u00f3tico<\/p>\n<\/li>\n<\/ul>\n<p data-start=\"1165\" data-end=\"1346\">La <strong data-start=\"1168\" data-end=\"1181\">Platanera<\/strong> es perfecta para quienes buscan una planta <strong data-start=\"1225\" data-end=\"1271\">llamativa, tropical y de r\u00e1pido desarrollo<\/strong>, capaz de transformar cualquier espacio exterior en un entorno exuberante.<\/p>\n<p data-start=\"1348\" data-end=\"1473\">\ud83c\udf4c <em data-start=\"1351\" data-end=\"1473\">Disponible en diferentes variedades y tama\u00f1os.<\/em><\/p>","protected":false},"excerpt":{"rendered":"<p>\ud83d\udfe2 2.5m altura total<br \/>\n\ud83d\udfe2 Posibilidad de entrega en domicilio<\/p>\n<p>Para m\u00e1s informaci\u00f3n, escr\u00edbanos a WhatsApp (+34) 644368939<\/p>","protected":false},"featured_media":6638,"comment_status":"open","ping_status":"closed","template":"","meta":{"give_campaign_id":0,"inline_featured_image":false},"product_brand":[],"product_cat":[64],"product_tag":[],"class_list":{"0":"post-6637","1":"product","2":"type-product","3":"status-publish","4":"has-post-thumbnail","6":"product_cat-frutales","7":"description-off","9":"first","10":"instock","11":"taxable","12":"shipping-taxable","13":"purchasable","14":"product-type-simple"},"_links":{"self":[{"href":"https:\/\/www.raizverde.com\/en\/wp-json\/wp\/v2\/product\/6637","targetHints":{"allow":["GET"]}}],"collection":[{"href":"https:\/\/www.raizverde.com\/en\/wp-json\/wp\/v2\/product"}],"about":[{"href":"https:\/\/www.raizverde.com\/en\/wp-json\/wp\/v2\/types\/product"}],"replies":[{"embeddable":true,"href":"https:\/\/www.raizverde.com\/en\/wp-json\/wp\/v2\/comments?post=6637"}],"wp:featuredmedia":[{"embeddable":true,"href":"https:\/\/www.raizverde.com\/en\/wp-json\/wp\/v2\/media\/6638"}],"wp:attachment":[{"href":"https:\/\/www.raizverde.com\/en\/wp-json\/wp\/v2\/media?parent=6637"}],"wp:term":[{"taxonomy":"product_brand","embeddable":true,"href":"https:\/\/www.raizverde.com\/en\/wp-json\/wp\/v2\/product_brand?post=6637"},{"taxonomy":"product_cat","embeddable":true,"href":"https:\/\/www.raizverde.com\/en\/wp-json\/wp\/v2\/product_cat?post=6637"},{"taxonomy":"product_tag","embeddable":true,"href":"https:\/\/www.raizverde.com\/en\/wp-json\/wp\/v2\/product_tag?post=6637"}],"curies":[{"name":"wp","href":"https:\/\/api.w.org\/{rel}","templated":true}]}}