{"id":6639,"date":"2026-01-12T17:18:04","date_gmt":"2026-01-12T16:18:04","guid":{"rendered":"https:\/\/staging.raizverde.com\/?post_type=product&#038;p=6639"},"modified":"2026-01-13T16:27:56","modified_gmt":"2026-01-13T15:27:56","slug":"lima-kefir-histrix-combawa","status":"publish","type":"product","link":"https:\/\/www.raizverde.com\/en\/product-2\/lima-kefir-histrix-combawa\/","title":{"rendered":"LIMA K\u00c9FIR \/ HISTRIX COMBAWA"},"content":{"rendered":"<h3 data-start=\"152\" data-end=\"223\">Lima K\u00e9fir \/ Combawa (Citrus hystrix) \u2013 C\u00edtrico arom\u00e1tico y ex\u00f3tico<\/h3>\n<p data-start=\"225\" data-end=\"477\">La <strong data-start=\"228\" data-end=\"242\">Lima K\u00e9fir<\/strong>, tambi\u00e9n conocida como <strong data-start=\"266\" data-end=\"291\">Combawa o Kaffir lime<\/strong> (<em data-start=\"293\" data-end=\"309\">Citrus hystrix<\/em>), es un c\u00edtrico muy apreciado tanto por su <strong data-start=\"353\" data-end=\"378\">alto valor ornamental<\/strong> como por el <strong data-start=\"391\" data-end=\"430\">intenso aroma de sus hojas y frutos<\/strong>, ampliamente utilizados en la cocina asi\u00e1tica.<\/p>\n<p data-start=\"479\" data-end=\"634\">Se trata de un peque\u00f1o \u00e1rbol o arbusto de crecimiento controlado, ideal para jardines, terrazas y cultivo en maceta, aportando un toque ex\u00f3tico y fragante.<\/p>\n<h4 data-start=\"636\" data-end=\"669\">Caracter\u00edsticas principales:<\/h4>\n<ul data-start=\"670\" data-end=\"1026\">\n<li data-start=\"670\" data-end=\"725\">\n<p data-start=\"672\" data-end=\"725\"><strong data-start=\"672\" data-end=\"704\">Crecimiento lento a moderado<\/strong>, f\u00e1cil de manejar.<\/p>\n<\/li>\n<li data-start=\"726\" data-end=\"805\">\n<p data-start=\"728\" data-end=\"805\">Puede alcanzar <strong data-start=\"743\" data-end=\"769\">3 a 5 metros de altura<\/strong> en suelo; m\u00e1s compacto en maceta.<\/p>\n<\/li>\n<li data-start=\"806\" data-end=\"887\">\n<p data-start=\"808\" data-end=\"887\"><strong data-start=\"808\" data-end=\"859\">Hojas verde oscuro, brillantes y muy arom\u00e1ticas<\/strong>, de forma caracter\u00edstica.<\/p>\n<\/li>\n<li data-start=\"888\" data-end=\"941\">\n<p data-start=\"890\" data-end=\"941\"><strong data-start=\"890\" data-end=\"908\">Frutos rugosos<\/strong>, muy perfumados y decorativos.<\/p>\n<\/li>\n<li data-start=\"942\" data-end=\"1026\">\n<p data-start=\"944\" data-end=\"1026\">Prefiere <strong data-start=\"953\" data-end=\"971\">climas c\u00e1lidos<\/strong>, buena exposici\u00f3n solar y protecci\u00f3n frente a heladas.<\/p>\n<\/li>\n<\/ul>\n<h4 data-start=\"1028\" data-end=\"1051\">Usos recomendados:<\/h4>\n<ul data-start=\"1052\" data-end=\"1172\">\n<li data-start=\"1052\" data-end=\"1089\">\n<p data-start=\"1054\" data-end=\"1089\">Jardines mediterr\u00e1neos y ex\u00f3ticos<\/p>\n<\/li>\n<li data-start=\"1090\" data-end=\"1121\">\n<p data-start=\"1092\" data-end=\"1121\">Terrazas y patios en maceta<\/p>\n<\/li>\n<li data-start=\"1122\" data-end=\"1141\">\n<p data-start=\"1124\" data-end=\"1141\">Huertos urbanos<\/p>\n<\/li>\n<li data-start=\"1142\" data-end=\"1172\">\n<p data-start=\"1144\" data-end=\"1172\">Uso culinario y ornamental<\/p>\n<\/li>\n<\/ul>\n<p data-start=\"1174\" data-end=\"1370\">La <strong data-start=\"1177\" data-end=\"1201\">Lima K\u00e9fir \/ Combawa<\/strong> es una planta ideal para quienes buscan un c\u00edtrico <strong data-start=\"1253\" data-end=\"1289\">decorativo, arom\u00e1tico y vers\u00e1til<\/strong>, perfecta para disfrutar tanto de su belleza como de su inconfundible fragancia.<\/p>\n<p data-start=\"1372\" data-end=\"1491\">\ud83c\udf4b <em data-start=\"1375\" data-end=\"1491\">Disponible en diferentes tama\u00f1os.<\/em><\/p>","protected":false},"excerpt":{"rendered":"<p>\ud83d\udfe2 1.8m altura total<br \/>\n\ud83d\udfe2 Posibilidad de entrega en domicilio<\/p>\n<p>Para m\u00e1s informaci\u00f3n, escr\u00edbanos a WhatsApp (+34) 644368939<\/p>","protected":false},"featured_media":6640,"comment_status":"open","ping_status":"closed","template":"","meta":{"give_campaign_id":0,"inline_featured_image":false},"product_brand":[],"product_cat":[64],"product_tag":[],"class_list":{"0":"post-6639","1":"product","2":"type-product","3":"status-publish","4":"has-post-thumbnail","6":"product_cat-frutales","7":"description-off","9":"first","10":"instock","11":"taxable","12":"shipping-taxable","13":"purchasable","14":"product-type-simple"},"_links":{"self":[{"href":"https:\/\/www.raizverde.com\/en\/wp-json\/wp\/v2\/product\/6639","targetHints":{"allow":["GET"]}}],"collection":[{"href":"https:\/\/www.raizverde.com\/en\/wp-json\/wp\/v2\/product"}],"about":[{"href":"https:\/\/www.raizverde.com\/en\/wp-json\/wp\/v2\/types\/product"}],"replies":[{"embeddable":true,"href":"https:\/\/www.raizverde.com\/en\/wp-json\/wp\/v2\/comments?post=6639"}],"wp:featuredmedia":[{"embeddable":true,"href":"https:\/\/www.raizverde.com\/en\/wp-json\/wp\/v2\/media\/6640"}],"wp:attachment":[{"href":"https:\/\/www.raizverde.com\/en\/wp-json\/wp\/v2\/media?parent=6639"}],"wp:term":[{"taxonomy":"product_brand","embeddable":true,"href":"https:\/\/www.raizverde.com\/en\/wp-json\/wp\/v2\/product_brand?post=6639"},{"taxonomy":"product_cat","embeddable":true,"href":"https:\/\/www.raizverde.com\/en\/wp-json\/wp\/v2\/product_cat?post=6639"},{"taxonomy":"product_tag","embeddable":true,"href":"https:\/\/www.raizverde.com\/en\/wp-json\/wp\/v2\/product_tag?post=6639"}],"curies":[{"name":"wp","href":"https:\/\/api.w.org\/{rel}","templated":true}]}}