{"id":6643,"date":"2026-01-12T17:23:21","date_gmt":"2026-01-12T16:23:21","guid":{"rendered":"https:\/\/staging.raizverde.com\/?post_type=product&#038;p=6643"},"modified":"2026-01-13T16:26:25","modified_gmt":"2026-01-13T15:26:25","slug":"caviar-rojo","status":"publish","type":"product","link":"https:\/\/www.raizverde.com\/en\/product-2\/caviar-rojo\/","title":{"rendered":"CAVIAR ROJO"},"content":{"rendered":"<h3 data-start=\"127\" data-end=\"201\">Caviar Rojo (Acalypha hispida) \u2013 Planta ornamental ex\u00f3tica y llamativa<\/h3>\n<p data-start=\"203\" data-end=\"456\">El <strong data-start=\"206\" data-end=\"221\">Caviar Rojo<\/strong>, conocido bot\u00e1nicamente como <strong data-start=\"251\" data-end=\"271\">Acalypha hispida<\/strong>, es una planta ornamental muy apreciada por sus <strong data-start=\"320\" data-end=\"386\">espectaculares inflorescencias colgantes de color rojo intenso<\/strong>, que aportan un toque ex\u00f3tico y muy decorativo a jardines y terrazas.<\/p>\n<p data-start=\"458\" data-end=\"622\">Su floraci\u00f3n abundante y su aspecto tropical la convierten en una opci\u00f3n ideal para dar <strong data-start=\"546\" data-end=\"570\">color y protagonismo<\/strong> a espacios exteriores e interiores bien iluminados.<\/p>\n<h4 data-start=\"624\" data-end=\"657\">Caracter\u00edsticas principales:<\/h4>\n<ul data-start=\"658\" data-end=\"1001\">\n<li data-start=\"658\" data-end=\"726\">\n<p data-start=\"660\" data-end=\"726\"><strong data-start=\"660\" data-end=\"684\">Crecimiento moderado<\/strong>, con buen desarrollo en climas c\u00e1lidos.<\/p>\n<\/li>\n<li data-start=\"727\" data-end=\"787\">\n<p data-start=\"729\" data-end=\"787\">Puede alcanzar <strong data-start=\"744\" data-end=\"772\">1,5 a 3 metros de altura<\/strong> en exterior.<\/p>\n<\/li>\n<li data-start=\"788\" data-end=\"862\">\n<p data-start=\"790\" data-end=\"862\"><strong data-start=\"790\" data-end=\"816\">Flores colgantes rojas<\/strong>, largas y aterciopeladas, muy ornamentales.<\/p>\n<\/li>\n<li data-start=\"863\" data-end=\"920\">\n<p data-start=\"865\" data-end=\"920\">Follaje verde intenso que contrasta con la floraci\u00f3n.<\/p>\n<\/li>\n<li data-start=\"921\" data-end=\"1001\">\n<p data-start=\"923\" data-end=\"1001\">Prefiere ambientes <strong data-start=\"942\" data-end=\"1000\">c\u00e1lidos, luminosos y protegidos del fr\u00edo y las heladas<\/strong>.<\/p>\n<\/li>\n<\/ul>\n<h4 data-start=\"1003\" data-end=\"1026\">Usos recomendados:<\/h4>\n<ul data-start=\"1027\" data-end=\"1163\">\n<li data-start=\"1027\" data-end=\"1065\">\n<p data-start=\"1029\" data-end=\"1065\">Jardines tropicales y ornamentales<\/p>\n<\/li>\n<li data-start=\"1066\" data-end=\"1098\">\n<p data-start=\"1068\" data-end=\"1098\">Terrazas y patios protegidos<\/p>\n<\/li>\n<li data-start=\"1099\" data-end=\"1122\">\n<p data-start=\"1101\" data-end=\"1122\">Macetas decorativas<\/p>\n<\/li>\n<li data-start=\"1123\" data-end=\"1163\">\n<p data-start=\"1125\" data-end=\"1163\">Interior muy luminoso o invernaderos<\/p>\n<\/li>\n<\/ul>\n<p data-start=\"1165\" data-end=\"1360\">El <strong data-start=\"1168\" data-end=\"1183\">Caviar Rojo<\/strong> es una planta ideal para quienes buscan una especie <strong data-start=\"1236\" data-end=\"1282\">original, vistosa y de gran impacto visual<\/strong>, perfecta para aportar color y un estilo tropical durante gran parte del a\u00f1o.<\/p>\n<p data-start=\"1362\" data-end=\"1481\">\ud83c\udf3a <em data-start=\"1365\" data-end=\"1481\">Disponible en diferentes tama\u00f1os.<\/em><\/p>","protected":false},"excerpt":{"rendered":"<p>\ud83d\udfe2 1.8m altura total<br \/>\n\ud83d\udfe2 Posibilidad de entrega en domicilio<\/p>\n<p>Para m\u00e1s informaci\u00f3n, escr\u00edbanos a WhatsApp (+34) 644368939<\/p>","protected":false},"featured_media":6644,"comment_status":"open","ping_status":"closed","template":"","meta":{"give_campaign_id":0,"inline_featured_image":false},"product_brand":[],"product_cat":[64],"product_tag":[],"class_list":{"0":"post-6643","1":"product","2":"type-product","3":"status-publish","4":"has-post-thumbnail","6":"product_cat-frutales","7":"description-off","9":"first","10":"instock","11":"taxable","12":"shipping-taxable","13":"purchasable","14":"product-type-simple"},"_links":{"self":[{"href":"https:\/\/www.raizverde.com\/en\/wp-json\/wp\/v2\/product\/6643","targetHints":{"allow":["GET"]}}],"collection":[{"href":"https:\/\/www.raizverde.com\/en\/wp-json\/wp\/v2\/product"}],"about":[{"href":"https:\/\/www.raizverde.com\/en\/wp-json\/wp\/v2\/types\/product"}],"replies":[{"embeddable":true,"href":"https:\/\/www.raizverde.com\/en\/wp-json\/wp\/v2\/comments?post=6643"}],"wp:featuredmedia":[{"embeddable":true,"href":"https:\/\/www.raizverde.com\/en\/wp-json\/wp\/v2\/media\/6644"}],"wp:attachment":[{"href":"https:\/\/www.raizverde.com\/en\/wp-json\/wp\/v2\/media?parent=6643"}],"wp:term":[{"taxonomy":"product_brand","embeddable":true,"href":"https:\/\/www.raizverde.com\/en\/wp-json\/wp\/v2\/product_brand?post=6643"},{"taxonomy":"product_cat","embeddable":true,"href":"https:\/\/www.raizverde.com\/en\/wp-json\/wp\/v2\/product_cat?post=6643"},{"taxonomy":"product_tag","embeddable":true,"href":"https:\/\/www.raizverde.com\/en\/wp-json\/wp\/v2\/product_tag?post=6643"}],"curies":[{"name":"wp","href":"https:\/\/api.w.org\/{rel}","templated":true}]}}