{"id":6647,"date":"2026-01-12T17:38:24","date_gmt":"2026-01-12T16:38:24","guid":{"rendered":"https:\/\/staging.raizverde.com\/?post_type=product&#038;p=6647"},"modified":"2026-02-11T19:55:47","modified_gmt":"2026-02-11T18:55:47","slug":"areca-gran-porte","status":"publish","type":"product","link":"https:\/\/www.raizverde.com\/en\/product-2\/areca-gran-porte\/","title":{"rendered":"ARECA GRAN PORTE"},"content":{"rendered":"<h3 data-start=\"169\" data-end=\"238\">Areca (Dypsis lutescens) \u2013 Palmera ornamental elegante y tropical<\/h3>\n<p data-start=\"240\" data-end=\"544\">La <strong data-start=\"243\" data-end=\"252\">Areca<\/strong>, conocida cient\u00edficamente como <strong data-start=\"284\" data-end=\"304\">Dypsis lutescens<\/strong>, es una palmera ornamental muy apreciada por su <strong data-start=\"353\" data-end=\"394\">aspecto elegante, frondoso y tropical<\/strong>. Es ideal tanto para <strong data-start=\"416\" data-end=\"449\">jardines, terrazas y piscinas<\/strong> como para <strong data-start=\"460\" data-end=\"484\">interiores luminosos<\/strong>, aportando frescura y un toque ex\u00f3tico a cualquier espacio.<\/p>\n<p data-start=\"546\" data-end=\"676\">Su crecimiento en forma de varios troncos y su follaje arqueado la convierten en una opci\u00f3n decorativa de gran valor paisaj\u00edstico.<\/p>\n<h4 data-start=\"678\" data-end=\"711\">Caracter\u00edsticas principales:<\/h4>\n<ul data-start=\"712\" data-end=\"1043\">\n<li data-start=\"712\" data-end=\"780\">\n<p data-start=\"714\" data-end=\"780\"><strong data-start=\"714\" data-end=\"738\">Crecimiento moderado<\/strong>, con buen desarrollo en climas c\u00e1lidos.<\/p>\n<\/li>\n<li data-start=\"781\" data-end=\"861\">\n<p data-start=\"783\" data-end=\"861\"><strong data-start=\"783\" data-end=\"809\">Altura de 4 a 6 metros<\/strong> en exterior; m\u00e1s controlada en maceta o interior.<\/p>\n<\/li>\n<li data-start=\"862\" data-end=\"926\">\n<p data-start=\"864\" data-end=\"926\"><strong data-start=\"864\" data-end=\"899\">Hojas largas, finas y arqueadas<\/strong>, de color verde intenso.<\/p>\n<\/li>\n<li data-start=\"927\" data-end=\"968\">\n<p data-start=\"929\" data-end=\"968\">Palmera <strong data-start=\"937\" data-end=\"965\">perenne y muy decorativa<\/strong>.<\/p>\n<\/li>\n<li data-start=\"969\" data-end=\"1043\">\n<p data-start=\"971\" data-end=\"1043\">Prefiere ambientes <strong data-start=\"990\" data-end=\"1042\">c\u00e1lidos, luminosos y protegidos del fr\u00edo intenso<\/strong>.<\/p>\n<\/li>\n<\/ul>\n<h4 data-start=\"1045\" data-end=\"1068\">Usos recomendados:<\/h4>\n<ul data-start=\"1069\" data-end=\"1249\">\n<li data-start=\"1069\" data-end=\"1101\">\n<p data-start=\"1071\" data-end=\"1101\">Jardines y zonas ajardinadas<\/p>\n<\/li>\n<li data-start=\"1102\" data-end=\"1141\">\n<p data-start=\"1104\" data-end=\"1141\">Terrazas, patios y \u00e1reas de piscina<\/p>\n<\/li>\n<li data-start=\"1142\" data-end=\"1199\">\n<p data-start=\"1144\" data-end=\"1199\">Interior de viviendas, oficinas y locales comerciales<\/p>\n<\/li>\n<li data-start=\"1200\" data-end=\"1249\">\n<p data-start=\"1202\" data-end=\"1249\">Proyectos de jardiner\u00eda tropical y ornamental<\/p>\n<\/li>\n<\/ul>\n<p data-start=\"1251\" data-end=\"1451\">La <strong data-start=\"1254\" data-end=\"1263\">Areca<\/strong> es una elecci\u00f3n perfecta para quienes buscan una palmera <strong data-start=\"1321\" data-end=\"1370\">decorativa, vers\u00e1til y de gran impacto visual<\/strong>, aportando elegancia y naturalidad tanto en espacios exteriores como interiores.<\/p>\n<p data-start=\"1453\" data-end=\"1572\">\ud83c\udf34 <em data-start=\"1456\" data-end=\"1572\">Disponible en diferentes tama\u00f1os.<\/em><\/p>","protected":false},"excerpt":{"rendered":"<p>\ud83d\udfe2 2,5m altura total<br \/>\n\ud83d\udfe2 Enmacetadas<br \/>\n\ud83d\udfe2 Posibilidad de entrega en domicilio<\/p>\n<p>Para m\u00e1s informaci\u00f3n, escr\u00edbanos a WhatsApp (+34) 644368939<\/p>","protected":false},"featured_media":6649,"comment_status":"open","ping_status":"closed","template":"","meta":{"give_campaign_id":0,"inline_featured_image":false},"product_brand":[],"product_cat":[80],"product_tag":[],"class_list":{"0":"post-6647","1":"product","2":"type-product","3":"status-publish","4":"has-post-thumbnail","6":"product_cat-arecas","7":"description-off","9":"first","10":"instock","11":"taxable","12":"shipping-taxable","13":"purchasable","14":"product-type-simple"},"_links":{"self":[{"href":"https:\/\/www.raizverde.com\/en\/wp-json\/wp\/v2\/product\/6647","targetHints":{"allow":["GET"]}}],"collection":[{"href":"https:\/\/www.raizverde.com\/en\/wp-json\/wp\/v2\/product"}],"about":[{"href":"https:\/\/www.raizverde.com\/en\/wp-json\/wp\/v2\/types\/product"}],"replies":[{"embeddable":true,"href":"https:\/\/www.raizverde.com\/en\/wp-json\/wp\/v2\/comments?post=6647"}],"wp:featuredmedia":[{"embeddable":true,"href":"https:\/\/www.raizverde.com\/en\/wp-json\/wp\/v2\/media\/6649"}],"wp:attachment":[{"href":"https:\/\/www.raizverde.com\/en\/wp-json\/wp\/v2\/media?parent=6647"}],"wp:term":[{"taxonomy":"product_brand","embeddable":true,"href":"https:\/\/www.raizverde.com\/en\/wp-json\/wp\/v2\/product_brand?post=6647"},{"taxonomy":"product_cat","embeddable":true,"href":"https:\/\/www.raizverde.com\/en\/wp-json\/wp\/v2\/product_cat?post=6647"},{"taxonomy":"product_tag","embeddable":true,"href":"https:\/\/www.raizverde.com\/en\/wp-json\/wp\/v2\/product_tag?post=6647"}],"curies":[{"name":"wp","href":"https:\/\/api.w.org\/{rel}","templated":true}]}}