{"id":6650,"date":"2026-01-13T12:52:21","date_gmt":"2026-01-13T11:52:21","guid":{"rendered":"https:\/\/staging.raizverde.com\/?post_type=product&#038;p=6650"},"modified":"2026-01-13T16:16:34","modified_gmt":"2026-01-13T15:16:34","slug":"cipres-leylandii-3m","status":"publish","type":"product","link":"https:\/\/www.raizverde.com\/en\/product-2\/cipres-leylandii-3m\/","title":{"rendered":"CIPR\u00c9S LEYLANDII 3M"},"content":{"rendered":"<h3 data-start=\"143\" data-end=\"204\">Cipr\u00e9s Leylandii \u2013 Seto perenne de crecimiento muy r\u00e1pido<\/h3>\n<p data-start=\"206\" data-end=\"471\">El <strong data-start=\"209\" data-end=\"229\">Cipr\u00e9s Leylandii<\/strong>, tambi\u00e9n conocido como <strong data-start=\"253\" data-end=\"264\">Leyland<\/strong>, es una de las con\u00edferas m\u00e1s utilizadas en jardiner\u00eda para la creaci\u00f3n de <strong data-start=\"339\" data-end=\"400\">setos altos, pantallas vegetales y barreras de privacidad<\/strong> gracias a su <strong data-start=\"414\" data-end=\"451\">crecimiento extremadamente r\u00e1pido<\/strong> y su follaje denso.<\/p>\n<p data-start=\"473\" data-end=\"626\">Es una soluci\u00f3n ideal para quienes necesitan <strong data-start=\"518\" data-end=\"572\">cerrar parcelas o proteger espacios en poco tiempo<\/strong>, ofreciendo una cobertura eficaz durante todo el a\u00f1o.<\/p>\n<h4 data-start=\"628\" data-end=\"661\">Caracter\u00edsticas principales:<\/h4>\n<ul data-start=\"662\" data-end=\"1069\">\n<li data-start=\"662\" data-end=\"742\">\n<p data-start=\"664\" data-end=\"742\"><strong data-start=\"664\" data-end=\"690\">Crecimiento muy r\u00e1pido<\/strong>, hasta <strong data-start=\"698\" data-end=\"716\">1 metro al a\u00f1o<\/strong> en condiciones \u00f3ptimas.<\/p>\n<\/li>\n<li data-start=\"743\" data-end=\"842\">\n<p data-start=\"745\" data-end=\"842\"><strong data-start=\"745\" data-end=\"773\">Altura de 15 a 20 metros<\/strong> si no se poda, f\u00e1cilmente controlable mediante recortes regulares.<\/p>\n<\/li>\n<li data-start=\"843\" data-end=\"930\">\n<p data-start=\"845\" data-end=\"930\"><strong data-start=\"845\" data-end=\"894\">Follaje perenne, verde intenso y muy compacto<\/strong>, excelente para ocultaci\u00f3n total.<\/p>\n<\/li>\n<li data-start=\"931\" data-end=\"992\">\n<p data-start=\"933\" data-end=\"992\"><strong data-start=\"933\" data-end=\"954\">Buena resistencia<\/strong> a distintas condiciones clim\u00e1ticas.<\/p>\n<\/li>\n<li data-start=\"993\" data-end=\"1069\">\n<p data-start=\"995\" data-end=\"1069\">Prefiere <strong data-start=\"1004\" data-end=\"1028\">suelos bien drenados<\/strong>, con riego regular en los primeros a\u00f1os.<\/p>\n<\/li>\n<\/ul>\n<h4 data-start=\"1071\" data-end=\"1094\">Usos recomendados:<\/h4>\n<ul data-start=\"1095\" data-end=\"1239\">\n<li data-start=\"1095\" data-end=\"1135\">\n<p data-start=\"1097\" data-end=\"1135\">Setos altos y cerramientos vegetales<\/p>\n<\/li>\n<li data-start=\"1136\" data-end=\"1152\">\n<p data-start=\"1138\" data-end=\"1152\">Cortavientos<\/p>\n<\/li>\n<li data-start=\"1153\" data-end=\"1187\">\n<p data-start=\"1155\" data-end=\"1187\">Pantallas ac\u00fasticas y visuales<\/p>\n<\/li>\n<li data-start=\"1188\" data-end=\"1239\">\n<p data-start=\"1190\" data-end=\"1239\">Jardines privados, fincas y zonas residenciales<\/p>\n<\/li>\n<\/ul>\n<p data-start=\"1241\" data-end=\"1454\">El <strong data-start=\"1244\" data-end=\"1257\">Leylandii<\/strong> es una opci\u00f3n muy popular para proyectos de jardiner\u00eda que requieren un <strong data-start=\"1330\" data-end=\"1369\">resultado r\u00e1pido, uniforme y eficaz<\/strong>, siendo especialmente adecuado para grandes superficies y cerramientos perimetrales.<\/p>\n<p data-start=\"1456\" data-end=\"1564\">\ud83c\udf32 <em data-start=\"1459\" data-end=\"1564\">Disponible en varios tama\u00f1os.<\/em><\/p>","protected":false},"excerpt":{"rendered":"<p>\ud83d\udfe2 3m altura total<br \/>\n\ud83d\udfe2 Enmacetadas<br \/>\n\ud83d\udfe2 Posibilidad de entrega en domicilio<\/p>\n<p>Para m\u00e1s informaci\u00f3n, escr\u00edbanos a WhatsApp (+34) 644368939<\/p>","protected":false},"featured_media":6651,"comment_status":"open","ping_status":"closed","template":"","meta":{"give_campaign_id":0,"inline_featured_image":false},"product_brand":[],"product_cat":[69],"product_tag":[],"class_list":{"0":"post-6650","1":"product","2":"type-product","3":"status-publish","4":"has-post-thumbnail","6":"product_cat-setos","7":"description-off","9":"first","10":"instock","11":"taxable","12":"shipping-taxable","13":"purchasable","14":"product-type-simple"},"_links":{"self":[{"href":"https:\/\/www.raizverde.com\/en\/wp-json\/wp\/v2\/product\/6650","targetHints":{"allow":["GET"]}}],"collection":[{"href":"https:\/\/www.raizverde.com\/en\/wp-json\/wp\/v2\/product"}],"about":[{"href":"https:\/\/www.raizverde.com\/en\/wp-json\/wp\/v2\/types\/product"}],"replies":[{"embeddable":true,"href":"https:\/\/www.raizverde.com\/en\/wp-json\/wp\/v2\/comments?post=6650"}],"wp:featuredmedia":[{"embeddable":true,"href":"https:\/\/www.raizverde.com\/en\/wp-json\/wp\/v2\/media\/6651"}],"wp:attachment":[{"href":"https:\/\/www.raizverde.com\/en\/wp-json\/wp\/v2\/media?parent=6650"}],"wp:term":[{"taxonomy":"product_brand","embeddable":true,"href":"https:\/\/www.raizverde.com\/en\/wp-json\/wp\/v2\/product_brand?post=6650"},{"taxonomy":"product_cat","embeddable":true,"href":"https:\/\/www.raizverde.com\/en\/wp-json\/wp\/v2\/product_cat?post=6650"},{"taxonomy":"product_tag","embeddable":true,"href":"https:\/\/www.raizverde.com\/en\/wp-json\/wp\/v2\/product_tag?post=6650"}],"curies":[{"name":"wp","href":"https:\/\/api.w.org\/{rel}","templated":true}]}}