{"id":6653,"date":"2026-01-13T16:11:37","date_gmt":"2026-01-13T15:11:37","guid":{"rendered":"https:\/\/staging.raizverde.com\/?post_type=product&#038;p=6653"},"modified":"2026-01-13T16:11:37","modified_gmt":"2026-01-13T15:11:37","slug":"ealeagnus-15m","status":"publish","type":"product","link":"https:\/\/www.raizverde.com\/en\/product-2\/ealeagnus-15m\/","title":{"rendered":"EALEAGNUS 1,5M"},"content":{"rendered":"<h3 data-start=\"191\" data-end=\"256\">Elaeagnus (Eleagno) \u2013 Seto resistente y de r\u00e1pido crecimiento<\/h3>\n<p data-start=\"258\" data-end=\"517\">El <strong data-start=\"261\" data-end=\"274\">Elaeagnus<\/strong> es un arbusto perenne muy apreciado en jardiner\u00eda por su <strong data-start=\"332\" data-end=\"398\">r\u00e1pido crecimiento, gran densidad y extraordinaria resistencia<\/strong>. Es una opci\u00f3n excelente para crear <strong data-start=\"435\" data-end=\"486\">setos, pantallas vegetales y barreras naturales<\/strong> con un mantenimiento reducido.<\/p>\n<p data-start=\"519\" data-end=\"718\">Gracias a su follaje compacto y decorativo, el Elaeagnus proporciona <strong data-start=\"588\" data-end=\"622\">privacidad durante todo el a\u00f1o<\/strong>, adem\u00e1s de aportar un atractivo contraste de color con sus hojas verde oscuro y env\u00e9s plateado.<\/p>\n<h4 data-start=\"720\" data-end=\"753\">Caracter\u00edsticas principales:<\/h4>\n<ul data-start=\"754\" data-end=\"1099\">\n<li data-start=\"754\" data-end=\"824\">\n<p data-start=\"756\" data-end=\"824\"><strong data-start=\"756\" data-end=\"778\">Crecimiento r\u00e1pido<\/strong>, ideal para cerrar espacios en poco tiempo.<\/p>\n<\/li>\n<li data-start=\"825\" data-end=\"885\">\n<p data-start=\"827\" data-end=\"885\"><strong data-start=\"827\" data-end=\"853\">Altura de 3 a 6 metros<\/strong>, seg\u00fan la variedad y la poda.<\/p>\n<\/li>\n<li data-start=\"886\" data-end=\"957\">\n<p data-start=\"888\" data-end=\"957\"><strong data-start=\"888\" data-end=\"919\">Follaje perenne y muy denso<\/strong>, perfecto para setos de ocultaci\u00f3n.<\/p>\n<\/li>\n<li data-start=\"958\" data-end=\"1027\">\n<p data-start=\"960\" data-end=\"1027\"><strong data-start=\"960\" data-end=\"980\">Alta resistencia<\/strong> a sequ\u00eda, viento, contaminaci\u00f3n y salinidad.<\/p>\n<\/li>\n<li data-start=\"1028\" data-end=\"1099\">\n<p data-start=\"1030\" data-end=\"1099\">Se adapta a <strong data-start=\"1042\" data-end=\"1065\">todo tipo de suelos<\/strong>, siempre que tengan buen drenaje.<\/p>\n<\/li>\n<\/ul>\n<h4 data-start=\"1101\" data-end=\"1124\">Usos recomendados:<\/h4>\n<ul data-start=\"1125\" data-end=\"1259\">\n<li data-start=\"1125\" data-end=\"1154\">\n<p data-start=\"1127\" data-end=\"1154\">Setos y cierres vegetales<\/p>\n<\/li>\n<li data-start=\"1155\" data-end=\"1181\">\n<p data-start=\"1157\" data-end=\"1181\">Cortavientos naturales<\/p>\n<\/li>\n<li data-start=\"1182\" data-end=\"1205\">\n<p data-start=\"1184\" data-end=\"1205\">Pantallas ac\u00fasticas<\/p>\n<\/li>\n<li data-start=\"1206\" data-end=\"1259\">\n<p data-start=\"1208\" data-end=\"1259\">Jardines privados, zonas urbanas y \u00e1reas costeras<\/p>\n<\/li>\n<\/ul>\n<p data-start=\"1261\" data-end=\"1462\">El <strong data-start=\"1264\" data-end=\"1277\">Elaeagnus<\/strong> es una soluci\u00f3n duradera y eficaz para quienes buscan un seto <strong data-start=\"1340\" data-end=\"1383\">robusto, decorativo y f\u00e1cil de mantener<\/strong>, tanto en jardines particulares como en proyectos profesionales de jardiner\u00eda.<\/p>\n<p data-start=\"1464\" data-end=\"1568\">\ud83c\udf3f <em data-start=\"1467\" data-end=\"1568\">Disponible en diferentes tama\u00f1os.<\/em><\/p>","protected":false},"excerpt":{"rendered":"<p>\ud83d\udfe2 1,5m altura total<br \/>\n\ud83d\udfe2 Enmacetadas<br \/>\n\ud83d\udfe2 Posibilidad de entrega en domicilio<\/p>\n<p>Para m\u00e1s informaci\u00f3n, escr\u00edbanos a WhatsApp (+34) 644368939<\/p>","protected":false},"featured_media":6655,"comment_status":"open","ping_status":"closed","template":"","meta":{"give_campaign_id":0,"inline_featured_image":false},"product_brand":[],"product_cat":[70],"product_tag":[],"class_list":{"0":"post-6653","1":"product","2":"type-product","3":"status-publish","4":"has-post-thumbnail","6":"product_cat-ealeagnus","7":"description-off","9":"first","10":"instock","11":"taxable","12":"shipping-taxable","13":"purchasable","14":"product-type-simple"},"_links":{"self":[{"href":"https:\/\/www.raizverde.com\/en\/wp-json\/wp\/v2\/product\/6653","targetHints":{"allow":["GET"]}}],"collection":[{"href":"https:\/\/www.raizverde.com\/en\/wp-json\/wp\/v2\/product"}],"about":[{"href":"https:\/\/www.raizverde.com\/en\/wp-json\/wp\/v2\/types\/product"}],"replies":[{"embeddable":true,"href":"https:\/\/www.raizverde.com\/en\/wp-json\/wp\/v2\/comments?post=6653"}],"wp:featuredmedia":[{"embeddable":true,"href":"https:\/\/www.raizverde.com\/en\/wp-json\/wp\/v2\/media\/6655"}],"wp:attachment":[{"href":"https:\/\/www.raizverde.com\/en\/wp-json\/wp\/v2\/media?parent=6653"}],"wp:term":[{"taxonomy":"product_brand","embeddable":true,"href":"https:\/\/www.raizverde.com\/en\/wp-json\/wp\/v2\/product_brand?post=6653"},{"taxonomy":"product_cat","embeddable":true,"href":"https:\/\/www.raizverde.com\/en\/wp-json\/wp\/v2\/product_cat?post=6653"},{"taxonomy":"product_tag","embeddable":true,"href":"https:\/\/www.raizverde.com\/en\/wp-json\/wp\/v2\/product_tag?post=6653"}],"curies":[{"name":"wp","href":"https:\/\/api.w.org\/{rel}","templated":true}]}}