{"id":6671,"date":"2026-01-13T17:02:25","date_gmt":"2026-01-13T16:02:25","guid":{"rendered":"https:\/\/staging.raizverde.com\/?post_type=product&#038;p=6671"},"modified":"2026-01-13T17:02:25","modified_gmt":"2026-01-13T16:02:25","slug":"agave-ameriacana-variegata","status":"publish","type":"product","link":"https:\/\/www.raizverde.com\/en\/product-2\/agave-ameriacana-variegata\/","title":{"rendered":"AGAVE AMERIACANA VARIEGATA"},"content":{"rendered":"<h3 data-start=\"145\" data-end=\"219\">Agave americana \u2018Variegata\u2019 \u2013 Planta suculenta ornamental y decorativa<\/h3>\n<p data-start=\"221\" data-end=\"580\">El <strong data-start=\"224\" data-end=\"255\">Agave americana \u2018Variegata\u2019<\/strong> es una <strong data-start=\"263\" data-end=\"294\">planta suculenta ornamental<\/strong> muy apreciada por su <strong data-start=\"316\" data-end=\"347\">follaje llamativo y bicolor<\/strong>, ideal para jardines, rocallas, patios y terrazas. Sus hojas carnosas con <strong data-start=\"422\" data-end=\"457\">bordes amarillos y centro verde<\/strong> le dan un aspecto <strong data-start=\"476\" data-end=\"510\">ex\u00f3tico, elegante y distintivo<\/strong>, convirti\u00e9ndola en una pieza central en cualquier espacio exterior.<\/p>\n<p data-start=\"582\" data-end=\"747\">Su estructura sim\u00e9trica y su porte robusto hacen que el <strong data-start=\"638\" data-end=\"669\">Agave americana \u2018Variegata\u2019<\/strong> sea perfecto para <strong data-start=\"688\" data-end=\"744\">paisajismo moderno, xer\u00f3filo y jardines minimalistas<\/strong>.<\/p>\n<h4 data-start=\"749\" data-end=\"782\">Caracter\u00edsticas principales:<\/h4>\n<ul data-start=\"783\" data-end=\"1180\">\n<li data-start=\"783\" data-end=\"859\">\n<p data-start=\"785\" data-end=\"859\">Crecimiento lento a moderado, ideal para jardines de bajo mantenimiento.<\/p>\n<\/li>\n<li data-start=\"860\" data-end=\"924\">\n<p data-start=\"862\" data-end=\"924\">Altura de 1,5 a 2 metros; di\u00e1metro de roseta hasta 3 metros.<\/p>\n<\/li>\n<li data-start=\"925\" data-end=\"1030\">\n<p data-start=\"927\" data-end=\"1030\">Hojas gruesas y carnosas con <strong data-start=\"956\" data-end=\"988\">variegaci\u00f3n verde y amarilla<\/strong>, arqueadas y con espinas en los bordes.<\/p>\n<\/li>\n<li data-start=\"1031\" data-end=\"1090\">\n<p data-start=\"1033\" data-end=\"1090\">Planta perenne, resistente a la sequ\u00eda y suelos pobres.<\/p>\n<\/li>\n<li data-start=\"1091\" data-end=\"1180\">\n<p data-start=\"1093\" data-end=\"1180\">Prefiere <strong data-start=\"1102\" data-end=\"1115\">pleno sol<\/strong>, suelos bien drenados y climas c\u00e1lidos; tolera sombra parcial.<\/p>\n<\/li>\n<\/ul>\n<h4 data-start=\"1182\" data-end=\"1205\">Usos recomendados:<\/h4>\n<ul data-start=\"1206\" data-end=\"1374\">\n<li data-start=\"1206\" data-end=\"1239\">\n<p data-start=\"1208\" data-end=\"1239\">Jardines xer\u00f3filos y modernos<\/p>\n<\/li>\n<li data-start=\"1240\" data-end=\"1273\">\n<p data-start=\"1242\" data-end=\"1273\">Rocallas y patios decorativos<\/p>\n<\/li>\n<li data-start=\"1274\" data-end=\"1313\">\n<p data-start=\"1276\" data-end=\"1313\">Macetas grandes y terrazas soleadas<\/p>\n<\/li>\n<li data-start=\"1314\" data-end=\"1374\">\n<p data-start=\"1316\" data-end=\"1374\">Proyectos de paisajismo ornamental de bajo mantenimiento<\/p>\n<\/li>\n<\/ul>\n<p data-start=\"1376\" data-end=\"1583\">El <strong data-start=\"1379\" data-end=\"1410\">Agave americana \u2018Variegata\u2019<\/strong> es ideal para quienes buscan una planta <strong data-start=\"1451\" data-end=\"1490\">resistente, llamativa y estructural<\/strong>, perfecta para aportar <strong data-start=\"1514\" data-end=\"1544\">color, textura y presencia<\/strong> a cualquier jard\u00edn, terraza o patio.<\/p>\n<p data-start=\"1585\" data-end=\"1699\">\ud83c\udf35 <em data-start=\"1588\" data-end=\"1697\">Disponible en diferentes tama\u00f1os.<\/em><\/p>","protected":false},"excerpt":{"rendered":"<p>\ud83d\udfe2 Medida: mediana<br \/>\n\ud83d\udfe2 Enmacetadas<br \/>\n\ud83d\udfe2 Posibilidad de entrega en domicilio<\/p>\n<p>Para m\u00e1s informaci\u00f3n, escr\u00edbanos a WhatsApp (+34) 644368939<\/p>","protected":false},"featured_media":6672,"comment_status":"open","ping_status":"closed","template":"","meta":{"give_campaign_id":0,"inline_featured_image":false},"product_brand":[],"product_cat":[71],"product_tag":[],"class_list":{"0":"post-6671","1":"product","2":"type-product","3":"status-publish","4":"has-post-thumbnail","6":"product_cat-agaves","7":"description-off","9":"first","10":"instock","11":"taxable","12":"shipping-taxable","13":"purchasable","14":"product-type-simple"},"_links":{"self":[{"href":"https:\/\/www.raizverde.com\/en\/wp-json\/wp\/v2\/product\/6671","targetHints":{"allow":["GET"]}}],"collection":[{"href":"https:\/\/www.raizverde.com\/en\/wp-json\/wp\/v2\/product"}],"about":[{"href":"https:\/\/www.raizverde.com\/en\/wp-json\/wp\/v2\/types\/product"}],"replies":[{"embeddable":true,"href":"https:\/\/www.raizverde.com\/en\/wp-json\/wp\/v2\/comments?post=6671"}],"wp:featuredmedia":[{"embeddable":true,"href":"https:\/\/www.raizverde.com\/en\/wp-json\/wp\/v2\/media\/6672"}],"wp:attachment":[{"href":"https:\/\/www.raizverde.com\/en\/wp-json\/wp\/v2\/media?parent=6671"}],"wp:term":[{"taxonomy":"product_brand","embeddable":true,"href":"https:\/\/www.raizverde.com\/en\/wp-json\/wp\/v2\/product_brand?post=6671"},{"taxonomy":"product_cat","embeddable":true,"href":"https:\/\/www.raizverde.com\/en\/wp-json\/wp\/v2\/product_cat?post=6671"},{"taxonomy":"product_tag","embeddable":true,"href":"https:\/\/www.raizverde.com\/en\/wp-json\/wp\/v2\/product_tag?post=6671"}],"curies":[{"name":"wp","href":"https:\/\/api.w.org\/{rel}","templated":true}]}}