{"id":6675,"date":"2026-01-13T17:48:44","date_gmt":"2026-01-13T16:48:44","guid":{"rendered":"https:\/\/staging.raizverde.com\/?post_type=product&#038;p=6675"},"modified":"2026-01-13T17:48:44","modified_gmt":"2026-01-13T16:48:44","slug":"grusonii-40cm","status":"publish","type":"product","link":"https:\/\/www.raizverde.com\/en\/product-2\/grusonii-40cm\/","title":{"rendered":"GRUSONII 40CM"},"content":{"rendered":"<h3 data-start=\"124\" data-end=\"186\">Cactus Grusonii \u2013 Planta suculenta ornamental y resistente<\/h3>\n<p data-start=\"188\" data-end=\"563\">El <strong data-start=\"191\" data-end=\"210\">Cactus Grusonii<\/strong>, tambi\u00e9n conocido como <strong data-start=\"234\" data-end=\"260\">\u201cCactus barril dorado\u201d<\/strong>, es una <strong data-start=\"269\" data-end=\"310\">planta suculenta ic\u00f3nica y decorativa<\/strong>, ideal para jardines xer\u00f3filos, rocallas, terrazas y patios soleados. Su forma redonda y sim\u00e9trica, junto con su color verde intenso y espinas doradas, lo convierten en una pieza central que aporta <strong data-start=\"509\" data-end=\"531\">car\u00e1cter y textura<\/strong> a cualquier espacio exterior.<\/p>\n<p data-start=\"565\" data-end=\"758\">Su porte compacto y redondeado hace que el <strong data-start=\"608\" data-end=\"627\">Cactus Grusonii<\/strong> sea perfecto para <strong data-start=\"646\" data-end=\"712\">paisajismo moderno, jardines des\u00e9rticos y dise\u00f1os minimalistas<\/strong>, siendo resistente y de bajo mantenimiento.<\/p>\n<h4 data-start=\"760\" data-end=\"793\">Caracter\u00edsticas principales:<\/h4>\n<ul data-start=\"794\" data-end=\"1170\">\n<li data-start=\"794\" data-end=\"862\">\n<p data-start=\"796\" data-end=\"862\">Crecimiento lento, adecuado para jardines de bajo mantenimiento.<\/p>\n<\/li>\n<li data-start=\"863\" data-end=\"928\">\n<p data-start=\"865\" data-end=\"928\">Altura de 0,8 a 1,2 metros; di\u00e1metro de roseta hasta 1 metro.<\/p>\n<\/li>\n<li data-start=\"929\" data-end=\"1016\">\n<p data-start=\"931\" data-end=\"1016\">Hojas convertidas en <strong data-start=\"952\" data-end=\"979\">espinas r\u00edgidas doradas<\/strong>, que protegen y decoran la planta.<\/p>\n<\/li>\n<li data-start=\"1017\" data-end=\"1076\">\n<p data-start=\"1019\" data-end=\"1076\">Planta perenne, resistente a la sequ\u00eda y suelos pobres.<\/p>\n<\/li>\n<li data-start=\"1077\" data-end=\"1170\">\n<p data-start=\"1079\" data-end=\"1170\">Prefiere <strong data-start=\"1088\" data-end=\"1101\">pleno sol<\/strong>, suelos bien drenados y climas c\u00e1lidos; tolera semi-sombra ligera.<\/p>\n<\/li>\n<\/ul>\n<h4 data-start=\"1172\" data-end=\"1195\">Usos recomendados:<\/h4>\n<ul data-start=\"1196\" data-end=\"1367\">\n<li data-start=\"1196\" data-end=\"1229\">\n<p data-start=\"1198\" data-end=\"1229\">Jardines xer\u00f3filos y modernos<\/p>\n<\/li>\n<li data-start=\"1230\" data-end=\"1263\">\n<p data-start=\"1232\" data-end=\"1263\">Rocallas y patios decorativos<\/p>\n<\/li>\n<li data-start=\"1264\" data-end=\"1303\">\n<p data-start=\"1266\" data-end=\"1303\">Macetas grandes y terrazas soleadas<\/p>\n<\/li>\n<li data-start=\"1304\" data-end=\"1367\">\n<p data-start=\"1306\" data-end=\"1367\">Proyectos de paisajismo minimalista y de bajo mantenimiento<\/p>\n<\/li>\n<\/ul>\n<p data-start=\"1369\" data-end=\"1567\">El <strong data-start=\"1372\" data-end=\"1391\">Cactus Grusonii<\/strong> es ideal para quienes buscan una planta <strong data-start=\"1432\" data-end=\"1471\">resistente, llamativa y escult\u00f3rica<\/strong>, perfecta para aportar <strong data-start=\"1495\" data-end=\"1528\">color, textura y personalidad<\/strong> a cualquier jard\u00edn, terraza o patio.<\/p>\n<p data-start=\"1569\" data-end=\"1683\">\ud83c\udf35 <em data-start=\"1572\" data-end=\"1681\">Disponible en diferentes tama\u00f1os. <\/em><\/p>","protected":false},"excerpt":{"rendered":"<p>\ud83d\udfe2 40cm de di\u00e1metro<br \/>\n\ud83d\udfe2 Enmacetadas<br \/>\n\ud83d\udfe2 Posibilidad de entrega en domicilio<\/p>\n<p>Para m\u00e1s informaci\u00f3n, escr\u00edbanos a WhatsApp (+34) 644368939<\/p>","protected":false},"featured_media":6676,"comment_status":"open","ping_status":"closed","template":"","meta":{"give_campaign_id":0,"inline_featured_image":false},"product_brand":[],"product_cat":[72],"product_tag":[],"class_list":{"0":"post-6675","1":"product","2":"type-product","3":"status-publish","4":"has-post-thumbnail","6":"product_cat-cactus","7":"description-off","9":"first","10":"instock","11":"taxable","12":"shipping-taxable","13":"purchasable","14":"product-type-simple"},"_links":{"self":[{"href":"https:\/\/www.raizverde.com\/en\/wp-json\/wp\/v2\/product\/6675","targetHints":{"allow":["GET"]}}],"collection":[{"href":"https:\/\/www.raizverde.com\/en\/wp-json\/wp\/v2\/product"}],"about":[{"href":"https:\/\/www.raizverde.com\/en\/wp-json\/wp\/v2\/types\/product"}],"replies":[{"embeddable":true,"href":"https:\/\/www.raizverde.com\/en\/wp-json\/wp\/v2\/comments?post=6675"}],"wp:featuredmedia":[{"embeddable":true,"href":"https:\/\/www.raizverde.com\/en\/wp-json\/wp\/v2\/media\/6676"}],"wp:attachment":[{"href":"https:\/\/www.raizverde.com\/en\/wp-json\/wp\/v2\/media?parent=6675"}],"wp:term":[{"taxonomy":"product_brand","embeddable":true,"href":"https:\/\/www.raizverde.com\/en\/wp-json\/wp\/v2\/product_brand?post=6675"},{"taxonomy":"product_cat","embeddable":true,"href":"https:\/\/www.raizverde.com\/en\/wp-json\/wp\/v2\/product_cat?post=6675"},{"taxonomy":"product_tag","embeddable":true,"href":"https:\/\/www.raizverde.com\/en\/wp-json\/wp\/v2\/product_tag?post=6675"}],"curies":[{"name":"wp","href":"https:\/\/api.w.org\/{rel}","templated":true}]}}