{"id":6679,"date":"2026-01-13T17:54:19","date_gmt":"2026-01-13T16:54:19","guid":{"rendered":"https:\/\/staging.raizverde.com\/?post_type=product&#038;p=6679"},"modified":"2026-01-14T13:23:42","modified_gmt":"2026-01-14T12:23:42","slug":"pringleii-40-50cm","status":"publish","type":"product","link":"https:\/\/www.raizverde.com\/en\/product-2\/pringleii-40-50cm\/","title":{"rendered":"PRINGLEII 40\/50CM"},"content":{"rendered":"<h3 data-start=\"222\" data-end=\"285\">Cactus Pringleii \u2013 Planta suculenta ornamental y resistente<\/h3>\n<p data-start=\"287\" data-end=\"624\">El <strong data-start=\"290\" data-end=\"310\">Cactus Pringleii<\/strong> es una <strong data-start=\"318\" data-end=\"359\">planta suculenta ic\u00f3nica y decorativa<\/strong>, ideal para jardines xer\u00f3filos, rocallas, terrazas y patios soleados. Su forma globular y compacta, junto con su color verde intenso y sus <strong data-start=\"499\" data-end=\"522\">espinas prominentes<\/strong>, lo convierten en una pieza central que aporta <strong data-start=\"570\" data-end=\"592\">car\u00e1cter y textura<\/strong> a cualquier espacio exterior.<\/p>\n<p data-start=\"626\" data-end=\"802\">Este cactus es perfecto para quienes buscan <strong data-start=\"670\" data-end=\"728\">dise\u00f1os de paisajismo moderno, des\u00e9rtico o minimalista<\/strong>, siendo <strong data-start=\"737\" data-end=\"799\">resistente, de bajo mantenimiento y de gran impacto visual<\/strong>.<\/p>\n<h4 data-start=\"804\" data-end=\"837\">Caracter\u00edsticas principales:<\/h4>\n<ul data-start=\"838\" data-end=\"1208\">\n<li data-start=\"838\" data-end=\"903\">\n<p data-start=\"840\" data-end=\"903\">Crecimiento lento, ideal para jardines de bajo mantenimiento.<\/p>\n<\/li>\n<li data-start=\"904\" data-end=\"966\">\n<p data-start=\"906\" data-end=\"966\">Altura de 0,5 a 1 metro; di\u00e1metro de roseta hasta 1 metro.<\/p>\n<\/li>\n<li data-start=\"967\" data-end=\"1048\">\n<p data-start=\"969\" data-end=\"1048\">Hojas transformadas en <strong data-start=\"992\" data-end=\"1011\">espinas r\u00edgidas<\/strong>, que protegen y decoran la planta.<\/p>\n<\/li>\n<li data-start=\"1049\" data-end=\"1114\">\n<p data-start=\"1051\" data-end=\"1114\">Planta perenne, muy resistente a la sequ\u00eda y a suelos pobres.<\/p>\n<\/li>\n<li data-start=\"1115\" data-end=\"1208\">\n<p data-start=\"1117\" data-end=\"1208\">Prefiere <strong data-start=\"1126\" data-end=\"1139\">pleno sol<\/strong>, suelos bien drenados y climas c\u00e1lidos; tolera semi-sombra ligera.<\/p>\n<\/li>\n<\/ul>\n<h4 data-start=\"1210\" data-end=\"1233\">Usos recomendados:<\/h4>\n<ul data-start=\"1234\" data-end=\"1405\">\n<li data-start=\"1234\" data-end=\"1267\">\n<p data-start=\"1236\" data-end=\"1267\">Jardines xer\u00f3filos y modernos<\/p>\n<\/li>\n<li data-start=\"1268\" data-end=\"1301\">\n<p data-start=\"1270\" data-end=\"1301\">Rocallas y patios decorativos<\/p>\n<\/li>\n<li data-start=\"1302\" data-end=\"1341\">\n<p data-start=\"1304\" data-end=\"1341\">Macetas grandes y terrazas soleadas<\/p>\n<\/li>\n<li data-start=\"1342\" data-end=\"1405\">\n<p data-start=\"1344\" data-end=\"1405\">Proyectos de paisajismo minimalista y de bajo mantenimiento<\/p>\n<\/li>\n<\/ul>\n<p data-start=\"1407\" data-end=\"1603\">El <strong data-start=\"1410\" data-end=\"1430\">Cactus Pringleii<\/strong> es ideal para quienes buscan una planta <strong data-start=\"1471\" data-end=\"1510\">resistente, llamativa y escult\u00f3rica<\/strong>, perfecta para aportar <strong data-start=\"1534\" data-end=\"1564\">textura, color y presencia<\/strong> a cualquier jard\u00edn, terraza o patio.<\/p>\n<p data-start=\"1605\" data-end=\"1719\">\ud83c\udf35 <em data-start=\"1608\" data-end=\"1717\">Disponible en diferentes tama\u00f1os. <\/em><\/p>","protected":false},"excerpt":{"rendered":"<p>\ud83d\udfe2 40\/50cm de di\u00e1metro<br \/>\n\ud83d\udfe2 Enmacetadas<br \/>\n\ud83d\udfe2 Posibilidad de entrega en domicilio<\/p>\n<p>Para m\u00e1s informaci\u00f3n, escr\u00edbanos a WhatsApp (+34) 644368939<\/p>","protected":false},"featured_media":6680,"comment_status":"open","ping_status":"closed","template":"","meta":{"give_campaign_id":0,"inline_featured_image":false},"product_brand":[],"product_cat":[72],"product_tag":[],"class_list":{"0":"post-6679","1":"product","2":"type-product","3":"status-publish","4":"has-post-thumbnail","6":"product_cat-cactus","7":"description-off","9":"first","10":"instock","11":"taxable","12":"shipping-taxable","13":"purchasable","14":"product-type-simple"},"_links":{"self":[{"href":"https:\/\/www.raizverde.com\/en\/wp-json\/wp\/v2\/product\/6679","targetHints":{"allow":["GET"]}}],"collection":[{"href":"https:\/\/www.raizverde.com\/en\/wp-json\/wp\/v2\/product"}],"about":[{"href":"https:\/\/www.raizverde.com\/en\/wp-json\/wp\/v2\/types\/product"}],"replies":[{"embeddable":true,"href":"https:\/\/www.raizverde.com\/en\/wp-json\/wp\/v2\/comments?post=6679"}],"wp:featuredmedia":[{"embeddable":true,"href":"https:\/\/www.raizverde.com\/en\/wp-json\/wp\/v2\/media\/6680"}],"wp:attachment":[{"href":"https:\/\/www.raizverde.com\/en\/wp-json\/wp\/v2\/media?parent=6679"}],"wp:term":[{"taxonomy":"product_brand","embeddable":true,"href":"https:\/\/www.raizverde.com\/en\/wp-json\/wp\/v2\/product_brand?post=6679"},{"taxonomy":"product_cat","embeddable":true,"href":"https:\/\/www.raizverde.com\/en\/wp-json\/wp\/v2\/product_cat?post=6679"},{"taxonomy":"product_tag","embeddable":true,"href":"https:\/\/www.raizverde.com\/en\/wp-json\/wp\/v2\/product_tag?post=6679"}],"curies":[{"name":"wp","href":"https:\/\/api.w.org\/{rel}","templated":true}]}}