{"id":6683,"date":"2026-01-14T13:29:16","date_gmt":"2026-01-14T12:29:16","guid":{"rendered":"https:\/\/staging.raizverde.com\/?post_type=product&#038;p=6683"},"modified":"2026-01-14T13:29:16","modified_gmt":"2026-01-14T12:29:16","slug":"ferocactus-stainesii","status":"publish","type":"product","link":"https:\/\/www.raizverde.com\/en\/product-2\/ferocactus-stainesii\/","title":{"rendered":"FEROCACTUS STAINESII"},"content":{"rendered":"<p data-start=\"127\" data-end=\"194\"><strong data-start=\"127\" data-end=\"194\">Ferocactus stainesii \u2013 Planta suculenta ornamental y resistente<\/strong><\/p>\n<p data-start=\"196\" data-end=\"558\">El <strong data-start=\"199\" data-end=\"223\">Ferocactus stainesii<\/strong> es un cactus ornamental de gran presencia y valor decorativo, ideal para jardines xer\u00f3filos, rocallas, terrazas y patios soleados. Su forma globosa a cil\u00edndrica, de color verde intenso, junto con sus marcadas costillas y espinas fuertes y vistosas, lo convierten en una planta escult\u00f3rica que destaca por s\u00ed sola en cualquier espacio.<\/p>\n<p data-start=\"560\" data-end=\"720\">Es una opci\u00f3n perfecta para proyectos de paisajismo des\u00e9rtico, moderno o minimalista, gracias a su alta resistencia, bajo mantenimiento y fuerte impacto visual.<\/p>\n<h3 data-start=\"722\" data-end=\"754\">Caracter\u00edsticas principales:<\/h3>\n<ul data-start=\"756\" data-end=\"1170\">\n<li data-start=\"756\" data-end=\"832\">\n<p data-start=\"758\" data-end=\"832\">Crecimiento lento a moderado, ideal para jardines de bajo mantenimiento.<\/p>\n<\/li>\n<li data-start=\"833\" data-end=\"909\">\n<p data-start=\"835\" data-end=\"909\">Puede alcanzar entre 0,6 y 1,5 metros de altura con el paso de los a\u00f1os.<\/p>\n<\/li>\n<li data-start=\"910\" data-end=\"991\">\n<p data-start=\"912\" data-end=\"991\">Tallos robustos con costillas bien definidas y espinas r\u00edgidas y decorativas.<\/p>\n<\/li>\n<li data-start=\"992\" data-end=\"1068\">\n<p data-start=\"994\" data-end=\"1068\">Planta perenne, extremadamente resistente a la sequ\u00eda y a suelos pobres.<\/p>\n<\/li>\n<li data-start=\"1069\" data-end=\"1170\">\n<p data-start=\"1071\" data-end=\"1170\">Prefiere pleno sol y suelos muy bien drenados; tolera climas c\u00e1lidos y secos, y ligera semi-sombra.<\/p>\n<\/li>\n<\/ul>\n<h3 data-start=\"1172\" data-end=\"1194\">Usos recomendados:<\/h3>\n<ul data-start=\"1196\" data-end=\"1378\">\n<li data-start=\"1196\" data-end=\"1231\">\n<p data-start=\"1198\" data-end=\"1231\">Jardines xer\u00f3filos y des\u00e9rticos<\/p>\n<\/li>\n<li data-start=\"1232\" data-end=\"1265\">\n<p data-start=\"1234\" data-end=\"1265\">Rocallas y patios decorativos<\/p>\n<\/li>\n<li data-start=\"1266\" data-end=\"1305\">\n<p data-start=\"1268\" data-end=\"1305\">Macetas grandes y terrazas soleadas<\/p>\n<\/li>\n<li data-start=\"1306\" data-end=\"1378\">\n<p data-start=\"1308\" data-end=\"1378\">Proyectos de paisajismo moderno, minimalista y de bajo mantenimiento<\/p>\n<\/li>\n<\/ul>\n<p data-start=\"1380\" data-end=\"1593\">El <strong data-start=\"1383\" data-end=\"1407\">Ferocactus stainesii<\/strong> es ideal para quienes buscan un cactus resistente, imponente y de aspecto escult\u00f3rico, perfecto para aportar textura, car\u00e1cter y personalidad a jardines, terrazas y espacios exteriores.<\/p>\n<p data-start=\"1595\" data-end=\"1635\">\ud83c\udf35 <strong data-start=\"1598\" data-end=\"1635\">Disponible en diferentes tama\u00f1os.<\/strong><\/p>","protected":false},"excerpt":{"rendered":"<p>\ud83d\udfe2 30cm de di\u00e1metro<br \/>\n\ud83d\udfe2 Enmacetadas<br \/>\n\ud83d\udfe2 Posibilidad de entrega en domicilio<\/p>\n<p>Para m\u00e1s informaci\u00f3n, escr\u00edbanos a WhatsApp (+34) 644368939<\/p>","protected":false},"featured_media":6684,"comment_status":"open","ping_status":"closed","template":"","meta":{"give_campaign_id":0,"inline_featured_image":false},"product_brand":[],"product_cat":[72],"product_tag":[],"class_list":{"0":"post-6683","1":"product","2":"type-product","3":"status-publish","4":"has-post-thumbnail","6":"product_cat-cactus","7":"description-off","9":"first","10":"instock","11":"taxable","12":"shipping-taxable","13":"purchasable","14":"product-type-simple"},"_links":{"self":[{"href":"https:\/\/www.raizverde.com\/en\/wp-json\/wp\/v2\/product\/6683","targetHints":{"allow":["GET"]}}],"collection":[{"href":"https:\/\/www.raizverde.com\/en\/wp-json\/wp\/v2\/product"}],"about":[{"href":"https:\/\/www.raizverde.com\/en\/wp-json\/wp\/v2\/types\/product"}],"replies":[{"embeddable":true,"href":"https:\/\/www.raizverde.com\/en\/wp-json\/wp\/v2\/comments?post=6683"}],"wp:featuredmedia":[{"embeddable":true,"href":"https:\/\/www.raizverde.com\/en\/wp-json\/wp\/v2\/media\/6684"}],"wp:attachment":[{"href":"https:\/\/www.raizverde.com\/en\/wp-json\/wp\/v2\/media?parent=6683"}],"wp:term":[{"taxonomy":"product_brand","embeddable":true,"href":"https:\/\/www.raizverde.com\/en\/wp-json\/wp\/v2\/product_brand?post=6683"},{"taxonomy":"product_cat","embeddable":true,"href":"https:\/\/www.raizverde.com\/en\/wp-json\/wp\/v2\/product_cat?post=6683"},{"taxonomy":"product_tag","embeddable":true,"href":"https:\/\/www.raizverde.com\/en\/wp-json\/wp\/v2\/product_tag?post=6683"}],"curies":[{"name":"wp","href":"https:\/\/api.w.org\/{rel}","templated":true}]}}