{"id":6685,"date":"2026-01-14T13:39:04","date_gmt":"2026-01-14T12:39:04","guid":{"rendered":"https:\/\/staging.raizverde.com\/?post_type=product&#038;p=6685"},"modified":"2026-01-14T13:39:04","modified_gmt":"2026-01-14T12:39:04","slug":"polaskia-1-00-1-20m","status":"publish","type":"product","link":"https:\/\/www.raizverde.com\/en\/product-2\/polaskia-1-00-1-20m\/","title":{"rendered":"POLASKIA 1.00\/1.20M"},"content":{"rendered":"<p data-start=\"111\" data-end=\"165\"><strong data-start=\"111\" data-end=\"165\">Polaskia \u2013 Cactus columnar ornamental y resistente<\/strong><\/p>\n<p data-start=\"167\" data-end=\"503\">La <strong data-start=\"170\" data-end=\"182\">Polaskia<\/strong> es un cactus columnar elegante y muy decorativo, ideal para jardines xer\u00f3filos, paisajismo des\u00e9rtico, patios amplios y terrazas soleadas. Su crecimiento vertical, tallos verde gris\u00e1ceos y porte arquitect\u00f3nico la convierten en una excelente opci\u00f3n para crear puntos focales y estructuras naturales en espacios exteriores.<\/p>\n<p data-start=\"505\" data-end=\"643\">Es una planta muy apreciada en dise\u00f1os de paisajismo moderno y minimalista por su resistencia, bajo mantenimiento y fuerte impacto visual.<\/p>\n<h3 data-start=\"645\" data-end=\"677\">Caracter\u00edsticas principales:<\/h3>\n<ul data-start=\"679\" data-end=\"1078\">\n<li data-start=\"679\" data-end=\"755\">\n<p data-start=\"681\" data-end=\"755\">Crecimiento lento a moderado, con porte columnar ramificado con la edad.<\/p>\n<\/li>\n<li data-start=\"756\" data-end=\"827\">\n<p data-start=\"758\" data-end=\"827\">Puede alcanzar entre 3 y 5 metros de altura en condiciones \u00f3ptimas.<\/p>\n<\/li>\n<li data-start=\"828\" data-end=\"908\">\n<p data-start=\"830\" data-end=\"908\">Tallos cil\u00edndricos con costillas bien marcadas y espinas cortas y discretas.<\/p>\n<\/li>\n<li data-start=\"909\" data-end=\"980\">\n<p data-start=\"911\" data-end=\"980\">Planta perenne, altamente resistente a la sequ\u00eda y a suelos pobres.<\/p>\n<\/li>\n<li data-start=\"981\" data-end=\"1078\">\n<p data-start=\"983\" data-end=\"1078\">Prefiere pleno sol y suelos bien drenados; tolera climas c\u00e1lidos y secos, y ligera semi-sombra.<\/p>\n<\/li>\n<\/ul>\n<h3 data-start=\"1080\" data-end=\"1102\">Usos recomendados:<\/h3>\n<ul data-start=\"1104\" data-end=\"1258\">\n<li data-start=\"1104\" data-end=\"1139\">\n<p data-start=\"1106\" data-end=\"1139\">Jardines xer\u00f3filos y des\u00e9rticos<\/p>\n<\/li>\n<li data-start=\"1140\" data-end=\"1176\">\n<p data-start=\"1142\" data-end=\"1176\">Paisajismo moderno y minimalista<\/p>\n<\/li>\n<li data-start=\"1177\" data-end=\"1218\">\n<p data-start=\"1179\" data-end=\"1218\">Patios amplios y entradas decorativas<\/p>\n<\/li>\n<li data-start=\"1219\" data-end=\"1258\">\n<p data-start=\"1221\" data-end=\"1258\">Macetas grandes y terrazas soleadas<\/p>\n<\/li>\n<\/ul>\n<p data-start=\"1260\" data-end=\"1484\">La <strong data-start=\"1263\" data-end=\"1275\">Polaskia<\/strong> es ideal para quienes buscan un cactus de gran porte, resistente y elegante, perfecto para aportar verticalidad, estructura y personalidad a jardines, terrazas y proyectos de paisajismo de bajo mantenimiento.<\/p>\n<p data-start=\"1486\" data-end=\"1526\">\ud83c\udf35 <strong data-start=\"1489\" data-end=\"1526\">Disponible en diferentes tama\u00f1os.<\/strong><\/p>","protected":false},"excerpt":{"rendered":"<p>\ud83d\udfe2 1.00\/1.20m de altura<br \/>\n\ud83d\udfe2 Enmacetadas<br \/>\n\ud83d\udfe2 Posibilidad de entrega en domicilio<\/p>\n<p>Para m\u00e1s informaci\u00f3n, escr\u00edbanos a WhatsApp (+34) 644368939<\/p>","protected":false},"featured_media":6686,"comment_status":"open","ping_status":"closed","template":"","meta":{"give_campaign_id":0,"inline_featured_image":false},"product_brand":[],"product_cat":[72],"product_tag":[],"class_list":{"0":"post-6685","1":"product","2":"type-product","3":"status-publish","4":"has-post-thumbnail","6":"product_cat-cactus","7":"description-off","9":"first","10":"instock","11":"taxable","12":"shipping-taxable","13":"purchasable","14":"product-type-simple"},"_links":{"self":[{"href":"https:\/\/www.raizverde.com\/en\/wp-json\/wp\/v2\/product\/6685","targetHints":{"allow":["GET"]}}],"collection":[{"href":"https:\/\/www.raizverde.com\/en\/wp-json\/wp\/v2\/product"}],"about":[{"href":"https:\/\/www.raizverde.com\/en\/wp-json\/wp\/v2\/types\/product"}],"replies":[{"embeddable":true,"href":"https:\/\/www.raizverde.com\/en\/wp-json\/wp\/v2\/comments?post=6685"}],"wp:featuredmedia":[{"embeddable":true,"href":"https:\/\/www.raizverde.com\/en\/wp-json\/wp\/v2\/media\/6686"}],"wp:attachment":[{"href":"https:\/\/www.raizverde.com\/en\/wp-json\/wp\/v2\/media?parent=6685"}],"wp:term":[{"taxonomy":"product_brand","embeddable":true,"href":"https:\/\/www.raizverde.com\/en\/wp-json\/wp\/v2\/product_brand?post=6685"},{"taxonomy":"product_cat","embeddable":true,"href":"https:\/\/www.raizverde.com\/en\/wp-json\/wp\/v2\/product_cat?post=6685"},{"taxonomy":"product_tag","embeddable":true,"href":"https:\/\/www.raizverde.com\/en\/wp-json\/wp\/v2\/product_tag?post=6685"}],"curies":[{"name":"wp","href":"https:\/\/api.w.org\/{rel}","templated":true}]}}