{"id":6717,"date":"2026-01-15T17:58:36","date_gmt":"2026-01-15T16:58:36","guid":{"rendered":"https:\/\/staging.raizverde.com\/?post_type=product&#038;p=6717"},"modified":"2026-01-15T17:58:36","modified_gmt":"2026-01-15T16:58:36","slug":"vatricania-50-60cm","status":"publish","type":"product","link":"https:\/\/www.raizverde.com\/en\/product-2\/vatricania-50-60cm\/","title":{"rendered":"VATRICANIA 50\/60CM"},"content":{"rendered":"<p data-start=\"101\" data-end=\"157\"><strong data-start=\"101\" data-end=\"157\">Vatricania \u2013 Cactus columnar ornamental y resistente<\/strong><\/p>\n<p data-start=\"159\" data-end=\"443\">La <strong data-start=\"162\" data-end=\"176\">Vatricania<\/strong> es un cactus columnar de gran presencia, muy valorado por su <strong data-start=\"238\" data-end=\"279\">porte robusto y arquitectura vertical<\/strong>. Es ideal para <strong data-start=\"295\" data-end=\"375\">jardines xer\u00f3filos, paisajismo des\u00e9rtico, patios amplios y terrazas soleadas<\/strong>, donde aporta estructura, volumen y un marcado car\u00e1cter ornamental.<\/p>\n<p data-start=\"445\" data-end=\"587\">Destaca en proyectos de <strong data-start=\"469\" data-end=\"515\">paisajismo moderno y de bajo mantenimiento<\/strong> gracias a su resistencia, crecimiento ordenado y fuerte impacto visual.<\/p>\n<h3 data-start=\"589\" data-end=\"621\">Caracter\u00edsticas principales:<\/h3>\n<ul data-start=\"623\" data-end=\"1080\">\n<li data-start=\"623\" data-end=\"714\">\n<p data-start=\"625\" data-end=\"714\">Crecimiento <strong data-start=\"637\" data-end=\"657\">lento a moderado<\/strong>, con porte columnar que puede ramificarse con la edad.<\/p>\n<\/li>\n<li data-start=\"715\" data-end=\"790\">\n<p data-start=\"717\" data-end=\"790\">Puede alcanzar entre <strong data-start=\"738\" data-end=\"764\">3 y 6 metros de altura<\/strong> en condiciones \u00f3ptimas.<\/p>\n<\/li>\n<li data-start=\"791\" data-end=\"888\">\n<p data-start=\"793\" data-end=\"888\">Tallos cil\u00edndricos de color <strong data-start=\"821\" data-end=\"839\">verde gris\u00e1ceo<\/strong>, con costillas bien marcadas y espinas cortas.<\/p>\n<\/li>\n<li data-start=\"889\" data-end=\"974\">\n<p data-start=\"891\" data-end=\"974\">Planta perenne, <strong data-start=\"907\" data-end=\"943\">altamente resistente a la sequ\u00eda<\/strong> y adaptable a suelos pobres.<\/p>\n<\/li>\n<li data-start=\"975\" data-end=\"1025\">\n<p data-start=\"977\" data-end=\"1025\">Prefiere <strong data-start=\"986\" data-end=\"999\">pleno sol<\/strong> y suelos bien drenados.<\/p>\n<\/li>\n<li data-start=\"1026\" data-end=\"1080\">\n<p data-start=\"1028\" data-end=\"1080\">Tolera climas c\u00e1lidos y secos, y ligera semi-sombra.<\/p>\n<\/li>\n<\/ul>\n<h3 data-start=\"1082\" data-end=\"1104\">Usos recomendados:<\/h3>\n<ul data-start=\"1106\" data-end=\"1260\">\n<li data-start=\"1106\" data-end=\"1141\">\n<p data-start=\"1108\" data-end=\"1141\">Jardines xer\u00f3filos y des\u00e9rticos<\/p>\n<\/li>\n<li data-start=\"1142\" data-end=\"1178\">\n<p data-start=\"1144\" data-end=\"1178\">Paisajismo moderno y minimalista<\/p>\n<\/li>\n<li data-start=\"1179\" data-end=\"1220\">\n<p data-start=\"1181\" data-end=\"1220\">Patios amplios y entradas decorativas<\/p>\n<\/li>\n<li data-start=\"1221\" data-end=\"1260\">\n<p data-start=\"1223\" data-end=\"1260\">Macetas grandes y terrazas soleadas<\/p>\n<\/li>\n<\/ul>\n<p data-start=\"1262\" data-end=\"1485\">La <strong data-start=\"1265\" data-end=\"1279\">Vatricania<\/strong> es ideal para quienes buscan un cactus <strong data-start=\"1319\" data-end=\"1355\">elegante, fuerte y de gran porte<\/strong>, perfecto para aportar verticalidad, estructura y personalidad a jardines y proyectos de paisajismo con <strong data-start=\"1460\" data-end=\"1484\">m\u00ednimo mantenimiento<\/strong>.<\/p>\n<p data-start=\"1487\" data-end=\"1527\">\ud83c\udf35 <strong data-start=\"1490\" data-end=\"1527\">Disponible en diferentes tama\u00f1os<\/strong><\/p>","protected":false},"excerpt":{"rendered":"<p>\ud83d\udfe2 50\/60cm de altura<br \/>\n\ud83d\udfe2 Enmacetadas<br \/>\n\ud83d\udfe2 Posibilidad de entrega en domicilio<\/p>\n<p>Para m\u00e1s informaci\u00f3n, escr\u00edbanos a WhatsApp (+34) 644368939<\/p>","protected":false},"featured_media":6718,"comment_status":"open","ping_status":"closed","template":"","meta":{"give_campaign_id":0,"inline_featured_image":false},"product_brand":[],"product_cat":[72],"product_tag":[],"class_list":{"0":"post-6717","1":"product","2":"type-product","3":"status-publish","4":"has-post-thumbnail","6":"product_cat-cactus","7":"description-off","9":"first","10":"instock","11":"taxable","12":"shipping-taxable","13":"product-type-simple"},"_links":{"self":[{"href":"https:\/\/www.raizverde.com\/en\/wp-json\/wp\/v2\/product\/6717","targetHints":{"allow":["GET"]}}],"collection":[{"href":"https:\/\/www.raizverde.com\/en\/wp-json\/wp\/v2\/product"}],"about":[{"href":"https:\/\/www.raizverde.com\/en\/wp-json\/wp\/v2\/types\/product"}],"replies":[{"embeddable":true,"href":"https:\/\/www.raizverde.com\/en\/wp-json\/wp\/v2\/comments?post=6717"}],"wp:featuredmedia":[{"embeddable":true,"href":"https:\/\/www.raizverde.com\/en\/wp-json\/wp\/v2\/media\/6718"}],"wp:attachment":[{"href":"https:\/\/www.raizverde.com\/en\/wp-json\/wp\/v2\/media?parent=6717"}],"wp:term":[{"taxonomy":"product_brand","embeddable":true,"href":"https:\/\/www.raizverde.com\/en\/wp-json\/wp\/v2\/product_brand?post=6717"},{"taxonomy":"product_cat","embeddable":true,"href":"https:\/\/www.raizverde.com\/en\/wp-json\/wp\/v2\/product_cat?post=6717"},{"taxonomy":"product_tag","embeddable":true,"href":"https:\/\/www.raizverde.com\/en\/wp-json\/wp\/v2\/product_tag?post=6717"}],"curies":[{"name":"wp","href":"https:\/\/api.w.org\/{rel}","templated":true}]}}